{"id":7917,"date":"2018-02-16T17:13:29","date_gmt":"2018-02-16T17:13:29","guid":{"rendered":"http:\/\/www.uecornella.cat\/salut-i-futbol\/escoliosi\/"},"modified":"2018-02-16T17:13:33","modified_gmt":"2018-02-16T17:13:33","slug":"escoliosi","status":"publish","type":"page","link":"https:\/\/www.uecornella.cat\/ca\/salut-i-futbol\/escoliosi\/","title":{"rendered":"Escoliosi"},"content":{"rendered":"<div class=\"wpb-content-wrapper\"><p>[vc_row][vc_column width=&#8221;1\/3&#8243;][vc_single_image image=&#8221;6842&#8243; img_size=&#8221;full&#8221;][\/vc_column][vc_column width=&#8221;2\/3&#8243;][vc_column_text]Aquest article, realitzat pel nostre Fisioterapeuta, Sergi Villanueva i Serra, ens explica tots els aspectes relacionats amb la &#8220;eina&#8221; b\u00e0sica dels nostres esportistes, aix\u00ed com conceptes i consells a tenir en compte per una bona cura dels peus i el cal\u00e7at. Sergi ha elaborat un document de gran utilitat tant per als propis jugadors com per les seves fam\u00edlies. El condicionament del cal\u00e7at, les ungles, els mitjons i tot un seguit d&#8217;elements que afecten a tota persona, per\u00f2 m\u00e9s espec\u00edficament als futbolistes, s\u00f3n tractats en l&#8217;article seg\u00fcent. Per descarregar-lo, nom\u00e9s has de fer clic a l&#8217;enlla\u00e7:[\/vc_column_text][vc_btn title=&#8221;Descarregar&#8221; align=&#8221;right&#8221; i_icon_fontawesome=&#8221;fa fa-file-pdf-o&#8221; add_icon=&#8221;true&#8221; link=&#8221;url:http%3A%2F%2Fwww.uecornella.cat%2Fwp-content%2Fuploads%2F2017%2F11%2FEscoliosis.pdf|&#8221;][\/vc_column][\/vc_row]<\/p>\n<\/div>","protected":false},"excerpt":{"rendered":"<p>[vc_row][vc_column width=&#8221;1\/3&#8243;][vc_single_image image=&#8221;6842&#8243; img_size=&#8221;full&#8221;][\/vc_column][vc_column width=&#8221;2\/3&#8243;][vc_column_text]Aquest article, realitzat pel nostre Fisioterapeuta, Sergi Villanueva i Serra, ens explica tots els aspectes relacionats amb la &#8220;eina&#8221; b\u00e0sica dels nostres esportistes, aix\u00ed com conceptes i consells a tenir en compte per una bona cura dels peus i el cal\u00e7at. Sergi ha elaborat un document de gran utilitat tant per [&hellip;]<\/p>\n","protected":false},"author":1,"featured_media":0,"parent":7902,"menu_order":4,"comment_status":"closed","ping_status":"closed","template":"","meta":{"_acf_changed":false,"footnotes":""},"class_list":["post-7917","page","type-page","status-publish","hentry"],"acf":[],"yoast_head":"<!-- This site is optimized with the Yoast SEO plugin v25.8 - https:\/\/yoast.com\/wordpress\/plugins\/seo\/ -->\n<title>Escoliosi - Uni\u00f3 Esportiva Cornell\u00e0<\/title>\n<meta name=\"robots\" content=\"index, follow, max-snippet:-1, max-image-preview:large, max-video-preview:-1\" \/>\n<link rel=\"canonical\" href=\"https:\/\/www.uecornella.cat\/ca\/salut-i-futbol\/escoliosi\/\" \/>\n<meta property=\"og:locale\" content=\"ca_ES\" \/>\n<meta property=\"og:type\" content=\"article\" \/>\n<meta property=\"og:title\" content=\"Escoliosi - Uni\u00f3 Esportiva Cornell\u00e0\" \/>\n<meta property=\"og:description\" content=\"[vc_row][vc_column width=&#8221;1\/3&#8243;][vc_single_image image=&#8221;6842&#8243; img_size=&#8221;full&#8221;][\/vc_column][vc_column width=&#8221;2\/3&#8243;][vc_column_text]Aquest article, realitzat pel nostre Fisioterapeuta, Sergi Villanueva i Serra, ens explica tots els aspectes relacionats amb la &#8220;eina&#8221; b\u00e0sica dels nostres esportistes, aix\u00ed com conceptes i consells a tenir en compte per una bona cura dels peus i el cal\u00e7at. Sergi ha elaborat un document de gran utilitat tant per [&hellip;]\" \/>\n<meta property=\"og:url\" content=\"https:\/\/www.uecornella.cat\/ca\/salut-i-futbol\/escoliosi\/\" \/>\n<meta property=\"og:site_name\" content=\"Uni\u00f3 Esportiva Cornell\u00e0\" \/>\n<meta property=\"article:publisher\" content=\"https:\/\/www.facebook.com\/UECornella?fref=ts\" \/>\n<meta property=\"article:modified_time\" content=\"2018-02-16T17:13:33+00:00\" \/>\n<meta name=\"twitter:card\" content=\"summary_large_image\" \/>\n<meta name=\"twitter:site\" content=\"@ue_cornella\" \/>\n<meta name=\"twitter:label1\" content=\"Temps estimat de lectura\" \/>\n\t<meta name=\"twitter:data1\" content=\"1 minut\" \/>\n<script type=\"application\/ld+json\" class=\"yoast-schema-graph\">{\"@context\":\"https:\/\/schema.org\",\"@graph\":[{\"@type\":\"WebPage\",\"@id\":\"https:\/\/www.uecornella.cat\/ca\/salut-i-futbol\/escoliosi\/\",\"url\":\"https:\/\/www.uecornella.cat\/ca\/salut-i-futbol\/escoliosi\/\",\"name\":\"Escoliosi - Uni\u00f3 Esportiva Cornell\u00e0\",\"isPartOf\":{\"@id\":\"https:\/\/www.uecornella.cat\/ca\/#website\"},\"datePublished\":\"2018-02-16T17:13:29+00:00\",\"dateModified\":\"2018-02-16T17:13:33+00:00\",\"breadcrumb\":{\"@id\":\"https:\/\/www.uecornella.cat\/ca\/salut-i-futbol\/escoliosi\/#breadcrumb\"},\"inLanguage\":\"ca\",\"potentialAction\":[{\"@type\":\"ReadAction\",\"target\":[\"https:\/\/www.uecornella.cat\/ca\/salut-i-futbol\/escoliosi\/\"]}]},{\"@type\":\"BreadcrumbList\",\"@id\":\"https:\/\/www.uecornella.cat\/ca\/salut-i-futbol\/escoliosi\/#breadcrumb\",\"itemListElement\":[{\"@type\":\"ListItem\",\"position\":1,\"name\":\"Portada\",\"item\":\"https:\/\/www.uecornella.cat\/ca\/\"},{\"@type\":\"ListItem\",\"position\":2,\"name\":\"Salut i Futbol\",\"item\":\"https:\/\/www.uecornella.cat\/ca\/salut-i-futbol\/\"},{\"@type\":\"ListItem\",\"position\":3,\"name\":\"Escoliosi\"}]},{\"@type\":\"WebSite\",\"@id\":\"https:\/\/www.uecornella.cat\/ca\/#website\",\"url\":\"https:\/\/www.uecornella.cat\/ca\/\",\"name\":\"Uni\u00f3 Esportiva Cornell\u00e0\",\"description\":\"Escuela de f\u00fatbol y club de f\u00fatbol de Cornell\u00e0\",\"publisher\":{\"@id\":\"https:\/\/www.uecornella.cat\/ca\/#organization\"},\"potentialAction\":[{\"@type\":\"SearchAction\",\"target\":{\"@type\":\"EntryPoint\",\"urlTemplate\":\"https:\/\/www.uecornella.cat\/ca\/?s={search_term_string}\"},\"query-input\":{\"@type\":\"PropertyValueSpecification\",\"valueRequired\":true,\"valueName\":\"search_term_string\"}}],\"inLanguage\":\"ca\"},{\"@type\":\"Organization\",\"@id\":\"https:\/\/www.uecornella.cat\/ca\/#organization\",\"name\":\"Uni\u00f3 Esportiva Cornell\u00e0\",\"url\":\"https:\/\/www.uecornella.cat\/ca\/\",\"logo\":{\"@type\":\"ImageObject\",\"inLanguage\":\"ca\",\"@id\":\"https:\/\/www.uecornella.cat\/ca\/#\/schema\/logo\/image\/\",\"url\":\"https:\/\/www.uecornella.cat\/wp-content\/uploads\/2022\/01\/apple-icon-144x144-1.png\",\"contentUrl\":\"https:\/\/www.uecornella.cat\/wp-content\/uploads\/2022\/01\/apple-icon-144x144-1.png\",\"width\":144,\"height\":144,\"caption\":\"Uni\u00f3 Esportiva Cornell\u00e0\"},\"image\":{\"@id\":\"https:\/\/www.uecornella.cat\/ca\/#\/schema\/logo\/image\/\"},\"sameAs\":[\"https:\/\/www.facebook.com\/UECornella?fref=ts\",\"https:\/\/x.com\/ue_cornella\",\"http:\/\/instagram.com\/uecornella\",\"https:\/\/www.youtube.com\/channel\/UCcwgya5MdVvxRn_MeD6A0vg\"]}]}<\/script>\n<!-- \/ Yoast SEO plugin. -->","yoast_head_json":{"title":"Escoliosi - Uni\u00f3 Esportiva Cornell\u00e0","robots":{"index":"index","follow":"follow","max-snippet":"max-snippet:-1","max-image-preview":"max-image-preview:large","max-video-preview":"max-video-preview:-1"},"canonical":"https:\/\/www.uecornella.cat\/ca\/salut-i-futbol\/escoliosi\/","og_locale":"ca_ES","og_type":"article","og_title":"Escoliosi - Uni\u00f3 Esportiva Cornell\u00e0","og_description":"[vc_row][vc_column width=&#8221;1\/3&#8243;][vc_single_image image=&#8221;6842&#8243; img_size=&#8221;full&#8221;][\/vc_column][vc_column width=&#8221;2\/3&#8243;][vc_column_text]Aquest article, realitzat pel nostre Fisioterapeuta, Sergi Villanueva i Serra, ens explica tots els aspectes relacionats amb la &#8220;eina&#8221; b\u00e0sica dels nostres esportistes, aix\u00ed com conceptes i consells a tenir en compte per una bona cura dels peus i el cal\u00e7at. Sergi ha elaborat un document de gran utilitat tant per [&hellip;]","og_url":"https:\/\/www.uecornella.cat\/ca\/salut-i-futbol\/escoliosi\/","og_site_name":"Uni\u00f3 Esportiva Cornell\u00e0","article_publisher":"https:\/\/www.facebook.com\/UECornella?fref=ts","article_modified_time":"2018-02-16T17:13:33+00:00","twitter_card":"summary_large_image","twitter_site":"@ue_cornella","twitter_misc":{"Temps estimat de lectura":"1 minut"},"schema":{"@context":"https:\/\/schema.org","@graph":[{"@type":"WebPage","@id":"https:\/\/www.uecornella.cat\/ca\/salut-i-futbol\/escoliosi\/","url":"https:\/\/www.uecornella.cat\/ca\/salut-i-futbol\/escoliosi\/","name":"Escoliosi - Uni\u00f3 Esportiva Cornell\u00e0","isPartOf":{"@id":"https:\/\/www.uecornella.cat\/ca\/#website"},"datePublished":"2018-02-16T17:13:29+00:00","dateModified":"2018-02-16T17:13:33+00:00","breadcrumb":{"@id":"https:\/\/www.uecornella.cat\/ca\/salut-i-futbol\/escoliosi\/#breadcrumb"},"inLanguage":"ca","potentialAction":[{"@type":"ReadAction","target":["https:\/\/www.uecornella.cat\/ca\/salut-i-futbol\/escoliosi\/"]}]},{"@type":"BreadcrumbList","@id":"https:\/\/www.uecornella.cat\/ca\/salut-i-futbol\/escoliosi\/#breadcrumb","itemListElement":[{"@type":"ListItem","position":1,"name":"Portada","item":"https:\/\/www.uecornella.cat\/ca\/"},{"@type":"ListItem","position":2,"name":"Salut i Futbol","item":"https:\/\/www.uecornella.cat\/ca\/salut-i-futbol\/"},{"@type":"ListItem","position":3,"name":"Escoliosi"}]},{"@type":"WebSite","@id":"https:\/\/www.uecornella.cat\/ca\/#website","url":"https:\/\/www.uecornella.cat\/ca\/","name":"Uni\u00f3 Esportiva Cornell\u00e0","description":"Escuela de f\u00fatbol y club de f\u00fatbol de Cornell\u00e0","publisher":{"@id":"https:\/\/www.uecornella.cat\/ca\/#organization"},"potentialAction":[{"@type":"SearchAction","target":{"@type":"EntryPoint","urlTemplate":"https:\/\/www.uecornella.cat\/ca\/?s={search_term_string}"},"query-input":{"@type":"PropertyValueSpecification","valueRequired":true,"valueName":"search_term_string"}}],"inLanguage":"ca"},{"@type":"Organization","@id":"https:\/\/www.uecornella.cat\/ca\/#organization","name":"Uni\u00f3 Esportiva Cornell\u00e0","url":"https:\/\/www.uecornella.cat\/ca\/","logo":{"@type":"ImageObject","inLanguage":"ca","@id":"https:\/\/www.uecornella.cat\/ca\/#\/schema\/logo\/image\/","url":"https:\/\/www.uecornella.cat\/wp-content\/uploads\/2022\/01\/apple-icon-144x144-1.png","contentUrl":"https:\/\/www.uecornella.cat\/wp-content\/uploads\/2022\/01\/apple-icon-144x144-1.png","width":144,"height":144,"caption":"Uni\u00f3 Esportiva Cornell\u00e0"},"image":{"@id":"https:\/\/www.uecornella.cat\/ca\/#\/schema\/logo\/image\/"},"sameAs":["https:\/\/www.facebook.com\/UECornella?fref=ts","https:\/\/x.com\/ue_cornella","http:\/\/instagram.com\/uecornella","https:\/\/www.youtube.com\/channel\/UCcwgya5MdVvxRn_MeD6A0vg"]}]}},"_links":{"self":[{"href":"https:\/\/www.uecornella.cat\/ca\/wp-json\/wp\/v2\/pages\/7917","targetHints":{"allow":["GET"]}}],"collection":[{"href":"https:\/\/www.uecornella.cat\/ca\/wp-json\/wp\/v2\/pages"}],"about":[{"href":"https:\/\/www.uecornella.cat\/ca\/wp-json\/wp\/v2\/types\/page"}],"author":[{"embeddable":true,"href":"https:\/\/www.uecornella.cat\/ca\/wp-json\/wp\/v2\/users\/1"}],"replies":[{"embeddable":true,"href":"https:\/\/www.uecornella.cat\/ca\/wp-json\/wp\/v2\/comments?post=7917"}],"version-history":[{"count":2,"href":"https:\/\/www.uecornella.cat\/ca\/wp-json\/wp\/v2\/pages\/7917\/revisions"}],"predecessor-version":[{"id":7919,"href":"https:\/\/www.uecornella.cat\/ca\/wp-json\/wp\/v2\/pages\/7917\/revisions\/7919"}],"up":[{"embeddable":true,"href":"https:\/\/www.uecornella.cat\/ca\/wp-json\/wp\/v2\/pages\/7902"}],"wp:attachment":[{"href":"https:\/\/www.uecornella.cat\/ca\/wp-json\/wp\/v2\/media?parent=7917"}],"curies":[{"name":"wp","href":"https:\/\/api.w.org\/{rel}","templated":true}]}}