{"id":7903,"date":"2018-02-16T17:00:19","date_gmt":"2018-02-16T17:00:19","guid":{"rendered":"http:\/\/www.uecornella.cat\/salut-i-futbol\/dolor-desquena\/"},"modified":"2018-02-16T17:00:22","modified_gmt":"2018-02-16T17:00:22","slug":"dolor-desquena","status":"publish","type":"page","link":"https:\/\/uecornella.cat\/ca\/salut-i-futbol\/dolor-desquena\/","title":{"rendered":"Dolor d&#8217;Esquena"},"content":{"rendered":"<div class=\"wpb-content-wrapper\"><p>[vc_row][vc_column width=&#8221;1\/3&#8243;][vc_single_image image=&#8221;6846&#8243; img_size=&#8221;full&#8221;][\/vc_column][vc_column width=&#8221;2\/3&#8243;][vc_column_text]El nostre Fisioterapeuta Antoni Grau, ens brinda un nou article relacionat amb l&#8217;esquena. Una zona delicada i de la qual molts vam patir dolor i \/ o mol\u00e8sties. Per\u00f2 Antoni ens comenta que tot dolor a l&#8217;esquena no \u00e9s per una contractura, una cosa que tendim a pensar, sin\u00f3 que pot arribar a ser una mol\u00e8stia causa d&#8217;un altre tipus de lesi\u00f3. D&#8217;aqu\u00ed el nom de l&#8217;article, Mal d&#8217;esquena: m\u00e9s enll\u00e0 de les contractures.<\/p>\n<p>Moltes gr\u00e0cies a Antoni Grau especialment, i al nostre magn\u00edfic equip de fisios en general per ampliar la nostra biblioteca de salut i futbol poc a poc, i que d&#8217;aquesta manera, puguem accedir al web i descarregar-nos gratu\u00eftament guies d&#8217;ajuda davant diferents tipus de situacions realitzades per especialistes en la mat\u00e8ria. Clic en el seg\u00fcent enlla\u00e7 per descarregar-vos el fitxer:[\/vc_column_text][vc_btn title=&#8221;Descarregar&#8221; align=&#8221;right&#8221; i_icon_fontawesome=&#8221;fa fa-file-pdf-o&#8221; add_icon=&#8221;true&#8221; link=&#8221;url:http%3A%2F%2Fwww.uecornella.cat%2Fwp-content%2Fuploads%2F2017%2F11%2FDolor_espalda.pdf|&#8221;][\/vc_column][\/vc_row]<\/p>\n<\/div>","protected":false},"excerpt":{"rendered":"<p>[vc_row][vc_column width=&#8221;1\/3&#8243;][vc_single_image image=&#8221;6846&#8243; img_size=&#8221;full&#8221;][\/vc_column][vc_column width=&#8221;2\/3&#8243;][vc_column_text]El nostre Fisioterapeuta Antoni Grau, ens brinda un nou article relacionat amb l&#8217;esquena. Una zona delicada i de la qual molts vam patir dolor i \/ o mol\u00e8sties. Per\u00f2 Antoni ens comenta que tot dolor a l&#8217;esquena no \u00e9s per una contractura, una cosa que tendim a pensar, sin\u00f3 que pot [&hellip;]<\/p>\n","protected":false},"author":1,"featured_media":0,"parent":7902,"menu_order":0,"comment_status":"closed","ping_status":"closed","template":"","meta":{"_acf_changed":false,"footnotes":""},"class_list":["post-7903","page","type-page","status-publish","hentry"],"acf":[],"yoast_head":"<!-- This site is optimized with the Yoast SEO plugin v25.8 - https:\/\/yoast.com\/wordpress\/plugins\/seo\/ -->\n<title>Dolor d&#039;Esquena - Uni\u00f3 Esportiva Cornell\u00e0<\/title>\n<meta name=\"robots\" content=\"index, follow, max-snippet:-1, max-image-preview:large, max-video-preview:-1\" \/>\n<link rel=\"canonical\" href=\"https:\/\/uecornella.cat\/ca\/salut-i-futbol\/dolor-desquena\/\" \/>\n<meta property=\"og:locale\" content=\"ca_ES\" \/>\n<meta property=\"og:type\" content=\"article\" \/>\n<meta property=\"og:title\" content=\"Dolor d&#039;Esquena - Uni\u00f3 Esportiva Cornell\u00e0\" \/>\n<meta property=\"og:description\" content=\"[vc_row][vc_column width=&#8221;1\/3&#8243;][vc_single_image image=&#8221;6846&#8243; img_size=&#8221;full&#8221;][\/vc_column][vc_column width=&#8221;2\/3&#8243;][vc_column_text]El nostre Fisioterapeuta Antoni Grau, ens brinda un nou article relacionat amb l&#8217;esquena. Una zona delicada i de la qual molts vam patir dolor i \/ o mol\u00e8sties. Per\u00f2 Antoni ens comenta que tot dolor a l&#8217;esquena no \u00e9s per una contractura, una cosa que tendim a pensar, sin\u00f3 que pot [&hellip;]\" \/>\n<meta property=\"og:url\" content=\"https:\/\/uecornella.cat\/ca\/salut-i-futbol\/dolor-desquena\/\" \/>\n<meta property=\"og:site_name\" content=\"Uni\u00f3 Esportiva Cornell\u00e0\" \/>\n<meta property=\"article:publisher\" content=\"https:\/\/www.facebook.com\/UECornella?fref=ts\" \/>\n<meta property=\"article:modified_time\" content=\"2018-02-16T17:00:22+00:00\" \/>\n<meta name=\"twitter:card\" content=\"summary_large_image\" \/>\n<meta name=\"twitter:site\" content=\"@ue_cornella\" \/>\n<meta name=\"twitter:label1\" content=\"Temps estimat de lectura\" \/>\n\t<meta name=\"twitter:data1\" content=\"1 minut\" \/>\n<script type=\"application\/ld+json\" class=\"yoast-schema-graph\">{\"@context\":\"https:\/\/schema.org\",\"@graph\":[{\"@type\":\"WebPage\",\"@id\":\"https:\/\/uecornella.cat\/ca\/salut-i-futbol\/dolor-desquena\/\",\"url\":\"https:\/\/uecornella.cat\/ca\/salut-i-futbol\/dolor-desquena\/\",\"name\":\"Dolor d'Esquena - Uni\u00f3 Esportiva Cornell\u00e0\",\"isPartOf\":{\"@id\":\"https:\/\/uecornella.cat\/ca\/#website\"},\"datePublished\":\"2018-02-16T17:00:19+00:00\",\"dateModified\":\"2018-02-16T17:00:22+00:00\",\"breadcrumb\":{\"@id\":\"https:\/\/uecornella.cat\/ca\/salut-i-futbol\/dolor-desquena\/#breadcrumb\"},\"inLanguage\":\"ca\",\"potentialAction\":[{\"@type\":\"ReadAction\",\"target\":[\"https:\/\/uecornella.cat\/ca\/salut-i-futbol\/dolor-desquena\/\"]}]},{\"@type\":\"BreadcrumbList\",\"@id\":\"https:\/\/uecornella.cat\/ca\/salut-i-futbol\/dolor-desquena\/#breadcrumb\",\"itemListElement\":[{\"@type\":\"ListItem\",\"position\":1,\"name\":\"Portada\",\"item\":\"https:\/\/uecornella.cat\/ca\/\"},{\"@type\":\"ListItem\",\"position\":2,\"name\":\"Salut i Futbol\",\"item\":\"https:\/\/uecornella.cat\/ca\/salut-i-futbol\/\"},{\"@type\":\"ListItem\",\"position\":3,\"name\":\"Dolor d&#8217;Esquena\"}]},{\"@type\":\"WebSite\",\"@id\":\"https:\/\/uecornella.cat\/ca\/#website\",\"url\":\"https:\/\/uecornella.cat\/ca\/\",\"name\":\"Uni\u00f3 Esportiva Cornell\u00e0\",\"description\":\"Escuela de f\u00fatbol y club de f\u00fatbol de Cornell\u00e0\",\"publisher\":{\"@id\":\"https:\/\/uecornella.cat\/ca\/#organization\"},\"potentialAction\":[{\"@type\":\"SearchAction\",\"target\":{\"@type\":\"EntryPoint\",\"urlTemplate\":\"https:\/\/uecornella.cat\/ca\/?s={search_term_string}\"},\"query-input\":{\"@type\":\"PropertyValueSpecification\",\"valueRequired\":true,\"valueName\":\"search_term_string\"}}],\"inLanguage\":\"ca\"},{\"@type\":\"Organization\",\"@id\":\"https:\/\/uecornella.cat\/ca\/#organization\",\"name\":\"Uni\u00f3 Esportiva Cornell\u00e0\",\"url\":\"https:\/\/uecornella.cat\/ca\/\",\"logo\":{\"@type\":\"ImageObject\",\"inLanguage\":\"ca\",\"@id\":\"https:\/\/uecornella.cat\/ca\/#\/schema\/logo\/image\/\",\"url\":\"https:\/\/www.uecornella.cat\/wp-content\/uploads\/2022\/01\/apple-icon-144x144-1.png\",\"contentUrl\":\"https:\/\/www.uecornella.cat\/wp-content\/uploads\/2022\/01\/apple-icon-144x144-1.png\",\"width\":144,\"height\":144,\"caption\":\"Uni\u00f3 Esportiva Cornell\u00e0\"},\"image\":{\"@id\":\"https:\/\/uecornella.cat\/ca\/#\/schema\/logo\/image\/\"},\"sameAs\":[\"https:\/\/www.facebook.com\/UECornella?fref=ts\",\"https:\/\/x.com\/ue_cornella\",\"http:\/\/instagram.com\/uecornella\",\"https:\/\/www.youtube.com\/channel\/UCcwgya5MdVvxRn_MeD6A0vg\"]}]}<\/script>\n<!-- \/ Yoast SEO plugin. -->","yoast_head_json":{"title":"Dolor d'Esquena - Uni\u00f3 Esportiva Cornell\u00e0","robots":{"index":"index","follow":"follow","max-snippet":"max-snippet:-1","max-image-preview":"max-image-preview:large","max-video-preview":"max-video-preview:-1"},"canonical":"https:\/\/uecornella.cat\/ca\/salut-i-futbol\/dolor-desquena\/","og_locale":"ca_ES","og_type":"article","og_title":"Dolor d'Esquena - Uni\u00f3 Esportiva Cornell\u00e0","og_description":"[vc_row][vc_column width=&#8221;1\/3&#8243;][vc_single_image image=&#8221;6846&#8243; img_size=&#8221;full&#8221;][\/vc_column][vc_column width=&#8221;2\/3&#8243;][vc_column_text]El nostre Fisioterapeuta Antoni Grau, ens brinda un nou article relacionat amb l&#8217;esquena. Una zona delicada i de la qual molts vam patir dolor i \/ o mol\u00e8sties. Per\u00f2 Antoni ens comenta que tot dolor a l&#8217;esquena no \u00e9s per una contractura, una cosa que tendim a pensar, sin\u00f3 que pot [&hellip;]","og_url":"https:\/\/uecornella.cat\/ca\/salut-i-futbol\/dolor-desquena\/","og_site_name":"Uni\u00f3 Esportiva Cornell\u00e0","article_publisher":"https:\/\/www.facebook.com\/UECornella?fref=ts","article_modified_time":"2018-02-16T17:00:22+00:00","twitter_card":"summary_large_image","twitter_site":"@ue_cornella","twitter_misc":{"Temps estimat de lectura":"1 minut"},"schema":{"@context":"https:\/\/schema.org","@graph":[{"@type":"WebPage","@id":"https:\/\/uecornella.cat\/ca\/salut-i-futbol\/dolor-desquena\/","url":"https:\/\/uecornella.cat\/ca\/salut-i-futbol\/dolor-desquena\/","name":"Dolor d'Esquena - Uni\u00f3 Esportiva Cornell\u00e0","isPartOf":{"@id":"https:\/\/uecornella.cat\/ca\/#website"},"datePublished":"2018-02-16T17:00:19+00:00","dateModified":"2018-02-16T17:00:22+00:00","breadcrumb":{"@id":"https:\/\/uecornella.cat\/ca\/salut-i-futbol\/dolor-desquena\/#breadcrumb"},"inLanguage":"ca","potentialAction":[{"@type":"ReadAction","target":["https:\/\/uecornella.cat\/ca\/salut-i-futbol\/dolor-desquena\/"]}]},{"@type":"BreadcrumbList","@id":"https:\/\/uecornella.cat\/ca\/salut-i-futbol\/dolor-desquena\/#breadcrumb","itemListElement":[{"@type":"ListItem","position":1,"name":"Portada","item":"https:\/\/uecornella.cat\/ca\/"},{"@type":"ListItem","position":2,"name":"Salut i Futbol","item":"https:\/\/uecornella.cat\/ca\/salut-i-futbol\/"},{"@type":"ListItem","position":3,"name":"Dolor d&#8217;Esquena"}]},{"@type":"WebSite","@id":"https:\/\/uecornella.cat\/ca\/#website","url":"https:\/\/uecornella.cat\/ca\/","name":"Uni\u00f3 Esportiva Cornell\u00e0","description":"Escuela de f\u00fatbol y club de f\u00fatbol de Cornell\u00e0","publisher":{"@id":"https:\/\/uecornella.cat\/ca\/#organization"},"potentialAction":[{"@type":"SearchAction","target":{"@type":"EntryPoint","urlTemplate":"https:\/\/uecornella.cat\/ca\/?s={search_term_string}"},"query-input":{"@type":"PropertyValueSpecification","valueRequired":true,"valueName":"search_term_string"}}],"inLanguage":"ca"},{"@type":"Organization","@id":"https:\/\/uecornella.cat\/ca\/#organization","name":"Uni\u00f3 Esportiva Cornell\u00e0","url":"https:\/\/uecornella.cat\/ca\/","logo":{"@type":"ImageObject","inLanguage":"ca","@id":"https:\/\/uecornella.cat\/ca\/#\/schema\/logo\/image\/","url":"https:\/\/www.uecornella.cat\/wp-content\/uploads\/2022\/01\/apple-icon-144x144-1.png","contentUrl":"https:\/\/www.uecornella.cat\/wp-content\/uploads\/2022\/01\/apple-icon-144x144-1.png","width":144,"height":144,"caption":"Uni\u00f3 Esportiva Cornell\u00e0"},"image":{"@id":"https:\/\/uecornella.cat\/ca\/#\/schema\/logo\/image\/"},"sameAs":["https:\/\/www.facebook.com\/UECornella?fref=ts","https:\/\/x.com\/ue_cornella","http:\/\/instagram.com\/uecornella","https:\/\/www.youtube.com\/channel\/UCcwgya5MdVvxRn_MeD6A0vg"]}]}},"_links":{"self":[{"href":"https:\/\/uecornella.cat\/ca\/wp-json\/wp\/v2\/pages\/7903","targetHints":{"allow":["GET"]}}],"collection":[{"href":"https:\/\/uecornella.cat\/ca\/wp-json\/wp\/v2\/pages"}],"about":[{"href":"https:\/\/uecornella.cat\/ca\/wp-json\/wp\/v2\/types\/page"}],"author":[{"embeddable":true,"href":"https:\/\/uecornella.cat\/ca\/wp-json\/wp\/v2\/users\/1"}],"replies":[{"embeddable":true,"href":"https:\/\/uecornella.cat\/ca\/wp-json\/wp\/v2\/comments?post=7903"}],"version-history":[{"count":2,"href":"https:\/\/uecornella.cat\/ca\/wp-json\/wp\/v2\/pages\/7903\/revisions"}],"predecessor-version":[{"id":7905,"href":"https:\/\/uecornella.cat\/ca\/wp-json\/wp\/v2\/pages\/7903\/revisions\/7905"}],"up":[{"embeddable":true,"href":"https:\/\/uecornella.cat\/ca\/wp-json\/wp\/v2\/pages\/7902"}],"wp:attachment":[{"href":"https:\/\/uecornella.cat\/ca\/wp-json\/wp\/v2\/media?parent=7903"}],"curies":[{"name":"wp","href":"https:\/\/api.w.org\/{rel}","templated":true}]}}