{"id":7868,"date":"2017-11-08T19:15:23","date_gmt":"2017-11-08T19:15:23","guid":{"rendered":"http:\/\/www.uecornella.cat\/estadi\/"},"modified":"2023-03-12T18:12:51","modified_gmt":"2023-03-12T18:12:51","slug":"estadi","status":"publish","type":"page","link":"https:\/\/www.uecornella.cat\/ca\/estadi\/","title":{"rendered":"Estadi"},"content":{"rendered":"<div class=\"wpb-content-wrapper\"><p>[vc_row css=&#8221;.vc_custom_1510174455388{margin-top: 30px !important;}&#8221;][vc_column][vc_custom_heading text=&#8221;Estadio Nou Municipal de Cornell\u00e0&#8221; font_container=&#8221;tag:h3|font_size:40px|text_align:left&#8221; use_theme_fonts=&#8221;yes&#8221; css=&#8221;.vc_custom_1678643223040{margin-top: 30px !important;margin-bottom: 0px !important;}&#8221;][vc_column_text]<\/p>\n<p>El nostre estadi<\/p>\n<p>[\/vc_column_text][\/vc_column][\/vc_row][vc_row equal_height=&#8221;yes&#8221;][vc_column width=&#8221;1\/3&#8243; css=&#8221;.vc_custom_1510173692314{background-image: url(http:\/\/www.uecornella.cat\/wp-content\/uploads\/2017\/11\/CampoDeFutbol.jpg?id=6405) !important;background-position: 0 0 !important;background-repeat: no-repeat !important;}&#8221;][\/vc_column][vc_column width=&#8221;2\/3&#8243;][vc_column_text]L&#8217;actual estadi on la UE Cornell\u00e0 afronta els seus partits com a local \u00e9s al Nou Municipal de Cornell\u00e0 de Llobregat. Inaugurat el setembre de 2012, l&#8217;estadi est\u00e0 perfectament equipat i adequat a les necessitats del futbol professional.<\/p>\n<p>Amb una capacitat per a 1.500 persones, les instal\u00b7lacions compten amb un camp de futbol onze principal i dos annexos de futbol set. A m\u00e9s, hi ha una \u00e0rea espec\u00edfica per a l&#8217;entrenament de porters. Tots els camps s\u00f3n de gespa artificial de nova generaci\u00f3.<\/p>\n<p>Quant als serveis, el camp inclou un servei de restauraci\u00f3 i aparcament en les zones lim\u00edtrofes a l&#8217;estadi.<\/p>\n<p>El nou recinte, ubicat al costat del EstadiCornell\u00e0-el Prat del RCD Espanyol, \u00e9s un dels m\u00e9s moderns del futbol catal\u00e0 i es troba en una zona revitalitzada amb centres comercials, serveis de restauraci\u00f3 i altres instal\u00b7lacions esportives. Curiosament, la UE Cornell\u00e0 ja va jugar en un camp situat proper a aquesta zona -les Aig\u00fces- fa d\u00e8cades, abans de traslladar-se a la m\u00edtica Via F\u00e8rria.<\/p>\n<p>L&#8217;antic estadi municipal, de grat record per a tots els aficionats de la UE Cornell\u00e0, segueix present a les parets i en els finestrals del Nou Municipal, amb imatges i fotografies que el mantenen present.[\/vc_column_text][\/vc_column][\/vc_row][vc_row css=&#8221;.vc_custom_1510174455388{margin-top: 30px !important;}&#8221;][vc_column][vc_custom_heading text=&#8221;Galer\u00eda de im\u00e1genes&#8221; font_container=&#8221;tag:h3|font_size:40px|text_align:left&#8221; use_theme_fonts=&#8221;yes&#8221; css=&#8221;.vc_custom_1678643826994{margin-top: 30px !important;margin-bottom: 0px !important;}&#8221;][vc_column_text]<\/p>\n<p>Passeja&#8217;t per les instal\u00b7lacions<\/p>\n<p>[\/vc_column_text][vc_gallery type=&#8221;image_grid&#8221; images=&#8221;8146,8147,8149,8150,8152,6405,6396,8145&#8243; img_size=&#8221;medium&#8221;][\/vc_column][\/vc_row][vc_row][vc_column][vc_custom_heading text=&#8221;V\u00eda F\u00e9rrea&#8221; font_container=&#8221;tag:h3|font_size:40px|text_align:left&#8221; use_theme_fonts=&#8221;yes&#8221; css=&#8221;.vc_custom_1678643834837{margin-top: 30px !important;margin-bottom: 0px !important;}&#8221;][vc_column_text]<\/p>\n<p>L&#8217;estadi original<\/p>\n<p>[\/vc_column_text][vc_row_inner equal_height=&#8221;yes&#8221;][vc_column_inner width=&#8221;1\/3&#8243;][vc_column_text]El Municipal de la Via F\u00e8rria \u00e9s l&#8217;estadi m\u00edtic de l&#8217;entitat. Malgrat haver estat reempla\u00e7at pel Nou Municipal, els socis i aficionats segueixen tenint molt present l&#8217;antic camp.<\/p>\n<p>A les parets del Nou Municipal, inaugurat al setembre de 2012, apareixen imatges de partits jugats a la Via F\u00e8rria.<\/p>\n<p>El vetust estadi, ubicat al carrer Salvador Allende de Cornell\u00e0 de Llobregat, ha estat testimoni del gran creixement del club, incloent els ascensos a Tercera i el primer &#8216;play-off&#8217; de promoci\u00f3 a Segona B disputat per l&#8217;entitat, aix\u00ed com el pas de grans jugadors.<\/p>\n<p>Malgrat aquests inesborrables records, al Municipal de la Via F\u00e8rria, amb capacitat per a 1.500 espectadors, havia quedat antic i des de setembre de 2012, ha cedit pas al Nou Municipal, plenament adaptat i equipat per al futbol professional.[\/vc_column_text][\/vc_column_inner][vc_column_inner width=&#8221;2\/3&#8243;][vc_gallery interval=&#8221;3&#8243; images=&#8221;29910,29908&#8243; img_size=&#8221;500&#215;500&#8243;][\/vc_column_inner][\/vc_row_inner][\/vc_column][\/vc_row][vc_row el_id=&#8221;como-llegar&#8221;][vc_column][vc_custom_heading text=&#8221;Com arribar&#8221; font_container=&#8221;tag:h3|font_size:40px|text_align:left&#8221; use_theme_fonts=&#8221;yes&#8221; css=&#8221;.vc_custom_1678644656520{margin-top: 30px !important;margin-bottom: 0px !important;}&#8221;][vc_column_text]<\/p>\n<p>Totes les opcions<\/p>\n<p>[\/vc_column_text][vc_empty_space][\/vc_column][\/vc_row][vc_row][vc_column width=&#8221;1\/3&#8243;][vc_icon icon_fontawesome=&#8221;fas fa-subway&#8221; color=&#8221;green&#8221; background_style=&#8221;rounded&#8221; size=&#8221;xl&#8221; align=&#8221;center&#8221; css=&#8221;.vc_custom_1652603554413{margin-bottom: 5px !important;}&#8221;][vc_custom_heading text=&#8221;Metro&#8221; font_container=&#8221;tag:h3|text_align:center&#8221; use_theme_fonts=&#8221;yes&#8221; css=&#8221;.vc_custom_1652603441378{margin-top: 0px !important;margin-right: 0px !important;margin-bottom: 0px !important;margin-left: 0px !important;}&#8221;][vc_column_text]<\/p>\n<p style=\"text-align: center;\">L5, parada Cornell\u00e0 Centre<\/p>\n<p>[\/vc_column_text][\/vc_column][vc_column width=&#8221;1\/3&#8243;][vc_icon icon_fontawesome=&#8221;fas fa-train&#8221; color=&#8221;green&#8221; background_style=&#8221;rounded&#8221; size=&#8221;xl&#8221; align=&#8221;center&#8221; css=&#8221;.vc_custom_1652603717868{margin-bottom: 5px !important;}&#8221;][vc_custom_heading text=&#8221;Tramvia&#8221; font_container=&#8221;tag:h3|text_align:center&#8221; use_theme_fonts=&#8221;yes&#8221; css=&#8221;.vc_custom_1652603742107{margin-top: 0px !important;margin-right: 0px !important;margin-bottom: 0px !important;margin-left: 0px !important;}&#8221;][vc_column_text]<\/p>\n<p style=\"text-align: center;\">T1 y T2, parada Cornell\u00e0 Centre<\/p>\n<p>[\/vc_column_text][\/vc_column][vc_column width=&#8221;1\/3&#8243;][vc_icon icon_fontawesome=&#8221;fas fa-bus&#8221; color=&#8221;green&#8221; background_style=&#8221;rounded&#8221; size=&#8221;xl&#8221; align=&#8221;center&#8221; css=&#8221;.vc_custom_1652603785250{margin-bottom: 5px !important;}&#8221;][vc_custom_heading text=&#8221;Autob\u00fas&#8221; font_container=&#8221;tag:h3|text_align:center&#8221; use_theme_fonts=&#8221;yes&#8221; css=&#8221;.vc_custom_1652603795904{margin-top: 0px !important;margin-right: 0px !important;margin-bottom: 0px !important;margin-left: 0px !important;}&#8221;][vc_column_text]<\/p>\n<p style=\"text-align: center;\">94, 95, 68, 67, 57, L52, L82 i N13<\/p>\n<p>[\/vc_column_text][\/vc_column][\/vc_row][vc_row][vc_column width=&#8221;1\/3&#8243;][vc_icon icon_fontawesome=&#8221;fas fa-subway&#8221; color=&#8221;green&#8221; background_style=&#8221;rounded&#8221; size=&#8221;xl&#8221; align=&#8221;center&#8221; css=&#8221;.vc_custom_1652603888549{margin-bottom: 5px !important;}&#8221;][vc_custom_heading text=&#8221;FGC&#8221; font_container=&#8221;tag:h3|text_align:center&#8221; use_theme_fonts=&#8221;yes&#8221; css=&#8221;.vc_custom_1652603902977{margin-top: 0px !important;margin-right: 0px !important;margin-bottom: 0px !important;margin-left: 0px !important;}&#8221;][vc_column_text]<\/p>\n<p style=\"text-align: center;\">R-6, parada Riera-Cornell\u00e0<\/p>\n<p>[\/vc_column_text][\/vc_column][vc_column width=&#8221;1\/3&#8243;][vc_icon icon_fontawesome=&#8221;fas fa-subway&#8221; color=&#8221;green&#8221; background_style=&#8221;rounded&#8221; size=&#8221;xl&#8221; align=&#8221;center&#8221; css=&#8221;.vc_custom_1652603967795{margin-bottom: 5px !important;}&#8221;][vc_custom_heading text=&#8221;Renfe&#8221; font_container=&#8221;tag:h3|text_align:center&#8221; use_theme_fonts=&#8221;yes&#8221; css=&#8221;.vc_custom_1652603981664{margin-top: 0px !important;margin-right: 0px !important;margin-bottom: 0px !important;margin-left: 0px !important;}&#8221;][vc_column_text]<\/p>\n<p style=\"text-align: center;\">L\u00ednia C4, parada Cornell\u00e0<\/p>\n<p>[\/vc_column_text][\/vc_column][vc_column width=&#8221;1\/3&#8243;][vc_icon icon_fontawesome=&#8221;fas fa-car&#8221; color=&#8221;green&#8221; background_style=&#8221;rounded&#8221; size=&#8221;xl&#8221; align=&#8221;center&#8221; css=&#8221;.vc_custom_1652604030247{margin-bottom: 5px !important;}&#8221;][vc_custom_heading text=&#8221;Cotxe&#8221; font_container=&#8221;tag:h3|text_align:center&#8221; use_theme_fonts=&#8221;yes&#8221; css=&#8221;.vc_custom_1652604042783{margin-top: 0px !important;margin-right: 0px !important;margin-bottom: 0px !important;margin-left: 0px !important;}&#8221;][vc_column_text]<\/p>\n<p style=\"text-align: center;\">Sortida 609 de la A-2 (Pol\u00edgon de Cornell\u00e0)<\/p>\n<p>[\/vc_column_text][\/vc_column][\/vc_row][vc_row][vc_column][vc_empty_space][vc_gmaps link=&#8221;#E-8_JTNDaWZyYW1lJTIwc3JjJTNEJTIyaHR0cHMlM0ElMkYlMkZ3d3cuZ29vZ2xlLmNvbSUyRm1hcHMlMkZlbWJlZCUzRnBiJTNEJTIxMW0xOCUyMTFtMTIlMjExbTMlMjExZDMwMTUuMDExNDU0MjEzNjA3JTIxMmQyLjA3MjY4ODE5MDc1NjY1ODglMjEzZDQxLjM0ODE4NzgyODcxMTgzJTIxMm0zJTIxMWYwJTIxMmYwJTIxM2YwJTIxM20yJTIxMWkxMDI0JTIxMmk3NjglMjE0ZjEzLjElMjEzbTMlMjExbTIlMjExczB4MTJhNDk5NTNkNjI0ZDcwYiUyNTNBMHhmZjlhM2Q4NmZjNTQzMWM2JTIxMnNDYW1wJTJCZGUlMkJGdXRib2wlMkJNdW5pY2lwYWwlMkJkZSUyQkNvcm5lbGwlMjVDMyUyNUEwJTIxNWUxJTIxM20yJTIxMXNlcyUyMTJzZXMlMjE0djE1MTAxNzgyOTU2MzYlMjIlMjB3aWR0aCUzRCUyMjYwMCUyMiUyMGhlaWdodCUzRCUyMjQ1MCUyMiUyMGZyYW1lYm9yZGVyJTNEJTIyMCUyMiUyMHN0eWxlJTNEJTIyYm9yZGVyJTNBMCUyMiUyMGFsbG93ZnVsbHNjcmVlbiUzRSUzQyUyRmlmcmFtZSUzRQ==&#8221;][\/vc_column][\/vc_row]<\/p>\n<\/div>","protected":false},"excerpt":{"rendered":"<p>[vc_row css=&#8221;.vc_custom_1510174455388{margin-top: 30px !important;}&#8221;][vc_column][vc_custom_heading text=&#8221;Estadio Nou Municipal de Cornell\u00e0&#8221; font_container=&#8221;tag:h3|font_size:40px|text_align:left&#8221; use_theme_fonts=&#8221;yes&#8221; css=&#8221;.vc_custom_1678643223040{margin-top: 30px !important;margin-bottom: 0px !important;}&#8221;][vc_column_text] El nostre estadi [\/vc_column_text][\/vc_column][\/vc_row][vc_row equal_height=&#8221;yes&#8221;][vc_column width=&#8221;1\/3&#8243; css=&#8221;.vc_custom_1510173692314{background-image: url(http:\/\/www.uecornella.cat\/wp-content\/uploads\/2017\/11\/CampoDeFutbol.jpg?id=6405) !important;background-position: 0 0 !important;background-repeat: no-repeat !important;}&#8221;][\/vc_column][vc_column width=&#8221;2\/3&#8243;][vc_column_text]L&#8217;actual estadi on la UE Cornell\u00e0 afronta els seus partits com a local \u00e9s al Nou Municipal de Cornell\u00e0 de Llobregat. Inaugurat el setembre de [&hellip;]<\/p>\n","protected":false},"author":1,"featured_media":0,"parent":0,"menu_order":0,"comment_status":"closed","ping_status":"closed","template":"","meta":{"_acf_changed":false,"footnotes":""},"class_list":["post-7868","page","type-page","status-publish","hentry"],"acf":[],"yoast_head":"<!-- This site is optimized with the Yoast SEO plugin v25.8 - https:\/\/yoast.com\/wordpress\/plugins\/seo\/ -->\n<title>Estadi - Uni\u00f3 Esportiva Cornell\u00e0<\/title>\n<meta name=\"robots\" content=\"index, follow, max-snippet:-1, max-image-preview:large, max-video-preview:-1\" \/>\n<link rel=\"canonical\" href=\"https:\/\/www.uecornella.cat\/ca\/estadi\/\" \/>\n<meta property=\"og:locale\" content=\"ca_ES\" \/>\n<meta property=\"og:type\" content=\"article\" \/>\n<meta property=\"og:title\" content=\"Estadi - Uni\u00f3 Esportiva Cornell\u00e0\" \/>\n<meta property=\"og:description\" content=\"[vc_row css=&#8221;.vc_custom_1510174455388{margin-top: 30px !important;}&#8221;][vc_column][vc_custom_heading text=&#8221;Estadio Nou Municipal de Cornell\u00e0&#8221; font_container=&#8221;tag:h3|font_size:40px|text_align:left&#8221; use_theme_fonts=&#8221;yes&#8221; css=&#8221;.vc_custom_1678643223040{margin-top: 30px !important;margin-bottom: 0px !important;}&#8221;][vc_column_text] El nostre estadi [\/vc_column_text][\/vc_column][\/vc_row][vc_row equal_height=&#8221;yes&#8221;][vc_column width=&#8221;1\/3&#8243; css=&#8221;.vc_custom_1510173692314{background-image: url(http:\/\/www.uecornella.cat\/wp-content\/uploads\/2017\/11\/CampoDeFutbol.jpg?id=6405) !important;background-position: 0 0 !important;background-repeat: no-repeat !important;}&#8221;][\/vc_column][vc_column width=&#8221;2\/3&#8243;][vc_column_text]L&#8217;actual estadi on la UE Cornell\u00e0 afronta els seus partits com a local \u00e9s al Nou Municipal de Cornell\u00e0 de Llobregat. Inaugurat el setembre de [&hellip;]\" \/>\n<meta property=\"og:url\" content=\"https:\/\/www.uecornella.cat\/ca\/estadi\/\" \/>\n<meta property=\"og:site_name\" content=\"Uni\u00f3 Esportiva Cornell\u00e0\" \/>\n<meta property=\"article:publisher\" content=\"https:\/\/www.facebook.com\/UECornella?fref=ts\" \/>\n<meta property=\"article:modified_time\" content=\"2023-03-12T18:12:51+00:00\" \/>\n<meta name=\"twitter:card\" content=\"summary_large_image\" \/>\n<meta name=\"twitter:site\" content=\"@ue_cornella\" \/>\n<meta name=\"twitter:label1\" content=\"Temps estimat de lectura\" \/>\n\t<meta name=\"twitter:data1\" content=\"6 minuts\" \/>\n<script type=\"application\/ld+json\" class=\"yoast-schema-graph\">{\"@context\":\"https:\/\/schema.org\",\"@graph\":[{\"@type\":\"WebPage\",\"@id\":\"https:\/\/www.uecornella.cat\/ca\/estadi\/\",\"url\":\"https:\/\/www.uecornella.cat\/ca\/estadi\/\",\"name\":\"Estadi - Uni\u00f3 Esportiva Cornell\u00e0\",\"isPartOf\":{\"@id\":\"https:\/\/www.uecornella.cat\/ca\/#website\"},\"datePublished\":\"2017-11-08T19:15:23+00:00\",\"dateModified\":\"2023-03-12T18:12:51+00:00\",\"breadcrumb\":{\"@id\":\"https:\/\/www.uecornella.cat\/ca\/estadi\/#breadcrumb\"},\"inLanguage\":\"ca\",\"potentialAction\":[{\"@type\":\"ReadAction\",\"target\":[\"https:\/\/www.uecornella.cat\/ca\/estadi\/\"]}]},{\"@type\":\"BreadcrumbList\",\"@id\":\"https:\/\/www.uecornella.cat\/ca\/estadi\/#breadcrumb\",\"itemListElement\":[{\"@type\":\"ListItem\",\"position\":1,\"name\":\"Portada\",\"item\":\"https:\/\/www.uecornella.cat\/ca\/\"},{\"@type\":\"ListItem\",\"position\":2,\"name\":\"Estadi\"}]},{\"@type\":\"WebSite\",\"@id\":\"https:\/\/www.uecornella.cat\/ca\/#website\",\"url\":\"https:\/\/www.uecornella.cat\/ca\/\",\"name\":\"Uni\u00f3 Esportiva Cornell\u00e0\",\"description\":\"Escuela de f\u00fatbol y club de f\u00fatbol de Cornell\u00e0\",\"publisher\":{\"@id\":\"https:\/\/www.uecornella.cat\/ca\/#organization\"},\"potentialAction\":[{\"@type\":\"SearchAction\",\"target\":{\"@type\":\"EntryPoint\",\"urlTemplate\":\"https:\/\/www.uecornella.cat\/ca\/?s={search_term_string}\"},\"query-input\":{\"@type\":\"PropertyValueSpecification\",\"valueRequired\":true,\"valueName\":\"search_term_string\"}}],\"inLanguage\":\"ca\"},{\"@type\":\"Organization\",\"@id\":\"https:\/\/www.uecornella.cat\/ca\/#organization\",\"name\":\"Uni\u00f3 Esportiva Cornell\u00e0\",\"url\":\"https:\/\/www.uecornella.cat\/ca\/\",\"logo\":{\"@type\":\"ImageObject\",\"inLanguage\":\"ca\",\"@id\":\"https:\/\/www.uecornella.cat\/ca\/#\/schema\/logo\/image\/\",\"url\":\"https:\/\/www.uecornella.cat\/wp-content\/uploads\/2022\/01\/apple-icon-144x144-1.png\",\"contentUrl\":\"https:\/\/www.uecornella.cat\/wp-content\/uploads\/2022\/01\/apple-icon-144x144-1.png\",\"width\":144,\"height\":144,\"caption\":\"Uni\u00f3 Esportiva Cornell\u00e0\"},\"image\":{\"@id\":\"https:\/\/www.uecornella.cat\/ca\/#\/schema\/logo\/image\/\"},\"sameAs\":[\"https:\/\/www.facebook.com\/UECornella?fref=ts\",\"https:\/\/x.com\/ue_cornella\",\"http:\/\/instagram.com\/uecornella\",\"https:\/\/www.youtube.com\/channel\/UCcwgya5MdVvxRn_MeD6A0vg\"]}]}<\/script>\n<!-- \/ Yoast SEO plugin. -->","yoast_head_json":{"title":"Estadi - Uni\u00f3 Esportiva Cornell\u00e0","robots":{"index":"index","follow":"follow","max-snippet":"max-snippet:-1","max-image-preview":"max-image-preview:large","max-video-preview":"max-video-preview:-1"},"canonical":"https:\/\/www.uecornella.cat\/ca\/estadi\/","og_locale":"ca_ES","og_type":"article","og_title":"Estadi - Uni\u00f3 Esportiva Cornell\u00e0","og_description":"[vc_row css=&#8221;.vc_custom_1510174455388{margin-top: 30px !important;}&#8221;][vc_column][vc_custom_heading text=&#8221;Estadio Nou Municipal de Cornell\u00e0&#8221; font_container=&#8221;tag:h3|font_size:40px|text_align:left&#8221; use_theme_fonts=&#8221;yes&#8221; css=&#8221;.vc_custom_1678643223040{margin-top: 30px !important;margin-bottom: 0px !important;}&#8221;][vc_column_text] El nostre estadi [\/vc_column_text][\/vc_column][\/vc_row][vc_row equal_height=&#8221;yes&#8221;][vc_column width=&#8221;1\/3&#8243; css=&#8221;.vc_custom_1510173692314{background-image: url(http:\/\/www.uecornella.cat\/wp-content\/uploads\/2017\/11\/CampoDeFutbol.jpg?id=6405) !important;background-position: 0 0 !important;background-repeat: no-repeat !important;}&#8221;][\/vc_column][vc_column width=&#8221;2\/3&#8243;][vc_column_text]L&#8217;actual estadi on la UE Cornell\u00e0 afronta els seus partits com a local \u00e9s al Nou Municipal de Cornell\u00e0 de Llobregat. Inaugurat el setembre de [&hellip;]","og_url":"https:\/\/www.uecornella.cat\/ca\/estadi\/","og_site_name":"Uni\u00f3 Esportiva Cornell\u00e0","article_publisher":"https:\/\/www.facebook.com\/UECornella?fref=ts","article_modified_time":"2023-03-12T18:12:51+00:00","twitter_card":"summary_large_image","twitter_site":"@ue_cornella","twitter_misc":{"Temps estimat de lectura":"6 minuts"},"schema":{"@context":"https:\/\/schema.org","@graph":[{"@type":"WebPage","@id":"https:\/\/www.uecornella.cat\/ca\/estadi\/","url":"https:\/\/www.uecornella.cat\/ca\/estadi\/","name":"Estadi - Uni\u00f3 Esportiva Cornell\u00e0","isPartOf":{"@id":"https:\/\/www.uecornella.cat\/ca\/#website"},"datePublished":"2017-11-08T19:15:23+00:00","dateModified":"2023-03-12T18:12:51+00:00","breadcrumb":{"@id":"https:\/\/www.uecornella.cat\/ca\/estadi\/#breadcrumb"},"inLanguage":"ca","potentialAction":[{"@type":"ReadAction","target":["https:\/\/www.uecornella.cat\/ca\/estadi\/"]}]},{"@type":"BreadcrumbList","@id":"https:\/\/www.uecornella.cat\/ca\/estadi\/#breadcrumb","itemListElement":[{"@type":"ListItem","position":1,"name":"Portada","item":"https:\/\/www.uecornella.cat\/ca\/"},{"@type":"ListItem","position":2,"name":"Estadi"}]},{"@type":"WebSite","@id":"https:\/\/www.uecornella.cat\/ca\/#website","url":"https:\/\/www.uecornella.cat\/ca\/","name":"Uni\u00f3 Esportiva Cornell\u00e0","description":"Escuela de f\u00fatbol y club de f\u00fatbol de Cornell\u00e0","publisher":{"@id":"https:\/\/www.uecornella.cat\/ca\/#organization"},"potentialAction":[{"@type":"SearchAction","target":{"@type":"EntryPoint","urlTemplate":"https:\/\/www.uecornella.cat\/ca\/?s={search_term_string}"},"query-input":{"@type":"PropertyValueSpecification","valueRequired":true,"valueName":"search_term_string"}}],"inLanguage":"ca"},{"@type":"Organization","@id":"https:\/\/www.uecornella.cat\/ca\/#organization","name":"Uni\u00f3 Esportiva Cornell\u00e0","url":"https:\/\/www.uecornella.cat\/ca\/","logo":{"@type":"ImageObject","inLanguage":"ca","@id":"https:\/\/www.uecornella.cat\/ca\/#\/schema\/logo\/image\/","url":"https:\/\/www.uecornella.cat\/wp-content\/uploads\/2022\/01\/apple-icon-144x144-1.png","contentUrl":"https:\/\/www.uecornella.cat\/wp-content\/uploads\/2022\/01\/apple-icon-144x144-1.png","width":144,"height":144,"caption":"Uni\u00f3 Esportiva Cornell\u00e0"},"image":{"@id":"https:\/\/www.uecornella.cat\/ca\/#\/schema\/logo\/image\/"},"sameAs":["https:\/\/www.facebook.com\/UECornella?fref=ts","https:\/\/x.com\/ue_cornella","http:\/\/instagram.com\/uecornella","https:\/\/www.youtube.com\/channel\/UCcwgya5MdVvxRn_MeD6A0vg"]}]}},"_links":{"self":[{"href":"https:\/\/www.uecornella.cat\/ca\/wp-json\/wp\/v2\/pages\/7868","targetHints":{"allow":["GET"]}}],"collection":[{"href":"https:\/\/www.uecornella.cat\/ca\/wp-json\/wp\/v2\/pages"}],"about":[{"href":"https:\/\/www.uecornella.cat\/ca\/wp-json\/wp\/v2\/types\/page"}],"author":[{"embeddable":true,"href":"https:\/\/www.uecornella.cat\/ca\/wp-json\/wp\/v2\/users\/1"}],"replies":[{"embeddable":true,"href":"https:\/\/www.uecornella.cat\/ca\/wp-json\/wp\/v2\/comments?post=7868"}],"version-history":[{"count":29,"href":"https:\/\/www.uecornella.cat\/ca\/wp-json\/wp\/v2\/pages\/7868\/revisions"}],"predecessor-version":[{"id":36000,"href":"https:\/\/www.uecornella.cat\/ca\/wp-json\/wp\/v2\/pages\/7868\/revisions\/36000"}],"wp:attachment":[{"href":"https:\/\/www.uecornella.cat\/ca\/wp-json\/wp\/v2\/media?parent=7868"}],"curies":[{"name":"wp","href":"https:\/\/api.w.org\/{rel}","templated":true}]}}