{"id":7867,"date":"2017-11-05T21:04:59","date_gmt":"2017-11-05T21:04:59","guid":{"rendered":"http:\/\/www.uecornella.cat\/el-club\/jugadors-formats\/"},"modified":"2023-03-12T16:27:25","modified_gmt":"2023-03-12T16:27:25","slug":"jugadors-formats","status":"publish","type":"page","link":"https:\/\/www.uecornella.cat\/ca\/el-club\/jugadors-formats\/","title":{"rendered":"Jugadors Formats"},"content":{"rendered":"<div class=\"wpb-content-wrapper\"><p>[vc_row][vc_column][vc_column_text]<\/p>\n<p>El futbol de formaci\u00f3 de la UE Cornell\u00e0 \u00e9s una refer\u00e8ncia tant a Catalunya com a \u00e0mbit europeu. Actualment, se situa en tercera posici\u00f3 en l&#8217;\u00e0mbit catal\u00e0 -just per darrera del RCD Espanyol i el FC Barcelona- una pla\u00e7a que s&#8217;ha guanyat situant als seus equips de base entre les primeres places de totes les categories.<\/p>\n<p>En aquesta l\u00ednia, el nivell dels equips de la UE Cornell\u00e0 ha crescut tant que ha servit com a font de fitxatges per a una llarga llista de clubs espanyols i internacionals. En els \u00faltims 3 anys m\u00e9s de 50 jugadors han passat de la UE Cornell\u00e0 a equips com el RCD Espanyol, FC Barcelona, \u200b\u200bCF Vila-real, Saragossa, Atl\u00e8tic de Madrid, Reial Madrid, Arsenal, Lazio, etc. han enviat observadors i han incorporat a un ampli nombre de futbolistes de l&#8217;entitat.<\/p>\n<p>En aquest apartat, s&#8217;inclouen alguns, no tots, els futbolistes que s&#8217;han format a l&#8217;Escola de la UE Cornell\u00e0.<\/p>\n<p>Altres jugadors, i no hi s\u00f3n tots, que han tingut oportunitats en equips d&#8217;elit partint des de la UE Cornell\u00e0 s\u00f3n:<\/p>\n<p>Jordi Roig, Eric Garc\u00eda, David i Jaume Gonz\u00e1lez (RCD Espanyol), Javi Heredia, Roger i Adri\u00e1n (FC Barcelona), \u00c9dgar Hern\u00e1ndez i Christian (Reial Madrid CF), V\u00edctor P\u00e9rez i Miguel Bastida (Val\u00e8ncia CF), Yeray L\u00f3pez (Atl\u00e8tic de Madrid), Porras (Vila-real CF), Toni Quiles (UE Llevant), Jos\u00e9 Luis Reyes (Racing de Santander), Marc Cia (Osasuna), etc.<\/p>\n<p>[\/vc_column_text][\/vc_column][\/vc_row][vc_row gap=&#8221;30&#8243; equal_height=&#8221;yes&#8221; el_class=&#8221;hoverintern&#8221;][vc_column width=&#8221;1\/3&#8243;][vc_single_image image=&#8221;7311&#8243; img_size=&#8221;full&#8221; alignment=&#8221;center&#8221;][vc_custom_heading text=&#8221;Jordi Alba (defensa)&#8221; font_container=&#8221;tag:h4|font_size:18px|text_align:center&#8221; use_theme_fonts=&#8221;yes&#8221;][vc_column_text]<\/p>\n<ul>\n<li>Va arribar a Cornell\u00e0 com a cadet despr\u00e9s d&#8217;abandonar el FC Barcelona i, despr\u00e9s de passar pel nostre futbol base, el va fitxar el Val\u00e8ncia CF. Uns anys despr\u00e9s, Unai Emery el va fer debutar amb el primer equip.<\/li>\n<li>Va ser campi\u00f3 d&#8217;Europa amb la selecci\u00f3 espanyola en 2012 marcant un gol a la final.<\/li>\n<li>Amb el FC Barcelona va ser campi\u00f3 de lliga, Copa del Rei i de la Champions League.<\/li>\n<\/ul>\n<p>[\/vc_column_text][\/vc_column][vc_column width=&#8221;1\/3&#8243;][vc_single_image image=&#8221;7302&#8243; img_size=&#8221;full&#8221; alignment=&#8221;center&#8221;][vc_custom_heading text=&#8221;Keita Balde (davanter)&#8221; font_container=&#8221;tag:h4|font_size:18px|text_align:center&#8221; use_theme_fonts=&#8221;yes&#8221;][vc_column_text]<\/p>\n<ul>\n<li>El millor jugador jove de la lliga italiana durant la passada campanya ha arribat aquest estiu al M\u00f2naco franc\u00e8s per seguir evolucionant.<\/li>\n<li>Juga per la selecci\u00f3 nacional de Senegal, que ja s&#8217;ha classificat per al pr\u00f2xim Mundial.<\/li>\n<\/ul>\n<p>[\/vc_column_text][\/vc_column][vc_column width=&#8221;1\/3&#8243;][vc_single_image image=&#8221;7312&#8243; img_size=&#8221;full&#8221; alignment=&#8221;center&#8221;][vc_custom_heading text=&#8221;V\u00edctor Ruiz (defensa)&#8221; font_container=&#8221;tag:h4|font_size:18px|text_align:center&#8221; use_theme_fonts=&#8221;yes&#8221;][vc_column_text]<\/p>\n<ul>\n<li>Defensa central de grans equips como el RCD Espanyol, Napoles, Valencia i Villarreal.<\/li>\n<li>Va arribar al nostre futbol base amb 14 anys i, despr\u00e9s de 3 anys, va fitxar pel RCD Espanyol.<\/li>\n<\/ul>\n<p>[\/vc_column_text][\/vc_column][\/vc_row][vc_row gap=&#8221;30&#8243; equal_height=&#8221;yes&#8221; el_class=&#8221;hoverintern&#8221;][vc_column width=&#8221;1\/3&#8243;][vc_single_image image=&#8221;7309&#8243; img_size=&#8221;full&#8221; alignment=&#8221;center&#8221;][vc_custom_heading text=&#8221;Ignasi Miquel (defensa)&#8221; font_container=&#8221;tag:h4|font_size:18px|text_align:center&#8221; use_theme_fonts=&#8221;yes&#8221;][vc_column_text]<\/p>\n<ul>\n<li>Aquest defensa central va fitxar als 15 anys per l&#8217;Arsenal procedent de la nostra acad\u00e8mia.<\/li>\n<li>Ha debutat amb el primer equip &#8220;gunner&#8221; i ara juga al M\u00e0laga CF despr\u00e9s de passar pel CD Lugo.<\/li>\n<\/ul>\n<p>[\/vc_column_text][\/vc_column][vc_column width=&#8221;1\/3&#8243;][vc_single_image image=&#8221;7310&#8243; img_size=&#8221;full&#8221; alignment=&#8221;center&#8221;][vc_custom_heading text=&#8221;Ilie S\u00e1nchez (migcampista)&#8221; font_container=&#8221;tag:h4|font_size:18px|text_align:center&#8221; use_theme_fonts=&#8221;yes&#8221;][vc_column_text]<\/p>\n<ul>\n<li>Va arribar al FC Barcelona procedent del Cornell\u00e0, on va jugar des de 2005 fins 2007.<\/li>\n<li>Es va convertir en una pe\u00e7a clau i capit\u00e0 del Bar\u00e7a B. Tamb\u00e9 va debutar en el primer equip.<\/li>\n<li>Ara juga al Kansas City (USA) a la Major League Soccer i ha estat un dels millors jugadors de la temporada regular.<\/li>\n<\/ul>\n<p>[\/vc_column_text][\/vc_column][vc_column width=&#8221;1\/3&#8243;][vc_single_image image=&#8221;7308&#8243; img_size=&#8221;full&#8221; alignment=&#8221;center&#8221;][vc_custom_heading text=&#8221;\u00c9dgar Badia (porter)&#8221; font_container=&#8221;tag:h4|font_size:18px|text_align:center&#8221; use_theme_fonts=&#8221;yes&#8221;][vc_column_text]<\/p>\n<ul>\n<li>Despr\u00e9s de ser traspassat al RCD Espanyol, \u00c9dgar Badia ha arribat al futbol professional defensant la porteria del Reus.<\/li>\n<li>Sub-17 i Sub19 internacional amb les categories inferiors de la selecci\u00f3 espanyola.<\/li>\n<\/ul>\n<p>[\/vc_column_text][\/vc_column][\/vc_row][vc_row][vc_column][vc_custom_heading text=&#8221;Altres jugadors formats a la nostra acad\u00e8mia:&#8221; font_container=&#8221;tag:h2|font_size:26px|text_align:left&#8221; use_theme_fonts=&#8221;yes&#8221;][vc_column_text]<\/p>\n<ul>\n<li>Alex Carbonell<\/li>\n<li>Xemi Fern\u00e1ndez<\/li>\n<li>Rub\u00e9n Mi\u00f1o<\/li>\n<li>Alberto Garc\u00eda<\/li>\n<li>Gen\u00eds Montoliu<\/li>\n<li>Bambo Diaby<\/li>\n<li>V\u00edctor Fern\u00e1ndez<\/li>\n<\/ul>\n<p>[\/vc_column_text][\/vc_column][\/vc_row]<\/p>\n<\/div>","protected":false},"excerpt":{"rendered":"<p>[vc_row][vc_column][vc_column_text] El futbol de formaci\u00f3 de la UE Cornell\u00e0 \u00e9s una refer\u00e8ncia tant a Catalunya com a \u00e0mbit europeu. Actualment, se situa en tercera posici\u00f3 en l&#8217;\u00e0mbit catal\u00e0 -just per darrera del RCD Espanyol i el FC Barcelona- una pla\u00e7a que s&#8217;ha guanyat situant als seus equips de base entre les primeres places de totes [&hellip;]<\/p>\n","protected":false},"author":1,"featured_media":0,"parent":19851,"menu_order":2,"comment_status":"closed","ping_status":"closed","template":"","meta":{"_acf_changed":false,"footnotes":""},"class_list":["post-7867","page","type-page","status-publish","hentry"],"acf":[],"yoast_head":"<!-- This site is optimized with the Yoast SEO plugin v25.8 - https:\/\/yoast.com\/wordpress\/plugins\/seo\/ -->\n<title>Jugadors Formats - Uni\u00f3 Esportiva Cornell\u00e0<\/title>\n<meta name=\"robots\" content=\"index, follow, max-snippet:-1, max-image-preview:large, max-video-preview:-1\" \/>\n<link rel=\"canonical\" href=\"https:\/\/www.uecornella.cat\/ca\/el-club\/jugadors-formats\/\" \/>\n<meta property=\"og:locale\" content=\"ca_ES\" \/>\n<meta property=\"og:type\" content=\"article\" \/>\n<meta property=\"og:title\" content=\"Jugadors Formats - Uni\u00f3 Esportiva Cornell\u00e0\" \/>\n<meta property=\"og:description\" content=\"[vc_row][vc_column][vc_column_text] El futbol de formaci\u00f3 de la UE Cornell\u00e0 \u00e9s una refer\u00e8ncia tant a Catalunya com a \u00e0mbit europeu. Actualment, se situa en tercera posici\u00f3 en l&#8217;\u00e0mbit catal\u00e0 -just per darrera del RCD Espanyol i el FC Barcelona- una pla\u00e7a que s&#8217;ha guanyat situant als seus equips de base entre les primeres places de totes [&hellip;]\" \/>\n<meta property=\"og:url\" content=\"https:\/\/www.uecornella.cat\/ca\/el-club\/jugadors-formats\/\" \/>\n<meta property=\"og:site_name\" content=\"Uni\u00f3 Esportiva Cornell\u00e0\" \/>\n<meta property=\"article:publisher\" content=\"https:\/\/www.facebook.com\/UECornella?fref=ts\" \/>\n<meta property=\"article:modified_time\" content=\"2023-03-12T16:27:25+00:00\" \/>\n<meta name=\"twitter:card\" content=\"summary_large_image\" \/>\n<meta name=\"twitter:site\" content=\"@ue_cornella\" \/>\n<meta name=\"twitter:label1\" content=\"Temps estimat de lectura\" \/>\n\t<meta name=\"twitter:data1\" content=\"4 minuts\" \/>\n<script type=\"application\/ld+json\" class=\"yoast-schema-graph\">{\"@context\":\"https:\/\/schema.org\",\"@graph\":[{\"@type\":\"WebPage\",\"@id\":\"https:\/\/www.uecornella.cat\/ca\/el-club\/jugadors-formats\/\",\"url\":\"https:\/\/www.uecornella.cat\/ca\/el-club\/jugadors-formats\/\",\"name\":\"Jugadors Formats - Uni\u00f3 Esportiva Cornell\u00e0\",\"isPartOf\":{\"@id\":\"https:\/\/www.uecornella.cat\/ca\/#website\"},\"datePublished\":\"2017-11-05T21:04:59+00:00\",\"dateModified\":\"2023-03-12T16:27:25+00:00\",\"breadcrumb\":{\"@id\":\"https:\/\/www.uecornella.cat\/ca\/el-club\/jugadors-formats\/#breadcrumb\"},\"inLanguage\":\"ca\",\"potentialAction\":[{\"@type\":\"ReadAction\",\"target\":[\"https:\/\/www.uecornella.cat\/ca\/el-club\/jugadors-formats\/\"]}]},{\"@type\":\"BreadcrumbList\",\"@id\":\"https:\/\/www.uecornella.cat\/ca\/el-club\/jugadors-formats\/#breadcrumb\",\"itemListElement\":[{\"@type\":\"ListItem\",\"position\":1,\"name\":\"Portada\",\"item\":\"https:\/\/www.uecornella.cat\/ca\/\"},{\"@type\":\"ListItem\",\"position\":2,\"name\":\"El Club\",\"item\":\"https:\/\/www.uecornella.cat\/ca\/el-club\/\"},{\"@type\":\"ListItem\",\"position\":3,\"name\":\"Jugadors Formats\"}]},{\"@type\":\"WebSite\",\"@id\":\"https:\/\/www.uecornella.cat\/ca\/#website\",\"url\":\"https:\/\/www.uecornella.cat\/ca\/\",\"name\":\"Uni\u00f3 Esportiva Cornell\u00e0\",\"description\":\"Escuela de f\u00fatbol y club de f\u00fatbol de Cornell\u00e0\",\"publisher\":{\"@id\":\"https:\/\/www.uecornella.cat\/ca\/#organization\"},\"potentialAction\":[{\"@type\":\"SearchAction\",\"target\":{\"@type\":\"EntryPoint\",\"urlTemplate\":\"https:\/\/www.uecornella.cat\/ca\/?s={search_term_string}\"},\"query-input\":{\"@type\":\"PropertyValueSpecification\",\"valueRequired\":true,\"valueName\":\"search_term_string\"}}],\"inLanguage\":\"ca\"},{\"@type\":\"Organization\",\"@id\":\"https:\/\/www.uecornella.cat\/ca\/#organization\",\"name\":\"Uni\u00f3 Esportiva Cornell\u00e0\",\"url\":\"https:\/\/www.uecornella.cat\/ca\/\",\"logo\":{\"@type\":\"ImageObject\",\"inLanguage\":\"ca\",\"@id\":\"https:\/\/www.uecornella.cat\/ca\/#\/schema\/logo\/image\/\",\"url\":\"https:\/\/www.uecornella.cat\/wp-content\/uploads\/2022\/01\/apple-icon-144x144-1.png\",\"contentUrl\":\"https:\/\/www.uecornella.cat\/wp-content\/uploads\/2022\/01\/apple-icon-144x144-1.png\",\"width\":144,\"height\":144,\"caption\":\"Uni\u00f3 Esportiva Cornell\u00e0\"},\"image\":{\"@id\":\"https:\/\/www.uecornella.cat\/ca\/#\/schema\/logo\/image\/\"},\"sameAs\":[\"https:\/\/www.facebook.com\/UECornella?fref=ts\",\"https:\/\/x.com\/ue_cornella\",\"http:\/\/instagram.com\/uecornella\",\"https:\/\/www.youtube.com\/channel\/UCcwgya5MdVvxRn_MeD6A0vg\"]}]}<\/script>\n<!-- \/ Yoast SEO plugin. -->","yoast_head_json":{"title":"Jugadors Formats - Uni\u00f3 Esportiva Cornell\u00e0","robots":{"index":"index","follow":"follow","max-snippet":"max-snippet:-1","max-image-preview":"max-image-preview:large","max-video-preview":"max-video-preview:-1"},"canonical":"https:\/\/www.uecornella.cat\/ca\/el-club\/jugadors-formats\/","og_locale":"ca_ES","og_type":"article","og_title":"Jugadors Formats - Uni\u00f3 Esportiva Cornell\u00e0","og_description":"[vc_row][vc_column][vc_column_text] El futbol de formaci\u00f3 de la UE Cornell\u00e0 \u00e9s una refer\u00e8ncia tant a Catalunya com a \u00e0mbit europeu. Actualment, se situa en tercera posici\u00f3 en l&#8217;\u00e0mbit catal\u00e0 -just per darrera del RCD Espanyol i el FC Barcelona- una pla\u00e7a que s&#8217;ha guanyat situant als seus equips de base entre les primeres places de totes [&hellip;]","og_url":"https:\/\/www.uecornella.cat\/ca\/el-club\/jugadors-formats\/","og_site_name":"Uni\u00f3 Esportiva Cornell\u00e0","article_publisher":"https:\/\/www.facebook.com\/UECornella?fref=ts","article_modified_time":"2023-03-12T16:27:25+00:00","twitter_card":"summary_large_image","twitter_site":"@ue_cornella","twitter_misc":{"Temps estimat de lectura":"4 minuts"},"schema":{"@context":"https:\/\/schema.org","@graph":[{"@type":"WebPage","@id":"https:\/\/www.uecornella.cat\/ca\/el-club\/jugadors-formats\/","url":"https:\/\/www.uecornella.cat\/ca\/el-club\/jugadors-formats\/","name":"Jugadors Formats - Uni\u00f3 Esportiva Cornell\u00e0","isPartOf":{"@id":"https:\/\/www.uecornella.cat\/ca\/#website"},"datePublished":"2017-11-05T21:04:59+00:00","dateModified":"2023-03-12T16:27:25+00:00","breadcrumb":{"@id":"https:\/\/www.uecornella.cat\/ca\/el-club\/jugadors-formats\/#breadcrumb"},"inLanguage":"ca","potentialAction":[{"@type":"ReadAction","target":["https:\/\/www.uecornella.cat\/ca\/el-club\/jugadors-formats\/"]}]},{"@type":"BreadcrumbList","@id":"https:\/\/www.uecornella.cat\/ca\/el-club\/jugadors-formats\/#breadcrumb","itemListElement":[{"@type":"ListItem","position":1,"name":"Portada","item":"https:\/\/www.uecornella.cat\/ca\/"},{"@type":"ListItem","position":2,"name":"El Club","item":"https:\/\/www.uecornella.cat\/ca\/el-club\/"},{"@type":"ListItem","position":3,"name":"Jugadors Formats"}]},{"@type":"WebSite","@id":"https:\/\/www.uecornella.cat\/ca\/#website","url":"https:\/\/www.uecornella.cat\/ca\/","name":"Uni\u00f3 Esportiva Cornell\u00e0","description":"Escuela de f\u00fatbol y club de f\u00fatbol de Cornell\u00e0","publisher":{"@id":"https:\/\/www.uecornella.cat\/ca\/#organization"},"potentialAction":[{"@type":"SearchAction","target":{"@type":"EntryPoint","urlTemplate":"https:\/\/www.uecornella.cat\/ca\/?s={search_term_string}"},"query-input":{"@type":"PropertyValueSpecification","valueRequired":true,"valueName":"search_term_string"}}],"inLanguage":"ca"},{"@type":"Organization","@id":"https:\/\/www.uecornella.cat\/ca\/#organization","name":"Uni\u00f3 Esportiva Cornell\u00e0","url":"https:\/\/www.uecornella.cat\/ca\/","logo":{"@type":"ImageObject","inLanguage":"ca","@id":"https:\/\/www.uecornella.cat\/ca\/#\/schema\/logo\/image\/","url":"https:\/\/www.uecornella.cat\/wp-content\/uploads\/2022\/01\/apple-icon-144x144-1.png","contentUrl":"https:\/\/www.uecornella.cat\/wp-content\/uploads\/2022\/01\/apple-icon-144x144-1.png","width":144,"height":144,"caption":"Uni\u00f3 Esportiva Cornell\u00e0"},"image":{"@id":"https:\/\/www.uecornella.cat\/ca\/#\/schema\/logo\/image\/"},"sameAs":["https:\/\/www.facebook.com\/UECornella?fref=ts","https:\/\/x.com\/ue_cornella","http:\/\/instagram.com\/uecornella","https:\/\/www.youtube.com\/channel\/UCcwgya5MdVvxRn_MeD6A0vg"]}]}},"_links":{"self":[{"href":"https:\/\/www.uecornella.cat\/ca\/wp-json\/wp\/v2\/pages\/7867","targetHints":{"allow":["GET"]}}],"collection":[{"href":"https:\/\/www.uecornella.cat\/ca\/wp-json\/wp\/v2\/pages"}],"about":[{"href":"https:\/\/www.uecornella.cat\/ca\/wp-json\/wp\/v2\/types\/page"}],"author":[{"embeddable":true,"href":"https:\/\/www.uecornella.cat\/ca\/wp-json\/wp\/v2\/users\/1"}],"replies":[{"embeddable":true,"href":"https:\/\/www.uecornella.cat\/ca\/wp-json\/wp\/v2\/comments?post=7867"}],"version-history":[{"count":4,"href":"https:\/\/www.uecornella.cat\/ca\/wp-json\/wp\/v2\/pages\/7867\/revisions"}],"predecessor-version":[{"id":35978,"href":"https:\/\/www.uecornella.cat\/ca\/wp-json\/wp\/v2\/pages\/7867\/revisions\/35978"}],"up":[{"embeddable":true,"href":"https:\/\/www.uecornella.cat\/ca\/wp-json\/wp\/v2\/pages\/19851"}],"wp:attachment":[{"href":"https:\/\/www.uecornella.cat\/ca\/wp-json\/wp\/v2\/media?parent=7867"}],"curies":[{"name":"wp","href":"https:\/\/api.w.org\/{rel}","templated":true}]}}