{"id":7855,"date":"2016-09-12T09:28:42","date_gmt":"2016-09-12T07:28:42","guid":{"rendered":"http:\/\/www.uecornella.cat\/contacte\/"},"modified":"2026-04-18T12:14:48","modified_gmt":"2026-04-18T10:14:48","slug":"contacte","status":"publish","type":"page","link":"https:\/\/uecornella.cat\/ca\/contacte\/","title":{"rendered":"Contacte"},"content":{"rendered":"<div class=\"wpb-content-wrapper\"><p>[vc_row parallax=&#8221;content-moving&#8221; parallax_speed_bg=&#8221;&#8221; el_id=&#8221;formularitunejat&#8221; el_class=&#8221;formularitunejat&#8221;][vc_column el_class=&#8221;formulario-contacto&#8221;][vc_custom_heading text=&#8221;PODEU ENVIAR LES CONSULTES A AQUESTA DIRECCI\u00d3&#8221; font_container=&#8221;tag:h2|font_size:32px|text_align:center|color:%23000000&#8243; use_theme_fonts=&#8221;yes&#8221; css=&#8221;&#8221;][vc_column_text css=&#8221;&#8221;]<\/p>\n<p style=\"text-align: center;\"><a href=\"mailto:info@uecornella.cat\">info@uecornella.cat<\/a><\/p>\n<p>[\/vc_column_text][vc_row_inner css=&#8221;.vc_custom_1678963755481{margin-top: 50px !important;}&#8221;][vc_column_inner][vc_btn title=&#8221;Com arribar&#8221; align=&#8221;center&#8221; css=&#8221;&#8221; link=&#8221;url:https%3A%2F%2Fwww.google.com%2Fmaps%2Fplace%2FCamp%2Bde%2BFutbol%2BMunicipal%2Bde%2BCornell%25C3%25A0%2F%4041.3476135%2C2.0712273%2C17z%2Fdata%3D%214m10%211m2%212m1%211sue%2Bcornella%213m6%211s0x12a49953d624d70b%3A0xff9a3d86fc5431c6%218m2%213d41.3476309%214d2.0735524%2115sCgt1ZSBjb3JuZWxsYVoNIgt1ZSBjb3JuZWxsYZIBDHNvY2Nlcl9maWVsZJoBJENoZERTVWhOTUc5blMwVkpRMEZuU1VOc05tVlRiRGhuUlJBQuABAPoBBAgAEEA%2116s%252Fg%252F11b8ztz9kk%3Fentry%3Dttu%26g_ep%3DEgoyMDI2MDMyMy4xIKXMDSoASAFQAw%253D%253D|&#8221;][\/vc_column_inner][\/vc_row_inner][vc_raw_js]JTNDc2NyaXB0JTIwdHlwZSUzRCUyMnRleHQlMkZqYXZhc2NyaXB0JTIyJTNFJTBBJTI4ZnVuY3Rpb24lMjglMjQlMjklMjAlN0IlMEElMjAlMjBmdW5jdGlvbiUyMHJlZGltZW5zaW9uYSUyOCUyOSUyMCU3QiUwQSUyMCUyMCUyMCUyMHZhciUyMGFtcGxlJTIwJTNEJTIwJTI0JTI4JTI3JTIzcGFnZSUyNyUyOS53aWR0aCUyOCUyOSUzQiUwQSUyMCUyMCUyMCUyMGlmJTIwJTI4YW1wbGUlMjAlM0UlMjAxMTcwJTI5JTIwJTdCJTBBJTIwJTIwJTIwJTIwJTIwJTIwdmFyJTIwbWFyZ2UlMjAlM0QlMjAlMjhhbXBsZSUyMC0lMjAxMjAwJTI5JTJGMiUzQiUwQSUyMCUyMCUyMCUyMCUyMCUyMCUyNCUyOCUyNyUyM2Zvcm11bGFyaXR1bmVqYXQlMjclMjkuY3NzJTI4JTIwJTdCJTBBJTIwJTIwJTIwJTIwJTIwJTIwJTIwJTIwJTIycG9zaXRpb24lMjIlMjAlM0ElMjAlMjJyZWxhdGl2ZSUyMiUyQyUwQSUyMCUyMCUyMCUyMCUyMCUyMCUyMCUyMCUyMmxlZnQlMjIlMjAlM0ElMjAlMjItJTIyJTJCbWFyZ2UlMkIlMjJweCUyMiUyQyUwQSUyMCUyMCUyMCUyMCUyMCUyMCUyMCUyMCUyMmJveC1zaXppbmclMjIlMjAlM0ElMjAlMjJib3JkZXItYm94JTIyJTJDJTBBJTIwJTIwJTIwJTIwJTIwJTIwJTIwJTIwJTIyd2lkdGglMjIlMjAlM0ElMjBhbXBsZSUyQiUyMnB4JTIyJTJDJTBBJTIwJTIwJTIwJTIwJTIwJTIwJTIwJTIwJTIycGFkZGluZy1sZWZ0JTIyJTIwJTNBJTIwbWFyZ2UlMkIlMjJweCUyMiUyQyUwQSUyMCUyMCUyMCUyMCUyMCUyMCUyMCUyMCUyMnBhZGRpbmctcmlnaHQlMjIlMjAlM0ElMjBtYXJnZSUyQiUyMnB4JTIyJTBBJTIwJTIwJTIwJTIwJTIwJTIwJTIwJTIwJTdEJTI5JTNCJTBBJTIwJTIwJTIwJTIwJTdEJTIwZWxzZSUyMCU3QiUwQSUyMCUyMCUyMCUyMCUyMCUyMCUyNCUyOCUyNyUyM2Zvcm11bGFyaXR1bmVqYXQlMjclMjkucmVtb3ZlQXR0ciUyOCUyMnN0eWxlJTIyJTI5JTNCJTBBJTIwJTIwJTIwJTIwJTIwJTIwJTdEJTBBJTIwJTIwJTIwJTIwY29uc29sZS5sb2clMjglMjQlMjglMjclMjNmb3JtdWxhcml0dW5lamF0JTI3JTI5LndpZHRoJTI4JTI5JTI5JTNCJTBBJTIwJTIwJTIwJTIwJTdEJTBBJTIwJTIwJTI0JTI4ZG9jdW1lbnQlMjkucmVhZHklMjhmdW5jdGlvbiUyOCUyOSUyMCU3QiUwQSUyMCUyMCUyMCUyMHJlZGltZW5zaW9uYSUyOCUyOSUzQiUwQSUyMCUyMCUyMCUyMCU3RCUyOSUzQiUwQSUyMCUyMCUyNCUyOHdpbmRvdyUyOS5yZXNpemUlMjhmdW5jdGlvbiUyOCUyOSUyMCU3QiUwQSUyMCUyMCUyMCUyMHJlZGltZW5zaW9uYSUyOCUyOSUzQiUwQSUyMCUyMCUyMCUyMCU3RCUyOSUzQiUwQSU3RCUyOSUyMCUyOGpRdWVyeSUyOSUzQiUwQSUzQyUyRnNjcmlwdCUzRQ==[\/vc_raw_js][\/vc_column][\/vc_row]<\/p>\n<\/div>","protected":false},"excerpt":{"rendered":"<p>[vc_row parallax=&#8221;content-moving&#8221; parallax_speed_bg=&#8221;&#8221; el_id=&#8221;formularitunejat&#8221; el_class=&#8221;formularitunejat&#8221;][vc_column el_class=&#8221;formulario-contacto&#8221;][vc_custom_heading text=&#8221;PODEU ENVIAR LES CONSULTES A AQUESTA DIRECCI\u00d3&#8221; font_container=&#8221;tag:h2|font_size:32px|text_align:center|color:%23000000&#8243; use_theme_fonts=&#8221;yes&#8221; css=&#8221;&#8221;][vc_column_text css=&#8221;&#8221;] info@uecornella.cat [\/vc_column_text][vc_row_inner css=&#8221;.vc_custom_1678963755481{margin-top: 50px !important;}&#8221;][vc_column_inner][vc_btn title=&#8221;Com arribar&#8221; align=&#8221;center&#8221; css=&#8221;&#8221; link=&#8221;url:https%3A%2F%2Fwww.google.com%2Fmaps%2Fplace%2FCamp%2Bde%2BFutbol%2BMunicipal%2Bde%2BCornell%25C3%25A0%2F%4041.3476135%2C2.0712273%2C17z%2Fdata%3D%214m10%211m2%212m1%211sue%2Bcornella%213m6%211s0x12a49953d624d70b%3A0xff9a3d86fc5431c6%218m2%213d41.3476309%214d2.0735524%2115sCgt1ZSBjb3JuZWxsYVoNIgt1ZSBjb3JuZWxsYZIBDHNvY2Nlcl9maWVsZJoBJENoZERTVWhOTUc5blMwVkpRMEZuU1VOc05tVlRiRGhuUlJBQuABAPoBBAgAEEA%2116s%252Fg%252F11b8ztz9kk%3Fentry%3Dttu%26g_ep%3DEgoyMDI2MDMyMy4xIKXMDSoASAFQAw%253D%253D|&#8221;][\/vc_column_inner][\/vc_row_inner][vc_raw_js]JTNDc2NyaXB0JTIwdHlwZSUzRCUyMnRleHQlMkZqYXZhc2NyaXB0JTIyJTNFJTBBJTI4ZnVuY3Rpb24lMjglMjQlMjklMjAlN0IlMEElMjAlMjBmdW5jdGlvbiUyMHJlZGltZW5zaW9uYSUyOCUyOSUyMCU3QiUwQSUyMCUyMCUyMCUyMHZhciUyMGFtcGxlJTIwJTNEJTIwJTI0JTI4JTI3JTIzcGFnZSUyNyUyOS53aWR0aCUyOCUyOSUzQiUwQSUyMCUyMCUyMCUyMGlmJTIwJTI4YW1wbGUlMjAlM0UlMjAxMTcwJTI5JTIwJTdCJTBBJTIwJTIwJTIwJTIwJTIwJTIwdmFyJTIwbWFyZ2UlMjAlM0QlMjAlMjhhbXBsZSUyMC0lMjAxMjAwJTI5JTJGMiUzQiUwQSUyMCUyMCUyMCUyMCUyMCUyMCUyNCUyOCUyNyUyM2Zvcm11bGFyaXR1bmVqYXQlMjclMjkuY3NzJTI4JTIwJTdCJTBBJTIwJTIwJTIwJTIwJTIwJTIwJTIwJTIwJTIycG9zaXRpb24lMjIlMjAlM0ElMjAlMjJyZWxhdGl2ZSUyMiUyQyUwQSUyMCUyMCUyMCUyMCUyMCUyMCUyMCUyMCUyMmxlZnQlMjIlMjAlM0ElMjAlMjItJTIyJTJCbWFyZ2UlMkIlMjJweCUyMiUyQyUwQSUyMCUyMCUyMCUyMCUyMCUyMCUyMCUyMCUyMmJveC1zaXppbmclMjIlMjAlM0ElMjAlMjJib3JkZXItYm94JTIyJTJDJTBBJTIwJTIwJTIwJTIwJTIwJTIwJTIwJTIwJTIyd2lkdGglMjIlMjAlM0ElMjBhbXBsZSUyQiUyMnB4JTIyJTJDJTBBJTIwJTIwJTIwJTIwJTIwJTIwJTIwJTIwJTIycGFkZGluZy1sZWZ0JTIyJTIwJTNBJTIwbWFyZ2UlMkIlMjJweCUyMiUyQyUwQSUyMCUyMCUyMCUyMCUyMCUyMCUyMCUyMCUyMnBhZGRpbmctcmlnaHQlMjIlMjAlM0ElMjBtYXJnZSUyQiUyMnB4JTIyJTBBJTIwJTIwJTIwJTIwJTIwJTIwJTIwJTIwJTdEJTI5JTNCJTBBJTIwJTIwJTIwJTIwJTdEJTIwZWxzZSUyMCU3QiUwQSUyMCUyMCUyMCUyMCUyMCUyMCUyNCUyOCUyNyUyM2Zvcm11bGFyaXR1bmVqYXQlMjclMjkucmVtb3ZlQXR0ciUyOCUyMnN0eWxlJTIyJTI5JTNCJTBBJTIwJTIwJTIwJTIwJTIwJTIwJTdEJTBBJTIwJTIwJTIwJTIwY29uc29sZS5sb2clMjglMjQlMjglMjclMjNmb3JtdWxhcml0dW5lamF0JTI3JTI5LndpZHRoJTI4JTI5JTI5JTNCJTBBJTIwJTIwJTIwJTIwJTdEJTBBJTIwJTIwJTI0JTI4ZG9jdW1lbnQlMjkucmVhZHklMjhmdW5jdGlvbiUyOCUyOSUyMCU3QiUwQSUyMCUyMCUyMCUyMHJlZGltZW5zaW9uYSUyOCUyOSUzQiUwQSUyMCUyMCUyMCUyMCU3RCUyOSUzQiUwQSUyMCUyMCUyNCUyOHdpbmRvdyUyOS5yZXNpemUlMjhmdW5jdGlvbiUyOCUyOSUyMCU3QiUwQSUyMCUyMCUyMCUyMHJlZGltZW5zaW9uYSUyOCUyOSUzQiUwQSUyMCUyMCUyMCUyMCU3RCUyOSUzQiUwQSU3RCUyOSUyMCUyOGpRdWVyeSUyOSUzQiUwQSUzQyUyRnNjcmlwdCUzRQ==[\/vc_raw_js][\/vc_column][\/vc_row]<\/p>\n","protected":false},"author":1,"featured_media":0,"parent":0,"menu_order":0,"comment_status":"closed","ping_status":"closed","template":"","meta":{"_acf_changed":false,"footnotes":""},"class_list":["post-7855","page","type-page","status-publish","hentry"],"acf":[],"yoast_head":"<!-- This site is optimized with the Yoast SEO plugin v25.8 - https:\/\/yoast.com\/wordpress\/plugins\/seo\/ -->\n<title>Contacte - Uni\u00f3 Esportiva Cornell\u00e0<\/title>\n<meta name=\"robots\" content=\"index, follow, max-snippet:-1, max-image-preview:large, max-video-preview:-1\" \/>\n<link rel=\"canonical\" href=\"https:\/\/uecornella.cat\/ca\/contacte\/\" \/>\n<meta property=\"og:locale\" content=\"ca_ES\" \/>\n<meta property=\"og:type\" content=\"article\" \/>\n<meta property=\"og:title\" content=\"Contacte - Uni\u00f3 Esportiva Cornell\u00e0\" \/>\n<meta property=\"og:description\" content=\"[vc_row parallax=&#8221;content-moving&#8221; parallax_speed_bg=&#8221;&#8221; el_id=&#8221;formularitunejat&#8221; el_class=&#8221;formularitunejat&#8221;][vc_column el_class=&#8221;formulario-contacto&#8221;][vc_custom_heading text=&#8221;PODEU ENVIAR LES CONSULTES A AQUESTA DIRECCI\u00d3&#8221; font_container=&#8221;tag:h2|font_size:32px|text_align:center|color:%23000000&#8243; use_theme_fonts=&#8221;yes&#8221; css=&#8221;&#8221;][vc_column_text css=&#8221;&#8221;] info@uecornella.cat [\/vc_column_text][vc_row_inner css=&#8221;.vc_custom_1678963755481{margin-top: 50px !important;}&#8221;][vc_column_inner][vc_btn title=&#8221;Com arribar&#8221; align=&#8221;center&#8221; css=&#8221;&#8221; link=&#8221;url:https%3A%2F%2Fwww.google.com%2Fmaps%2Fplace%2FCamp%2Bde%2BFutbol%2BMunicipal%2Bde%2BCornell%25C3%25A0%2F%4041.3476135%2C2.0712273%2C17z%2Fdata%3D%214m10%211m2%212m1%211sue%2Bcornella%213m6%211s0x12a49953d624d70b%3A0xff9a3d86fc5431c6%218m2%213d41.3476309%214d2.0735524%2115sCgt1ZSBjb3JuZWxsYVoNIgt1ZSBjb3JuZWxsYZIBDHNvY2Nlcl9maWVsZJoBJENoZERTVWhOTUc5blMwVkpRMEZuU1VOc05tVlRiRGhuUlJBQuABAPoBBAgAEEA%2116s%252Fg%252F11b8ztz9kk%3Fentry%3Dttu%26g_ep%3DEgoyMDI2MDMyMy4xIKXMDSoASAFQAw%253D%253D|&#8221;][\/vc_column_inner][\/vc_row_inner][vc_raw_js]JTNDc2NyaXB0JTIwdHlwZSUzRCUyMnRleHQlMkZqYXZhc2NyaXB0JTIyJTNFJTBBJTI4ZnVuY3Rpb24lMjglMjQlMjklMjAlN0IlMEElMjAlMjBmdW5jdGlvbiUyMHJlZGltZW5zaW9uYSUyOCUyOSUyMCU3QiUwQSUyMCUyMCUyMCUyMHZhciUyMGFtcGxlJTIwJTNEJTIwJTI0JTI4JTI3JTIzcGFnZSUyNyUyOS53aWR0aCUyOCUyOSUzQiUwQSUyMCUyMCUyMCUyMGlmJTIwJTI4YW1wbGUlMjAlM0UlMjAxMTcwJTI5JTIwJTdCJTBBJTIwJTIwJTIwJTIwJTIwJTIwdmFyJTIwbWFyZ2UlMjAlM0QlMjAlMjhhbXBsZSUyMC0lMjAxMjAwJTI5JTJGMiUzQiUwQSUyMCUyMCUyMCUyMCUyMCUyMCUyNCUyOCUyNyUyM2Zvcm11bGFyaXR1bmVqYXQlMjclMjkuY3NzJTI4JTIwJTdCJTBBJTIwJTIwJTIwJTIwJTIwJTIwJTIwJTIwJTIycG9zaXRpb24lMjIlMjAlM0ElMjAlMjJyZWxhdGl2ZSUyMiUyQyUwQSUyMCUyMCUyMCUyMCUyMCUyMCUyMCUyMCUyMmxlZnQlMjIlMjAlM0ElMjAlMjItJTIyJTJCbWFyZ2UlMkIlMjJweCUyMiUyQyUwQSUyMCUyMCUyMCUyMCUyMCUyMCUyMCUyMCUyMmJveC1zaXppbmclMjIlMjAlM0ElMjAlMjJib3JkZXItYm94JTIyJTJDJTBBJTIwJTIwJTIwJTIwJTIwJTIwJTIwJTIwJTIyd2lkdGglMjIlMjAlM0ElMjBhbXBsZSUyQiUyMnB4JTIyJTJDJTBBJTIwJTIwJTIwJTIwJTIwJTIwJTIwJTIwJTIycGFkZGluZy1sZWZ0JTIyJTIwJTNBJTIwbWFyZ2UlMkIlMjJweCUyMiUyQyUwQSUyMCUyMCUyMCUyMCUyMCUyMCUyMCUyMCUyMnBhZGRpbmctcmlnaHQlMjIlMjAlM0ElMjBtYXJnZSUyQiUyMnB4JTIyJTBBJTIwJTIwJTIwJTIwJTIwJTIwJTIwJTIwJTdEJTI5JTNCJTBBJTIwJTIwJTIwJTIwJTdEJTIwZWxzZSUyMCU3QiUwQSUyMCUyMCUyMCUyMCUyMCUyMCUyNCUyOCUyNyUyM2Zvcm11bGFyaXR1bmVqYXQlMjclMjkucmVtb3ZlQXR0ciUyOCUyMnN0eWxlJTIyJTI5JTNCJTBBJTIwJTIwJTIwJTIwJTIwJTIwJTdEJTBBJTIwJTIwJTIwJTIwY29uc29sZS5sb2clMjglMjQlMjglMjclMjNmb3JtdWxhcml0dW5lamF0JTI3JTI5LndpZHRoJTI4JTI5JTI5JTNCJTBBJTIwJTIwJTIwJTIwJTdEJTBBJTIwJTIwJTI0JTI4ZG9jdW1lbnQlMjkucmVhZHklMjhmdW5jdGlvbiUyOCUyOSUyMCU3QiUwQSUyMCUyMCUyMCUyMHJlZGltZW5zaW9uYSUyOCUyOSUzQiUwQSUyMCUyMCUyMCUyMCU3RCUyOSUzQiUwQSUyMCUyMCUyNCUyOHdpbmRvdyUyOS5yZXNpemUlMjhmdW5jdGlvbiUyOCUyOSUyMCU3QiUwQSUyMCUyMCUyMCUyMHJlZGltZW5zaW9uYSUyOCUyOSUzQiUwQSUyMCUyMCUyMCUyMCU3RCUyOSUzQiUwQSU3RCUyOSUyMCUyOGpRdWVyeSUyOSUzQiUwQSUzQyUyRnNjcmlwdCUzRQ==[\/vc_raw_js][\/vc_column][\/vc_row]\" \/>\n<meta property=\"og:url\" content=\"https:\/\/uecornella.cat\/ca\/contacte\/\" \/>\n<meta property=\"og:site_name\" content=\"Uni\u00f3 Esportiva Cornell\u00e0\" \/>\n<meta property=\"article:publisher\" content=\"https:\/\/www.facebook.com\/UECornella?fref=ts\" \/>\n<meta property=\"article:modified_time\" content=\"2026-04-18T10:14:48+00:00\" \/>\n<meta name=\"twitter:card\" content=\"summary_large_image\" \/>\n<meta name=\"twitter:site\" content=\"@ue_cornella\" \/>\n<meta name=\"twitter:label1\" content=\"Temps estimat de lectura\" \/>\n\t<meta name=\"twitter:data1\" content=\"1 minut\" \/>\n<script type=\"application\/ld+json\" class=\"yoast-schema-graph\">{\"@context\":\"https:\/\/schema.org\",\"@graph\":[{\"@type\":\"WebPage\",\"@id\":\"https:\/\/uecornella.cat\/ca\/contacte\/\",\"url\":\"https:\/\/uecornella.cat\/ca\/contacte\/\",\"name\":\"Contacte - Uni\u00f3 Esportiva Cornell\u00e0\",\"isPartOf\":{\"@id\":\"https:\/\/uecornella.cat\/ca\/#website\"},\"datePublished\":\"2016-09-12T07:28:42+00:00\",\"dateModified\":\"2026-04-18T10:14:48+00:00\",\"breadcrumb\":{\"@id\":\"https:\/\/uecornella.cat\/ca\/contacte\/#breadcrumb\"},\"inLanguage\":\"ca\",\"potentialAction\":[{\"@type\":\"ReadAction\",\"target\":[\"https:\/\/uecornella.cat\/ca\/contacte\/\"]}]},{\"@type\":\"BreadcrumbList\",\"@id\":\"https:\/\/uecornella.cat\/ca\/contacte\/#breadcrumb\",\"itemListElement\":[{\"@type\":\"ListItem\",\"position\":1,\"name\":\"Portada\",\"item\":\"https:\/\/uecornella.cat\/ca\/\"},{\"@type\":\"ListItem\",\"position\":2,\"name\":\"Contacte\"}]},{\"@type\":\"WebSite\",\"@id\":\"https:\/\/uecornella.cat\/ca\/#website\",\"url\":\"https:\/\/uecornella.cat\/ca\/\",\"name\":\"Uni\u00f3 Esportiva Cornell\u00e0\",\"description\":\"Escuela de f\u00fatbol y club de f\u00fatbol de Cornell\u00e0\",\"publisher\":{\"@id\":\"https:\/\/uecornella.cat\/ca\/#organization\"},\"potentialAction\":[{\"@type\":\"SearchAction\",\"target\":{\"@type\":\"EntryPoint\",\"urlTemplate\":\"https:\/\/uecornella.cat\/ca\/?s={search_term_string}\"},\"query-input\":{\"@type\":\"PropertyValueSpecification\",\"valueRequired\":true,\"valueName\":\"search_term_string\"}}],\"inLanguage\":\"ca\"},{\"@type\":\"Organization\",\"@id\":\"https:\/\/uecornella.cat\/ca\/#organization\",\"name\":\"Uni\u00f3 Esportiva Cornell\u00e0\",\"url\":\"https:\/\/uecornella.cat\/ca\/\",\"logo\":{\"@type\":\"ImageObject\",\"inLanguage\":\"ca\",\"@id\":\"https:\/\/uecornella.cat\/ca\/#\/schema\/logo\/image\/\",\"url\":\"https:\/\/www.uecornella.cat\/wp-content\/uploads\/2022\/01\/apple-icon-144x144-1.png\",\"contentUrl\":\"https:\/\/www.uecornella.cat\/wp-content\/uploads\/2022\/01\/apple-icon-144x144-1.png\",\"width\":144,\"height\":144,\"caption\":\"Uni\u00f3 Esportiva Cornell\u00e0\"},\"image\":{\"@id\":\"https:\/\/uecornella.cat\/ca\/#\/schema\/logo\/image\/\"},\"sameAs\":[\"https:\/\/www.facebook.com\/UECornella?fref=ts\",\"https:\/\/x.com\/ue_cornella\",\"http:\/\/instagram.com\/uecornella\",\"https:\/\/www.youtube.com\/channel\/UCcwgya5MdVvxRn_MeD6A0vg\"]}]}<\/script>\n<!-- \/ Yoast SEO plugin. -->","yoast_head_json":{"title":"Contacte - Uni\u00f3 Esportiva Cornell\u00e0","robots":{"index":"index","follow":"follow","max-snippet":"max-snippet:-1","max-image-preview":"max-image-preview:large","max-video-preview":"max-video-preview:-1"},"canonical":"https:\/\/uecornella.cat\/ca\/contacte\/","og_locale":"ca_ES","og_type":"article","og_title":"Contacte - Uni\u00f3 Esportiva Cornell\u00e0","og_description":"[vc_row parallax=&#8221;content-moving&#8221; parallax_speed_bg=&#8221;&#8221; el_id=&#8221;formularitunejat&#8221; el_class=&#8221;formularitunejat&#8221;][vc_column el_class=&#8221;formulario-contacto&#8221;][vc_custom_heading text=&#8221;PODEU ENVIAR LES CONSULTES A AQUESTA DIRECCI\u00d3&#8221; font_container=&#8221;tag:h2|font_size:32px|text_align:center|color:%23000000&#8243; use_theme_fonts=&#8221;yes&#8221; css=&#8221;&#8221;][vc_column_text css=&#8221;&#8221;] info@uecornella.cat [\/vc_column_text][vc_row_inner css=&#8221;.vc_custom_1678963755481{margin-top: 50px !important;}&#8221;][vc_column_inner][vc_btn title=&#8221;Com arribar&#8221; align=&#8221;center&#8221; css=&#8221;&#8221; link=&#8221;url:https%3A%2F%2Fwww.google.com%2Fmaps%2Fplace%2FCamp%2Bde%2BFutbol%2BMunicipal%2Bde%2BCornell%25C3%25A0%2F%4041.3476135%2C2.0712273%2C17z%2Fdata%3D%214m10%211m2%212m1%211sue%2Bcornella%213m6%211s0x12a49953d624d70b%3A0xff9a3d86fc5431c6%218m2%213d41.3476309%214d2.0735524%2115sCgt1ZSBjb3JuZWxsYVoNIgt1ZSBjb3JuZWxsYZIBDHNvY2Nlcl9maWVsZJoBJENoZERTVWhOTUc5blMwVkpRMEZuU1VOc05tVlRiRGhuUlJBQuABAPoBBAgAEEA%2116s%252Fg%252F11b8ztz9kk%3Fentry%3Dttu%26g_ep%3DEgoyMDI2MDMyMy4xIKXMDSoASAFQAw%253D%253D|&#8221;][\/vc_column_inner][\/vc_row_inner][vc_raw_js]JTNDc2NyaXB0JTIwdHlwZSUzRCUyMnRleHQlMkZqYXZhc2NyaXB0JTIyJTNFJTBBJTI4ZnVuY3Rpb24lMjglMjQlMjklMjAlN0IlMEElMjAlMjBmdW5jdGlvbiUyMHJlZGltZW5zaW9uYSUyOCUyOSUyMCU3QiUwQSUyMCUyMCUyMCUyMHZhciUyMGFtcGxlJTIwJTNEJTIwJTI0JTI4JTI3JTIzcGFnZSUyNyUyOS53aWR0aCUyOCUyOSUzQiUwQSUyMCUyMCUyMCUyMGlmJTIwJTI4YW1wbGUlMjAlM0UlMjAxMTcwJTI5JTIwJTdCJTBBJTIwJTIwJTIwJTIwJTIwJTIwdmFyJTIwbWFyZ2UlMjAlM0QlMjAlMjhhbXBsZSUyMC0lMjAxMjAwJTI5JTJGMiUzQiUwQSUyMCUyMCUyMCUyMCUyMCUyMCUyNCUyOCUyNyUyM2Zvcm11bGFyaXR1bmVqYXQlMjclMjkuY3NzJTI4JTIwJTdCJTBBJTIwJTIwJTIwJTIwJTIwJTIwJTIwJTIwJTIycG9zaXRpb24lMjIlMjAlM0ElMjAlMjJyZWxhdGl2ZSUyMiUyQyUwQSUyMCUyMCUyMCUyMCUyMCUyMCUyMCUyMCUyMmxlZnQlMjIlMjAlM0ElMjAlMjItJTIyJTJCbWFyZ2UlMkIlMjJweCUyMiUyQyUwQSUyMCUyMCUyMCUyMCUyMCUyMCUyMCUyMCUyMmJveC1zaXppbmclMjIlMjAlM0ElMjAlMjJib3JkZXItYm94JTIyJTJDJTBBJTIwJTIwJTIwJTIwJTIwJTIwJTIwJTIwJTIyd2lkdGglMjIlMjAlM0ElMjBhbXBsZSUyQiUyMnB4JTIyJTJDJTBBJTIwJTIwJTIwJTIwJTIwJTIwJTIwJTIwJTIycGFkZGluZy1sZWZ0JTIyJTIwJTNBJTIwbWFyZ2UlMkIlMjJweCUyMiUyQyUwQSUyMCUyMCUyMCUyMCUyMCUyMCUyMCUyMCUyMnBhZGRpbmctcmlnaHQlMjIlMjAlM0ElMjBtYXJnZSUyQiUyMnB4JTIyJTBBJTIwJTIwJTIwJTIwJTIwJTIwJTIwJTIwJTdEJTI5JTNCJTBBJTIwJTIwJTIwJTIwJTdEJTIwZWxzZSUyMCU3QiUwQSUyMCUyMCUyMCUyMCUyMCUyMCUyNCUyOCUyNyUyM2Zvcm11bGFyaXR1bmVqYXQlMjclMjkucmVtb3ZlQXR0ciUyOCUyMnN0eWxlJTIyJTI5JTNCJTBBJTIwJTIwJTIwJTIwJTIwJTIwJTdEJTBBJTIwJTIwJTIwJTIwY29uc29sZS5sb2clMjglMjQlMjglMjclMjNmb3JtdWxhcml0dW5lamF0JTI3JTI5LndpZHRoJTI4JTI5JTI5JTNCJTBBJTIwJTIwJTIwJTIwJTdEJTBBJTIwJTIwJTI0JTI4ZG9jdW1lbnQlMjkucmVhZHklMjhmdW5jdGlvbiUyOCUyOSUyMCU3QiUwQSUyMCUyMCUyMCUyMHJlZGltZW5zaW9uYSUyOCUyOSUzQiUwQSUyMCUyMCUyMCUyMCU3RCUyOSUzQiUwQSUyMCUyMCUyNCUyOHdpbmRvdyUyOS5yZXNpemUlMjhmdW5jdGlvbiUyOCUyOSUyMCU3QiUwQSUyMCUyMCUyMCUyMHJlZGltZW5zaW9uYSUyOCUyOSUzQiUwQSUyMCUyMCUyMCUyMCU3RCUyOSUzQiUwQSU3RCUyOSUyMCUyOGpRdWVyeSUyOSUzQiUwQSUzQyUyRnNjcmlwdCUzRQ==[\/vc_raw_js][\/vc_column][\/vc_row]","og_url":"https:\/\/uecornella.cat\/ca\/contacte\/","og_site_name":"Uni\u00f3 Esportiva Cornell\u00e0","article_publisher":"https:\/\/www.facebook.com\/UECornella?fref=ts","article_modified_time":"2026-04-18T10:14:48+00:00","twitter_card":"summary_large_image","twitter_site":"@ue_cornella","twitter_misc":{"Temps estimat de lectura":"1 minut"},"schema":{"@context":"https:\/\/schema.org","@graph":[{"@type":"WebPage","@id":"https:\/\/uecornella.cat\/ca\/contacte\/","url":"https:\/\/uecornella.cat\/ca\/contacte\/","name":"Contacte - Uni\u00f3 Esportiva Cornell\u00e0","isPartOf":{"@id":"https:\/\/uecornella.cat\/ca\/#website"},"datePublished":"2016-09-12T07:28:42+00:00","dateModified":"2026-04-18T10:14:48+00:00","breadcrumb":{"@id":"https:\/\/uecornella.cat\/ca\/contacte\/#breadcrumb"},"inLanguage":"ca","potentialAction":[{"@type":"ReadAction","target":["https:\/\/uecornella.cat\/ca\/contacte\/"]}]},{"@type":"BreadcrumbList","@id":"https:\/\/uecornella.cat\/ca\/contacte\/#breadcrumb","itemListElement":[{"@type":"ListItem","position":1,"name":"Portada","item":"https:\/\/uecornella.cat\/ca\/"},{"@type":"ListItem","position":2,"name":"Contacte"}]},{"@type":"WebSite","@id":"https:\/\/uecornella.cat\/ca\/#website","url":"https:\/\/uecornella.cat\/ca\/","name":"Uni\u00f3 Esportiva Cornell\u00e0","description":"Escuela de f\u00fatbol y club de f\u00fatbol de Cornell\u00e0","publisher":{"@id":"https:\/\/uecornella.cat\/ca\/#organization"},"potentialAction":[{"@type":"SearchAction","target":{"@type":"EntryPoint","urlTemplate":"https:\/\/uecornella.cat\/ca\/?s={search_term_string}"},"query-input":{"@type":"PropertyValueSpecification","valueRequired":true,"valueName":"search_term_string"}}],"inLanguage":"ca"},{"@type":"Organization","@id":"https:\/\/uecornella.cat\/ca\/#organization","name":"Uni\u00f3 Esportiva Cornell\u00e0","url":"https:\/\/uecornella.cat\/ca\/","logo":{"@type":"ImageObject","inLanguage":"ca","@id":"https:\/\/uecornella.cat\/ca\/#\/schema\/logo\/image\/","url":"https:\/\/www.uecornella.cat\/wp-content\/uploads\/2022\/01\/apple-icon-144x144-1.png","contentUrl":"https:\/\/www.uecornella.cat\/wp-content\/uploads\/2022\/01\/apple-icon-144x144-1.png","width":144,"height":144,"caption":"Uni\u00f3 Esportiva Cornell\u00e0"},"image":{"@id":"https:\/\/uecornella.cat\/ca\/#\/schema\/logo\/image\/"},"sameAs":["https:\/\/www.facebook.com\/UECornella?fref=ts","https:\/\/x.com\/ue_cornella","http:\/\/instagram.com\/uecornella","https:\/\/www.youtube.com\/channel\/UCcwgya5MdVvxRn_MeD6A0vg"]}]}},"_links":{"self":[{"href":"https:\/\/uecornella.cat\/ca\/wp-json\/wp\/v2\/pages\/7855","targetHints":{"allow":["GET"]}}],"collection":[{"href":"https:\/\/uecornella.cat\/ca\/wp-json\/wp\/v2\/pages"}],"about":[{"href":"https:\/\/uecornella.cat\/ca\/wp-json\/wp\/v2\/types\/page"}],"author":[{"embeddable":true,"href":"https:\/\/uecornella.cat\/ca\/wp-json\/wp\/v2\/users\/1"}],"replies":[{"embeddable":true,"href":"https:\/\/uecornella.cat\/ca\/wp-json\/wp\/v2\/comments?post=7855"}],"version-history":[{"count":25,"href":"https:\/\/uecornella.cat\/ca\/wp-json\/wp\/v2\/pages\/7855\/revisions"}],"predecessor-version":[{"id":50908,"href":"https:\/\/uecornella.cat\/ca\/wp-json\/wp\/v2\/pages\/7855\/revisions\/50908"}],"wp:attachment":[{"href":"https:\/\/uecornella.cat\/ca\/wp-json\/wp\/v2\/media?parent=7855"}],"curies":[{"name":"wp","href":"https:\/\/api.w.org\/{rel}","templated":true}]}}