{"id":7835,"date":"2017-11-12T17:51:01","date_gmt":"2017-11-12T17:51:01","guid":{"rendered":"http:\/\/www.uecornella.cat\/primer-equip\/plantilla\/"},"modified":"2025-01-15T09:51:37","modified_gmt":"2025-01-15T09:51:37","slug":"plantilla","status":"publish","type":"page","link":"https:\/\/www.uecornella.cat\/ca\/primer-equip\/plantilla\/","title":{"rendered":"Plantilla"},"content":{"rendered":"<div class=\"wpb-content-wrapper\"><p>&nbsp;<\/p>\n<p>[vc_row][vc_column][vc_column_text]<div class=\"button-group filter-button-group\"><button class=\"actiu\" data-filter=\"*\">Todos<\/button><button data-filter=\".porter\">porter<\/button><button data-filter=\".defensa\">defensa<\/button><button data-filter=\".mig\">centrecampista<\/button><button data-filter=\".davanter\">davanter<\/button><\/div><div class=\"jugadorsplantillawrapper\"><div class=\"jugador porter\"><a class=\"thickbox\" href=\"https:\/\/www.uecornella.cat\/wp-content\/uploads\/2025\/09\/ISAAC.png\"><div class=\"imatge\" style=\"background-image:url(https:\/\/www.uecornella.cat\/wp-content\/uploads\/2025\/09\/ISAAC-213x290.png);\"><\/div><div class=\"texte\">13 | ISAAC VILA<\/div><\/a><\/div><div class=\"jugador porter\"><a class=\"thickbox\" href=\"https:\/\/www.uecornella.cat\/wp-content\/uploads\/2025\/09\/MINO.png\"><div class=\"imatge\" style=\"background-image:url(https:\/\/www.uecornella.cat\/wp-content\/uploads\/2025\/09\/MINO-213x290.png);\"><\/div><div class=\"texte\">1 | RUB\u00c9N MI\u00d1O<\/div><\/a><\/div><div class=\"jugador defensa\"><a class=\"thickbox\" href=\"https:\/\/www.uecornella.cat\/wp-content\/uploads\/2025\/09\/MANEL.png\"><div class=\"imatge\" style=\"background-image:url(https:\/\/www.uecornella.cat\/wp-content\/uploads\/2025\/09\/MANEL-213x290.png);\"><\/div><div class=\"texte\">22 | MANEL LOZANO<\/div><\/a><\/div><div class=\"jugador defensa\"><a class=\"thickbox\" href=\"https:\/\/www.uecornella.cat\/wp-content\/uploads\/2025\/09\/DIDAC.png\"><div class=\"imatge\" style=\"background-image:url(https:\/\/www.uecornella.cat\/wp-content\/uploads\/2025\/09\/DIDAC-213x290.png);\"><\/div><div class=\"texte\">17 | D\u00cdDAC<\/div><\/a><\/div><div class=\"jugador defensa\"><a class=\"thickbox\" href=\"https:\/\/www.uecornella.cat\/wp-content\/uploads\/2025\/09\/GONZALO.png\"><div class=\"imatge\" style=\"background-image:url(https:\/\/www.uecornella.cat\/wp-content\/uploads\/2025\/09\/GONZALO-213x290.png);\"><\/div><div class=\"texte\">14 | GONZALO PEREIRA<\/div><\/a><\/div><div class=\"jugador defensa\"><a class=\"thickbox\" href=\"https:\/\/www.uecornella.cat\/wp-content\/uploads\/2025\/09\/TOMAS.png\"><div class=\"imatge\" style=\"background-image:url(https:\/\/www.uecornella.cat\/wp-content\/uploads\/2025\/09\/TOMAS-213x290.png);\"><\/div><div class=\"texte\">5 | TOM\u00c1S PE\u00d1ALBA<\/div><\/a><\/div><div class=\"jugador defensa\"><a class=\"thickbox\" href=\"https:\/\/www.uecornella.cat\/wp-content\/uploads\/2025\/09\/IVAN.png\"><div class=\"imatge\" style=\"background-image:url(https:\/\/www.uecornella.cat\/wp-content\/uploads\/2025\/09\/IVAN-213x290.png);\"><\/div><div class=\"texte\">4 | IV\u00c1N DE LA PE\u00d1A<\/div><\/a><\/div><div class=\"jugador defensa\"><a class=\"thickbox\" href=\"https:\/\/www.uecornella.cat\/wp-content\/uploads\/2025\/09\/GERARD.png\"><div class=\"imatge\" style=\"background-image:url(https:\/\/www.uecornella.cat\/wp-content\/uploads\/2025\/09\/GERARD-213x290.png);\"><\/div><div class=\"texte\">3 | GERARD GLEZ.<\/div><\/a><\/div><div class=\"jugador defensa\"><a class=\"thickbox\" href=\"https:\/\/www.uecornella.cat\/wp-content\/uploads\/2025\/09\/DIEGO.png\"><div class=\"imatge\" style=\"background-image:url(https:\/\/www.uecornella.cat\/wp-content\/uploads\/2025\/09\/DIEGO-213x290.png);\"><\/div><div class=\"texte\">2 | DIEGO GARZON<\/div><\/a><\/div><div class=\"jugador defensa\"><a class=\"thickbox\" href=\"https:\/\/www.uecornella.cat\/wp-content\/uploads\/2026\/01\/ALEJANDRO.png\"><div class=\"imatge\" style=\"background-image:url(https:\/\/www.uecornella.cat\/wp-content\/uploads\/2026\/01\/ALEJANDRO-213x290.png);\"><\/div><div class=\"texte\">15 | ALEJANDRO PEREIRA<\/div><\/a><\/div><div class=\"jugador mig\"><a class=\"thickbox\" href=\"https:\/\/www.uecornella.cat\/wp-content\/uploads\/2023\/01\/MARC-ESTEBAN.png\"><div class=\"imatge\" style=\"background-image:url(https:\/\/www.uecornella.cat\/wp-content\/uploads\/2023\/01\/MARC-ESTEBAN-213x290.png);\"><\/div><div class=\"texte\">8 | MARC ESTEBAN<\/div><\/a><\/div><div class=\"jugador mig\"><a class=\"thickbox\" href=\"https:\/\/www.uecornella.cat\/wp-content\/uploads\/2025\/09\/OT.png\"><div class=\"imatge\" style=\"background-image:url(https:\/\/www.uecornella.cat\/wp-content\/uploads\/2025\/09\/OT-213x290.png);\"><\/div><div class=\"texte\">6 | OT<\/div><\/a><\/div><div class=\"jugador mig\"><a class=\"thickbox\" href=\"https:\/\/www.uecornella.cat\/wp-content\/uploads\/2025\/09\/SANTI.png\"><div class=\"imatge\" style=\"background-image:url(https:\/\/www.uecornella.cat\/wp-content\/uploads\/2025\/09\/SANTI-213x290.png);\"><\/div><div class=\"texte\">12 | SANTI GUZM\u00c1N<\/div><\/a><\/div><div class=\"jugador mig\"><a class=\"thickbox\" href=\"https:\/\/www.uecornella.cat\/wp-content\/uploads\/2023\/01\/MOHA.png\"><div class=\"imatge\" style=\"background-image:url(https:\/\/www.uecornella.cat\/wp-content\/uploads\/2023\/01\/MOHA-213x290.png);\"><\/div><div class=\"texte\">16 | MOHA AJANI<\/div><\/a><\/div><div class=\"jugador mig\"><a class=\"thickbox\" href=\"https:\/\/www.uecornella.cat\/wp-content\/uploads\/2024\/09\/IAN.png\"><div class=\"imatge\" style=\"background-image:url(https:\/\/www.uecornella.cat\/wp-content\/uploads\/2024\/09\/IAN-213x290.png);\"><\/div><div class=\"texte\">18 | IAN ARQUES<\/div><\/a><\/div><div class=\"jugador mig\"><a class=\"thickbox\" href=\"https:\/\/www.uecornella.cat\/wp-content\/uploads\/2025\/09\/BENET.png\"><div class=\"imatge\" style=\"background-image:url(https:\/\/www.uecornella.cat\/wp-content\/uploads\/2025\/09\/BENET-213x290.png);\"><\/div><div class=\"texte\">19 | BENET<\/div><\/a><\/div><div class=\"jugador davanter\"><a class=\"thickbox\" href=\"https:\/\/www.uecornella.cat\/wp-content\/uploads\/2023\/01\/TONI.png\"><div class=\"imatge\" style=\"background-image:url(https:\/\/www.uecornella.cat\/wp-content\/uploads\/2023\/01\/TONI-213x290.png);\"><\/div><div class=\"texte\">20 | TONI G\u00d3MEZ<\/div><\/a><\/div><div class=\"jugador davanter\"><a class=\"thickbox\" href=\"https:\/\/www.uecornella.cat\/wp-content\/uploads\/2025\/09\/LEO.png\"><div class=\"imatge\" style=\"background-image:url(https:\/\/www.uecornella.cat\/wp-content\/uploads\/2025\/09\/LEO-213x290.png);\"><\/div><div class=\"texte\">23 | LEO DOS REIS<\/div><\/a><\/div><div class=\"jugador davanter\"><a class=\"thickbox\" href=\"https:\/\/www.uecornella.cat\/wp-content\/uploads\/2025\/09\/TEJADA.png\"><div class=\"imatge\" style=\"background-image:url(https:\/\/www.uecornella.cat\/wp-content\/uploads\/2025\/09\/TEJADA-213x290.png);\"><\/div><div class=\"texte\">9 | TEJADA<\/div><\/a><\/div><div class=\"jugador davanter\"><a class=\"thickbox\" href=\"https:\/\/www.uecornella.cat\/wp-content\/uploads\/2023\/01\/STEFAN.png\"><div class=\"imatge\" style=\"background-image:url(https:\/\/www.uecornella.cat\/wp-content\/uploads\/2023\/01\/STEFAN-213x290.png);\"><\/div><div class=\"texte\">21 | STEFAN GOLUBOVI\u0106<\/div><\/a><\/div><div class=\"jugador davanter\"><a class=\"thickbox\" href=\"https:\/\/www.uecornella.cat\/wp-content\/uploads\/2025\/09\/MARC.png\"><div class=\"imatge\" style=\"background-image:url(https:\/\/www.uecornella.cat\/wp-content\/uploads\/2025\/09\/MARC-213x290.png);\"><\/div><div class=\"texte\">11 | MARC FERN\u00c1NDEZ<\/div><\/a><\/div><div class=\"jugador davanter\"><a class=\"thickbox\" href=\"https:\/\/www.uecornella.cat\/wp-content\/uploads\/2025\/09\/RECHES.png\"><div class=\"imatge\" style=\"background-image:url(https:\/\/www.uecornella.cat\/wp-content\/uploads\/2025\/09\/RECHES-213x290.png);\"><\/div><div class=\"texte\">7 | IBAI RECHES<\/div><\/a><\/div><div class=\"jugador davanter\"><a class=\"thickbox\" href=\"https:\/\/www.uecornella.cat\/wp-content\/uploads\/2025\/09\/ALIAGA.png\"><div class=\"imatge\" style=\"background-image:url(https:\/\/www.uecornella.cat\/wp-content\/uploads\/2025\/09\/ALIAGA-213x290.png);\"><\/div><div class=\"texte\">10 | VICTOR ALIAGA<\/div><\/a><\/div><\/div><script type=\"text\/javascript\">\n(function($)\n{\n\t$(document).ready(function() {\n\t\tvar graella = $('.jugadorsplantillawrapper').isotope({\n\t\t\titemSelector: '.jugador',\n\t\t\tlayoutMode: 'fitRows'\n\t\t\t});\n\t\t$('.filter-button-group').on( 'click', 'button', function() {\n\t\t\t$('.filter-button-group button').removeClass('actiu');\n\t\t\tvar filterValue = $(this).attr('data-filter');\n\t\t\t$(this).addClass('actiu');\n\t\t\tgraella.isotope({ filter: filterValue });\n\t\t\t});\n\t\t});\n})( jQuery );\n<\/script>[\/vc_column_text][\/vc_column][\/vc_row]<\/p>\n<\/div>","protected":false},"excerpt":{"rendered":"<p>&nbsp; [vc_row][vc_column][vc_column_text][\/vc_column_text][\/vc_column][\/vc_row]<\/p>\n","protected":false},"author":1,"featured_media":0,"parent":7834,"menu_order":0,"comment_status":"closed","ping_status":"closed","template":"","meta":{"_acf_changed":false,"footnotes":""},"class_list":["post-7835","page","type-page","status-publish","hentry"],"acf":[],"yoast_head":"<!-- This site is optimized with the Yoast SEO plugin v25.8 - https:\/\/yoast.com\/wordpress\/plugins\/seo\/ -->\n<title>Plantilla - Uni\u00f3 Esportiva Cornell\u00e0<\/title>\n<meta name=\"robots\" content=\"index, follow, max-snippet:-1, max-image-preview:large, max-video-preview:-1\" \/>\n<link rel=\"canonical\" href=\"https:\/\/www.uecornella.cat\/ca\/primer-equip\/plantilla\/\" \/>\n<meta property=\"og:locale\" content=\"ca_ES\" \/>\n<meta property=\"og:type\" content=\"article\" \/>\n<meta property=\"og:title\" content=\"Plantilla - Uni\u00f3 Esportiva Cornell\u00e0\" \/>\n<meta property=\"og:description\" content=\"&nbsp; [vc_row][vc_column][vc_column_text][\/vc_column_text][\/vc_column][\/vc_row]\" \/>\n<meta property=\"og:url\" content=\"https:\/\/www.uecornella.cat\/ca\/primer-equip\/plantilla\/\" \/>\n<meta property=\"og:site_name\" content=\"Uni\u00f3 Esportiva Cornell\u00e0\" \/>\n<meta property=\"article:publisher\" content=\"https:\/\/www.facebook.com\/UECornella?fref=ts\" \/>\n<meta property=\"article:modified_time\" content=\"2025-01-15T09:51:37+00:00\" \/>\n<meta name=\"twitter:card\" content=\"summary_large_image\" \/>\n<meta name=\"twitter:site\" content=\"@ue_cornella\" \/>\n<script type=\"application\/ld+json\" class=\"yoast-schema-graph\">{\"@context\":\"https:\/\/schema.org\",\"@graph\":[{\"@type\":\"WebPage\",\"@id\":\"https:\/\/www.uecornella.cat\/ca\/primer-equip\/plantilla\/\",\"url\":\"https:\/\/www.uecornella.cat\/ca\/primer-equip\/plantilla\/\",\"name\":\"Plantilla - Uni\u00f3 Esportiva Cornell\u00e0\",\"isPartOf\":{\"@id\":\"https:\/\/www.uecornella.cat\/ca\/#website\"},\"datePublished\":\"2017-11-12T17:51:01+00:00\",\"dateModified\":\"2025-01-15T09:51:37+00:00\",\"breadcrumb\":{\"@id\":\"https:\/\/www.uecornella.cat\/ca\/primer-equip\/plantilla\/#breadcrumb\"},\"inLanguage\":\"ca\",\"potentialAction\":[{\"@type\":\"ReadAction\",\"target\":[\"https:\/\/www.uecornella.cat\/ca\/primer-equip\/plantilla\/\"]}]},{\"@type\":\"BreadcrumbList\",\"@id\":\"https:\/\/www.uecornella.cat\/ca\/primer-equip\/plantilla\/#breadcrumb\",\"itemListElement\":[{\"@type\":\"ListItem\",\"position\":1,\"name\":\"Portada\",\"item\":\"https:\/\/www.uecornella.cat\/ca\/\"},{\"@type\":\"ListItem\",\"position\":2,\"name\":\"Primer equip\",\"item\":\"https:\/\/www.uecornella.cat\/ca\/primer-equip\/\"},{\"@type\":\"ListItem\",\"position\":3,\"name\":\"Plantilla\"}]},{\"@type\":\"WebSite\",\"@id\":\"https:\/\/www.uecornella.cat\/ca\/#website\",\"url\":\"https:\/\/www.uecornella.cat\/ca\/\",\"name\":\"Uni\u00f3 Esportiva Cornell\u00e0\",\"description\":\"Escuela de f\u00fatbol y club de f\u00fatbol de Cornell\u00e0\",\"publisher\":{\"@id\":\"https:\/\/www.uecornella.cat\/ca\/#organization\"},\"potentialAction\":[{\"@type\":\"SearchAction\",\"target\":{\"@type\":\"EntryPoint\",\"urlTemplate\":\"https:\/\/www.uecornella.cat\/ca\/?s={search_term_string}\"},\"query-input\":{\"@type\":\"PropertyValueSpecification\",\"valueRequired\":true,\"valueName\":\"search_term_string\"}}],\"inLanguage\":\"ca\"},{\"@type\":\"Organization\",\"@id\":\"https:\/\/www.uecornella.cat\/ca\/#organization\",\"name\":\"Uni\u00f3 Esportiva Cornell\u00e0\",\"url\":\"https:\/\/www.uecornella.cat\/ca\/\",\"logo\":{\"@type\":\"ImageObject\",\"inLanguage\":\"ca\",\"@id\":\"https:\/\/www.uecornella.cat\/ca\/#\/schema\/logo\/image\/\",\"url\":\"https:\/\/www.uecornella.cat\/wp-content\/uploads\/2022\/01\/apple-icon-144x144-1.png\",\"contentUrl\":\"https:\/\/www.uecornella.cat\/wp-content\/uploads\/2022\/01\/apple-icon-144x144-1.png\",\"width\":144,\"height\":144,\"caption\":\"Uni\u00f3 Esportiva Cornell\u00e0\"},\"image\":{\"@id\":\"https:\/\/www.uecornella.cat\/ca\/#\/schema\/logo\/image\/\"},\"sameAs\":[\"https:\/\/www.facebook.com\/UECornella?fref=ts\",\"https:\/\/x.com\/ue_cornella\",\"http:\/\/instagram.com\/uecornella\",\"https:\/\/www.youtube.com\/channel\/UCcwgya5MdVvxRn_MeD6A0vg\"]}]}<\/script>\n<!-- \/ Yoast SEO plugin. -->","yoast_head_json":{"title":"Plantilla - Uni\u00f3 Esportiva Cornell\u00e0","robots":{"index":"index","follow":"follow","max-snippet":"max-snippet:-1","max-image-preview":"max-image-preview:large","max-video-preview":"max-video-preview:-1"},"canonical":"https:\/\/www.uecornella.cat\/ca\/primer-equip\/plantilla\/","og_locale":"ca_ES","og_type":"article","og_title":"Plantilla - Uni\u00f3 Esportiva Cornell\u00e0","og_description":"&nbsp; [vc_row][vc_column][vc_column_text][\/vc_column_text][\/vc_column][\/vc_row]","og_url":"https:\/\/www.uecornella.cat\/ca\/primer-equip\/plantilla\/","og_site_name":"Uni\u00f3 Esportiva Cornell\u00e0","article_publisher":"https:\/\/www.facebook.com\/UECornella?fref=ts","article_modified_time":"2025-01-15T09:51:37+00:00","twitter_card":"summary_large_image","twitter_site":"@ue_cornella","schema":{"@context":"https:\/\/schema.org","@graph":[{"@type":"WebPage","@id":"https:\/\/www.uecornella.cat\/ca\/primer-equip\/plantilla\/","url":"https:\/\/www.uecornella.cat\/ca\/primer-equip\/plantilla\/","name":"Plantilla - Uni\u00f3 Esportiva Cornell\u00e0","isPartOf":{"@id":"https:\/\/www.uecornella.cat\/ca\/#website"},"datePublished":"2017-11-12T17:51:01+00:00","dateModified":"2025-01-15T09:51:37+00:00","breadcrumb":{"@id":"https:\/\/www.uecornella.cat\/ca\/primer-equip\/plantilla\/#breadcrumb"},"inLanguage":"ca","potentialAction":[{"@type":"ReadAction","target":["https:\/\/www.uecornella.cat\/ca\/primer-equip\/plantilla\/"]}]},{"@type":"BreadcrumbList","@id":"https:\/\/www.uecornella.cat\/ca\/primer-equip\/plantilla\/#breadcrumb","itemListElement":[{"@type":"ListItem","position":1,"name":"Portada","item":"https:\/\/www.uecornella.cat\/ca\/"},{"@type":"ListItem","position":2,"name":"Primer equip","item":"https:\/\/www.uecornella.cat\/ca\/primer-equip\/"},{"@type":"ListItem","position":3,"name":"Plantilla"}]},{"@type":"WebSite","@id":"https:\/\/www.uecornella.cat\/ca\/#website","url":"https:\/\/www.uecornella.cat\/ca\/","name":"Uni\u00f3 Esportiva Cornell\u00e0","description":"Escuela de f\u00fatbol y club de f\u00fatbol de Cornell\u00e0","publisher":{"@id":"https:\/\/www.uecornella.cat\/ca\/#organization"},"potentialAction":[{"@type":"SearchAction","target":{"@type":"EntryPoint","urlTemplate":"https:\/\/www.uecornella.cat\/ca\/?s={search_term_string}"},"query-input":{"@type":"PropertyValueSpecification","valueRequired":true,"valueName":"search_term_string"}}],"inLanguage":"ca"},{"@type":"Organization","@id":"https:\/\/www.uecornella.cat\/ca\/#organization","name":"Uni\u00f3 Esportiva Cornell\u00e0","url":"https:\/\/www.uecornella.cat\/ca\/","logo":{"@type":"ImageObject","inLanguage":"ca","@id":"https:\/\/www.uecornella.cat\/ca\/#\/schema\/logo\/image\/","url":"https:\/\/www.uecornella.cat\/wp-content\/uploads\/2022\/01\/apple-icon-144x144-1.png","contentUrl":"https:\/\/www.uecornella.cat\/wp-content\/uploads\/2022\/01\/apple-icon-144x144-1.png","width":144,"height":144,"caption":"Uni\u00f3 Esportiva Cornell\u00e0"},"image":{"@id":"https:\/\/www.uecornella.cat\/ca\/#\/schema\/logo\/image\/"},"sameAs":["https:\/\/www.facebook.com\/UECornella?fref=ts","https:\/\/x.com\/ue_cornella","http:\/\/instagram.com\/uecornella","https:\/\/www.youtube.com\/channel\/UCcwgya5MdVvxRn_MeD6A0vg"]}]}},"_links":{"self":[{"href":"https:\/\/www.uecornella.cat\/ca\/wp-json\/wp\/v2\/pages\/7835","targetHints":{"allow":["GET"]}}],"collection":[{"href":"https:\/\/www.uecornella.cat\/ca\/wp-json\/wp\/v2\/pages"}],"about":[{"href":"https:\/\/www.uecornella.cat\/ca\/wp-json\/wp\/v2\/types\/page"}],"author":[{"embeddable":true,"href":"https:\/\/www.uecornella.cat\/ca\/wp-json\/wp\/v2\/users\/1"}],"replies":[{"embeddable":true,"href":"https:\/\/www.uecornella.cat\/ca\/wp-json\/wp\/v2\/comments?post=7835"}],"version-history":[{"count":4,"href":"https:\/\/www.uecornella.cat\/ca\/wp-json\/wp\/v2\/pages\/7835\/revisions"}],"predecessor-version":[{"id":44282,"href":"https:\/\/www.uecornella.cat\/ca\/wp-json\/wp\/v2\/pages\/7835\/revisions\/44282"}],"up":[{"embeddable":true,"href":"https:\/\/www.uecornella.cat\/ca\/wp-json\/wp\/v2\/pages\/7834"}],"wp:attachment":[{"href":"https:\/\/www.uecornella.cat\/ca\/wp-json\/wp\/v2\/media?parent=7835"}],"curies":[{"name":"wp","href":"https:\/\/api.w.org\/{rel}","templated":true}]}}