{"id":41489,"date":"2024-05-21T10:37:05","date_gmt":"2024-05-21T10:37:05","guid":{"rendered":"https:\/\/www.uecornella.cat\/campus-estiu-uec-pro\/"},"modified":"2024-05-28T15:34:51","modified_gmt":"2024-05-28T15:34:51","slug":"campus-estiu-uec-pro","status":"publish","type":"page","link":"https:\/\/www.uecornella.cat\/ca\/campus-estiu-uec-pro\/","title":{"rendered":"Campus estiu UEC PRO"},"content":{"rendered":"<div class=\"wpb-content-wrapper\"><p>[vc_row][vc_column][vc_single_image image=&#8221;41494&#8243; img_size=&#8221;full&#8221; alignment=&#8221;center&#8221; css=&#8221;&#8221;][vc_column_text css=&#8221;&#8221;]    <div class=\"botosol\">\n      <h2>Ficha de inscripci\u00f3n a los Triangulares\u00a0UECPRO<\/h2>\n      <p>(Debe rellenar todos los campos)<\/p>\n\t\t\t\t<div class=\"sotabanner\"><p>La reserva de pla\u00e7a no ser\u00e0 efectiva fins que es faci el pagament per la p\u00e0gina web, a m\u00e9s un cop fet rebreu un correu amb aquesta confirmaci\u00f3.<\/p>\n<\/div>\n    <\/div>\n    <p>&nbsp;<\/p>\n    <form method=\"POST\" id=\"creajugador\" onsubmit=\"onSubmit(event)\">\n\t\t\t<input type=\"hidden\" name=\"dia_inscripcion\" value=\"20260415\" \/>\n\t\t\t<input type=\"hidden\" name=\"preciototal\" id=\"precio_total_form\" value=\"0\" \/>\n      <table class=\"campus\">\n        <tbody>\n          <tr>\n            <td colspan=\"2\" class=\"titol\">Datos personales del jugador<\/td>\n          <\/tr>\n          <tr>\n            <td class=\"etiqueta\">Nombre<\/td>\n            <td class=\"camp\"><input type=\"text\" class=\"avalidar\" name=\"nombre\" required \/><\/td>\n          <\/tr>\n          <tr>\n            <td class=\"etiqueta\">Apellidos<\/td>\n            <td class=\"camp\"><input type=\"text\" class=\"avalidar\" name=\"apellidos\" required \/><\/td>\n          <\/tr>\n          <tr>\n            <td class=\"etiqueta\">Fecha de nacimiento<\/td>\n            <td class=\"camp\">\n                <input id=\"fecha_de_nacimiento\" name=\"fecha_de_nacimiento\" value=\"20120101\" type=\"hidden\">\n                <input class=\"input avalidar\" value=\"01\/01\/2012\" type=\"text\" id=\"fecha_de_nacimiento_picker\">\t\n            <\/td>\n          <\/tr>\n          <tr>\n            <td class=\"etiqueta\">Padre \/ Madre \/ tutor legal<\/td>\n            <td class=\"camp\"><input type=\"text\" class=\"avalidar\" name=\"nombre_del_padre\" required \/><\/td>\n          <\/tr>\n          <tr>\n            <td class=\"etiqueta\">E-mail<\/td>\n            <td class=\"camp\"><input type=\"text\" class=\"avalidar\" name=\"email\" required \/><\/td>\n          <\/tr>\n          <tr>\n            <td class=\"etiqueta\">Tel\u00e9fono<\/td>\n            <td class=\"camp\"><input type=\"text\" class=\"avalidar\" name=\"telefono\" required \/><\/td>\n          <\/tr>\n          <tr>\n            <td class=\"etiqueta\">Equipo actual<\/td>\n            <td class=\"camp\"><input type=\"text\" class=\"avalidar\" name=\"equipoactual\" required \/><\/td>\n          <\/tr>\n          <tr>\n            <td class=\"etiqueta\">Posici\u00f3n<\/td>\n            <td class=\"camp\">\n\t\t\t\t\t\t\t<input type=\"radio\" id=\"posiciodavanter\" name=\"posicio\" value=\"Delantero\" onclick=\"recalculaPreu();\" \/> <label for=\"posiciodavanter\">Jugador de campo (Delantero)<\/label><br \/>\n\t\t\t\t\t\t\t<input type=\"radio\" id=\"posiciomig\" name=\"posicio\" value=\"Centrocampista\" onclick=\"recalculaPreu();\" \/> <label for=\"posiciomig\">Jugador de campo (Centrocampista)<\/label><br \/>\n\t\t\t\t\t\t\t<input type=\"radio\" id=\"posiciodefensa\" name=\"posicio\" value=\"Defensa\" onclick=\"recalculaPreu();\" \/> <label for=\"posiciodefensa\">Jugador de campo (Defensa)<\/label><br \/>\n\t\t\t\t\t\t\t<input type=\"radio\" id=\"posicioporter\" name=\"posicio\" value=\"Portero\" onclick=\"recalculaPreu();\" \/> <label for=\"posicioporter\">Portero<\/label><\/td>\n          <\/tr>\n          <tr>\n            <td class=\"etiqueta\">Categor\u00eda<\/td>\n            <td class=\"camp\">\n\t\t\t\t\t\t\t<select class=\"avalidar\" name=\"division\" id=\"division\" required>\n\t\t\t\t\t\t\t\t<option value=\"0\">-- Elige una categor\u00eda --<\/option>\n\t\t\t\t\t\t\t\t<option>Tercera<\/option>\n\t\t\t\t\t\t\t\t<option>Segunda<\/option>\n\t\t\t\t\t\t\t\t<option>Primera<\/option>\n\t\t\t\t\t\t\t\t<option>Preferente<\/option>\n\t\t\t\t\t\t\t\t<option>Nacional<\/option>\n\t\t\t\t\t\t\t\t<option>Divisi\u00f3n de Honor<\/option>\n\t\t\t\t\t\t\t<\/select>\n\t\t\t\t\t\t<\/td>\n          <\/tr>\n\t          \n          <tr>\n            <td>\n              <input type=\"checkbox\" name=\"champions\" id=\"champions\" value=\"1\" onclick=\"jQuery('#contenidortriangulars').toggle('slow');\"\/>\n            <\/td>\n            <td class=\"camp\">\n              <label for=\"champions\">\n                Quiero inscribirme al triangular de verano por 10\u20ac              <\/label>\n            <\/td>\n          <\/tr>\n          <tr>\n          <\/tr>\n          <tr style=\"display:none;\" id=\"contenidortriangulars\">\n\t\t\t\t\t\t<td>Elige en cuales te inscribes:<\/td>\n\t\t\t\t\t\t<td class=\"camp\">\n\t\t\t\t\t\t\t<label><input type=\"checkbox\" id=\"triangular1\" class=\"opciotriangular\" name=\"triangular[]\" value=\"05\/07\/2025\" onclick=\"recalculaPreu();\" data-preu=\"10\" \/> 05 de Julio<\/label><br \/>\n\t\t\t\t\t\t\t<label><input type=\"checkbox\" id=\"triangular2\" class=\"opciotriangular\" name=\"triangular[]\" value=\"12\/07\/2025\" onclick=\"recalculaPreu();\" data-preu=\"10\" \/> 12 de Julio<\/label><br \/>\n\t\t\t\t\t\t\t<label><input type=\"checkbox\" id=\"triangular3\" class=\"opciotriangular\" name=\"triangular[]\" value=\"19\/07\/2025\" onclick=\"recalculaPreu();\" data-preu=\"10\" \/> 19 de Julio<\/label><br \/>\n\t\t\t\t\t\t\t<label><input type=\"checkbox\" id=\"triangular4\" class=\"opciotriangular\" name=\"triangular[]\" value=\"26\/07\/2025\" onclick=\"recalculaPreu();\" data-preu=\"10\" \/> 26 de Julio<\/label>\n\t\t\t\t\t\t<\/td>\n          <\/tr>\n          <tr>\n            <td class=\"etiqueta\">Precio total<\/td>\n            <td class=\"camp\"><span id=\"preciototal\">0<\/span>\u20ac<\/td>\n          <\/tr>\n          <tr>\n            <td>\n              <input type=\"checkbox\" name=\"imagen\" id=\"imagen\" value=\"1\" onclick=\"validaSubmit();\" \/>\n            <\/td>\n            <td class=\"camp\">\n              <label for=\"imagen\">Doy el consentimiento para el tratamiento de datos, imagen y salud del menor.<\/label>:&nbsp;\n              <a target=\"_blank\" href=\"https:\/\/www.uecornella.cat\/ca\/condiciones-para-el-tratamiento-de-datos-imagen-y-salud-del-menor\/\">\n                Consultar              <\/a>\n            <\/td>\n          <\/tr>\n          <tr>\n            <td>\n              <input type=\"checkbox\" name=\"accepto\" id=\"accepto\" value=\"1\" onclick=\"validaSubmit();\" \/>\n            <\/td>\n            <td class=\"camp\">\n              <label for=\"accepto\">\n                He le\u00eddo y acepto las condiciones y la&nbsp;\n                <a target=\"_blank\" href=\"https:\/\/www.uecornella.cat\/ca\/politica-de-proteccio-de-dades\/\">\n                  pol\u00edtica de protecci\u00f3n de datos                <\/a>\n              <\/label>\n            <\/td>\n          <\/tr>\n          <tr>\n            <td colspan=\"2\">\n                            <input type=\"hidden\" name=\"llavor\" value=\"sP2eX1bZ3tI3uD8sK5uM2lW8rX9eT9aQ\" \/>\n              <input type=\"hidden\" id=\"segona_llavor\" name=\"segona_llavor\" value=\"f7b825848d\" \/><input type=\"hidden\" name=\"_wp_http_referer\" value=\"\/ca\/wp-json\/wp\/v2\/pages\/41489\" \/>              <input disabled=\"disabled\" id=\"creajugadorsubmit\" type=\"submit\" class=\"acf-button button button-primary button-large\" value=\"Enviar\"\/>\n            <\/td>\n          <\/tr>\n        <\/tbody>\n      <\/table>\n    <\/form>\n    <script type=\"text\/javascript\">\n      var preu_a_pagar = 0;\n      \n      function validaSubmit() {\n        var c1 = !document.getElementById(\"imagen\").checked;\n        var c2 = !document.getElementById(\"accepto\").checked;\n        var c3 = !(jQuery('#precio_total_form').val() > 0);\n        jQuery('#creajugadorsubmit').prop('disabled', c1 || c2 || c3);\n        }\n      \n      function recalculaPreu() {\n\t\t\t\t\t\t\t\t\/\/var es_porter = jQuery('#posicioporter').prop('checked');\n\t\t\t\t\/\/var es_jugador = jQuery('#posiciojugador').prop('checked');\n\t\t\t\tpreu_a_pagar = 0;\n\t\t\t\t\/\/quantes_setmanes = 0;\n\t\t\t\t\/\/jQuery('input.almenysun').each(function() {\n\t\t\t\t\/\/\tif (jQuery(this).prop('checked')) quantes_setmanes = quantes_setmanes + 1;\n\t\t\t\t\/\/\t});\n\t\t\t\t\n\t\t\t\t\/\/if (quantes_setmanes) {\n\t\t\t\t\/\/\tif (es_jugador) preu_a_pagar = preus_jugador[quantes_setmanes - 1];\n\t\t\t\t\/\/\tif (es_porter) preu_a_pagar = preus_porter[quantes_setmanes - 1];\n\t\t\t\t\/\/\t}\n        \/\/if (jQuery('#champions').prop('checked')) preu_a_pagar = parseInt(preu_a_pagar) + parseInt(jQuery('#champions').data('preu'));\n        jQuery('.opciotriangular').each(function() {\n\t\t\t\t\tif (jQuery(this).prop('checked')) {\n\t\t\t\t\t\tconst p = parseInt(jQuery(this).data('preu'));\n\t\t\t\t\t\tpreu_a_pagar = preu_a_pagar + p;\n\t\t\t\t\t\t}\n\t\t\t\t\t});\n        jQuery('#preciototal').html(preu_a_pagar);\n        jQuery('#precio_total_form').val(preu_a_pagar);\n        validaSubmit();\n        }\n        \n      jQuery(document).ready(function() {\n        jQuery('#creajugadorsubmit').click(function(event) {\n          \/\/ xequejar que estigui tot b\u00e9\n          jQuery('#creajugadorsubmit').prop('disabled', true);\n          event.preventDefault();\n          console.log('valido entrades');\n          jQuery('#creajugador .avalidar').removeClass('error');\n          var be = true;\n          jQuery('#creajugador select.avalidar').each(function(index, element) {\n            console.log('click a '+jQuery(this).attr('id'));\n            if (jQuery(this).find(':selected').val() == \"0\") {\n              be = false;\n              jQuery(this).addClass('error');\n              }\n            });\n          jQuery('#creajugador input.avalidar').each(function(index, element) {\n            console.log('click a '+jQuery(this).attr('id'));\n            if (!jQuery(this).val()) {\n              be = false;\n              jQuery(this).addClass('error');\n              }\n            });\n          if (jQuery('#preciototal').text() == '0') {\n            be = false;\n            jQuery('select.almenysun').addClass('error');\n            }\n          if (be) {\n            jQuery('#creajugadorsubmit').prop('disabled', true).val('... Enviando ...');\n            jQuery('#precio_final_form').val(jQuery('#precio_total').html());\n            \/\/jQuery('#creajugador').submit();\n            const fakeEvent = new Event('submit', {\n\t\t\t\t\t\t\t\t\tbubbles: true,\n\t\t\t\t\t\t\t\t\tcancelable: true\n\t\t\t\t\t\t\t\t\t});\n\t\t\t\t\t\tonSubmit(fakeEvent);\n          } else {\n            jQuery('#creajugadorsubmit').prop('disabled', false);\n            }\n          });\n        \n        jQuery('#fecha_de_nacimiento_picker').datepicker({\n          altField: '#fecha_de_nacimiento',\n          altFormat: 'yymmdd',\n          dateFormat: 'dd\/mm\/yy',\n          changeMonth: true,\n          changeYear: true,\n          firstDay: 1,\n          yearRange: '-20:+0'\n          });\n\n        jQuery('#dia_inicio_bono_picker').datepicker({\n          altField: '#dia_inicio_bono',\n          altFormat: 'yymmdd',\n          dateFormat: 'dd\/mm\/yy',\n          changeMonth: true,\n          changeYear: false,\n          firstDay: 1\n          });\n\n        function onSubmit(event) {\n\t\t\t\t\t\t\t\t\t\t}\n        });\n    <\/script>\n    [\/vc_column_text][vc_single_image image=&#8221;40084&#8243; img_size=&#8221;full&#8221; alignment=&#8221;center&#8221; onclick=&#8221;custom_link&#8221; link=&#8221;https:\/\/www.instagram.com\/uecpro&#8221;][\/vc_column][\/vc_row]<\/p>\n<\/div>","protected":false},"excerpt":{"rendered":"<p>[vc_row][vc_column][vc_single_image image=&#8221;41494&#8243; img_size=&#8221;full&#8221; alignment=&#8221;center&#8221; css=&#8221;&#8221;][vc_column_text css=&#8221;&#8221;][\/vc_column_text][vc_single_image image=&#8221;40084&#8243; img_size=&#8221;full&#8221; alignment=&#8221;center&#8221; onclick=&#8221;custom_link&#8221; link=&#8221;https:\/\/www.instagram.com\/uecpro&#8221;][\/vc_column][\/vc_row]<\/p>\n","protected":false},"author":1,"featured_media":0,"parent":0,"menu_order":0,"comment_status":"closed","ping_status":"closed","template":"","meta":{"_acf_changed":false,"footnotes":""},"class_list":["post-41489","page","type-page","status-publish","hentry"],"acf":[],"yoast_head":"<!-- This site is optimized with the Yoast SEO plugin v25.8 - https:\/\/yoast.com\/wordpress\/plugins\/seo\/ -->\n<title>Campus estiu UEC PRO - Uni\u00f3 Esportiva Cornell\u00e0<\/title>\n<meta name=\"robots\" content=\"index, follow, max-snippet:-1, max-image-preview:large, max-video-preview:-1\" \/>\n<link rel=\"canonical\" href=\"https:\/\/www.uecornella.cat\/ca\/campus-estiu-uec-pro\/\" \/>\n<meta property=\"og:locale\" content=\"ca_ES\" \/>\n<meta property=\"og:type\" content=\"article\" \/>\n<meta property=\"og:title\" content=\"Campus estiu UEC PRO - Uni\u00f3 Esportiva Cornell\u00e0\" \/>\n<meta property=\"og:description\" content=\"[vc_row][vc_column][vc_single_image image=&#8221;41494&#8243; img_size=&#8221;full&#8221; alignment=&#8221;center&#8221; css=&#8221;&#8221;][vc_column_text css=&#8221;&#8221;][\/vc_column_text][vc_single_image image=&#8221;40084&#8243; img_size=&#8221;full&#8221; alignment=&#8221;center&#8221; onclick=&#8221;custom_link&#8221; link=&#8221;https:\/\/www.instagram.com\/uecpro&#8221;][\/vc_column][\/vc_row]\" \/>\n<meta property=\"og:url\" content=\"https:\/\/www.uecornella.cat\/ca\/campus-estiu-uec-pro\/\" \/>\n<meta property=\"og:site_name\" content=\"Uni\u00f3 Esportiva Cornell\u00e0\" \/>\n<meta property=\"article:publisher\" content=\"https:\/\/www.facebook.com\/UECornella?fref=ts\" \/>\n<meta property=\"article:modified_time\" content=\"2024-05-28T15:34:51+00:00\" \/>\n<meta name=\"twitter:card\" content=\"summary_large_image\" \/>\n<meta name=\"twitter:site\" content=\"@ue_cornella\" \/>\n<script type=\"application\/ld+json\" class=\"yoast-schema-graph\">{\"@context\":\"https:\/\/schema.org\",\"@graph\":[{\"@type\":\"WebPage\",\"@id\":\"https:\/\/www.uecornella.cat\/ca\/campus-estiu-uec-pro\/\",\"url\":\"https:\/\/www.uecornella.cat\/ca\/campus-estiu-uec-pro\/\",\"name\":\"Campus estiu UEC PRO - Uni\u00f3 Esportiva Cornell\u00e0\",\"isPartOf\":{\"@id\":\"https:\/\/www.uecornella.cat\/ca\/#website\"},\"datePublished\":\"2024-05-21T10:37:05+00:00\",\"dateModified\":\"2024-05-28T15:34:51+00:00\",\"breadcrumb\":{\"@id\":\"https:\/\/www.uecornella.cat\/ca\/campus-estiu-uec-pro\/#breadcrumb\"},\"inLanguage\":\"ca\",\"potentialAction\":[{\"@type\":\"ReadAction\",\"target\":[\"https:\/\/www.uecornella.cat\/ca\/campus-estiu-uec-pro\/\"]}]},{\"@type\":\"BreadcrumbList\",\"@id\":\"https:\/\/www.uecornella.cat\/ca\/campus-estiu-uec-pro\/#breadcrumb\",\"itemListElement\":[{\"@type\":\"ListItem\",\"position\":1,\"name\":\"Portada\",\"item\":\"https:\/\/www.uecornella.cat\/ca\/\"},{\"@type\":\"ListItem\",\"position\":2,\"name\":\"Campus estiu UEC PRO\"}]},{\"@type\":\"WebSite\",\"@id\":\"https:\/\/www.uecornella.cat\/ca\/#website\",\"url\":\"https:\/\/www.uecornella.cat\/ca\/\",\"name\":\"Uni\u00f3 Esportiva Cornell\u00e0\",\"description\":\"Escuela de f\u00fatbol y club de f\u00fatbol de Cornell\u00e0\",\"publisher\":{\"@id\":\"https:\/\/www.uecornella.cat\/ca\/#organization\"},\"potentialAction\":[{\"@type\":\"SearchAction\",\"target\":{\"@type\":\"EntryPoint\",\"urlTemplate\":\"https:\/\/www.uecornella.cat\/ca\/?s={search_term_string}\"},\"query-input\":{\"@type\":\"PropertyValueSpecification\",\"valueRequired\":true,\"valueName\":\"search_term_string\"}}],\"inLanguage\":\"ca\"},{\"@type\":\"Organization\",\"@id\":\"https:\/\/www.uecornella.cat\/ca\/#organization\",\"name\":\"Uni\u00f3 Esportiva Cornell\u00e0\",\"url\":\"https:\/\/www.uecornella.cat\/ca\/\",\"logo\":{\"@type\":\"ImageObject\",\"inLanguage\":\"ca\",\"@id\":\"https:\/\/www.uecornella.cat\/ca\/#\/schema\/logo\/image\/\",\"url\":\"https:\/\/www.uecornella.cat\/wp-content\/uploads\/2022\/01\/apple-icon-144x144-1.png\",\"contentUrl\":\"https:\/\/www.uecornella.cat\/wp-content\/uploads\/2022\/01\/apple-icon-144x144-1.png\",\"width\":144,\"height\":144,\"caption\":\"Uni\u00f3 Esportiva Cornell\u00e0\"},\"image\":{\"@id\":\"https:\/\/www.uecornella.cat\/ca\/#\/schema\/logo\/image\/\"},\"sameAs\":[\"https:\/\/www.facebook.com\/UECornella?fref=ts\",\"https:\/\/x.com\/ue_cornella\",\"http:\/\/instagram.com\/uecornella\",\"https:\/\/www.youtube.com\/channel\/UCcwgya5MdVvxRn_MeD6A0vg\"]}]}<\/script>\n<!-- \/ Yoast SEO plugin. -->","yoast_head_json":{"title":"Campus estiu UEC PRO - Uni\u00f3 Esportiva Cornell\u00e0","robots":{"index":"index","follow":"follow","max-snippet":"max-snippet:-1","max-image-preview":"max-image-preview:large","max-video-preview":"max-video-preview:-1"},"canonical":"https:\/\/www.uecornella.cat\/ca\/campus-estiu-uec-pro\/","og_locale":"ca_ES","og_type":"article","og_title":"Campus estiu UEC PRO - Uni\u00f3 Esportiva Cornell\u00e0","og_description":"[vc_row][vc_column][vc_single_image image=&#8221;41494&#8243; img_size=&#8221;full&#8221; alignment=&#8221;center&#8221; css=&#8221;&#8221;][vc_column_text css=&#8221;&#8221;][\/vc_column_text][vc_single_image image=&#8221;40084&#8243; img_size=&#8221;full&#8221; alignment=&#8221;center&#8221; onclick=&#8221;custom_link&#8221; link=&#8221;https:\/\/www.instagram.com\/uecpro&#8221;][\/vc_column][\/vc_row]","og_url":"https:\/\/www.uecornella.cat\/ca\/campus-estiu-uec-pro\/","og_site_name":"Uni\u00f3 Esportiva Cornell\u00e0","article_publisher":"https:\/\/www.facebook.com\/UECornella?fref=ts","article_modified_time":"2024-05-28T15:34:51+00:00","twitter_card":"summary_large_image","twitter_site":"@ue_cornella","schema":{"@context":"https:\/\/schema.org","@graph":[{"@type":"WebPage","@id":"https:\/\/www.uecornella.cat\/ca\/campus-estiu-uec-pro\/","url":"https:\/\/www.uecornella.cat\/ca\/campus-estiu-uec-pro\/","name":"Campus estiu UEC PRO - Uni\u00f3 Esportiva Cornell\u00e0","isPartOf":{"@id":"https:\/\/www.uecornella.cat\/ca\/#website"},"datePublished":"2024-05-21T10:37:05+00:00","dateModified":"2024-05-28T15:34:51+00:00","breadcrumb":{"@id":"https:\/\/www.uecornella.cat\/ca\/campus-estiu-uec-pro\/#breadcrumb"},"inLanguage":"ca","potentialAction":[{"@type":"ReadAction","target":["https:\/\/www.uecornella.cat\/ca\/campus-estiu-uec-pro\/"]}]},{"@type":"BreadcrumbList","@id":"https:\/\/www.uecornella.cat\/ca\/campus-estiu-uec-pro\/#breadcrumb","itemListElement":[{"@type":"ListItem","position":1,"name":"Portada","item":"https:\/\/www.uecornella.cat\/ca\/"},{"@type":"ListItem","position":2,"name":"Campus estiu UEC PRO"}]},{"@type":"WebSite","@id":"https:\/\/www.uecornella.cat\/ca\/#website","url":"https:\/\/www.uecornella.cat\/ca\/","name":"Uni\u00f3 Esportiva Cornell\u00e0","description":"Escuela de f\u00fatbol y club de f\u00fatbol de Cornell\u00e0","publisher":{"@id":"https:\/\/www.uecornella.cat\/ca\/#organization"},"potentialAction":[{"@type":"SearchAction","target":{"@type":"EntryPoint","urlTemplate":"https:\/\/www.uecornella.cat\/ca\/?s={search_term_string}"},"query-input":{"@type":"PropertyValueSpecification","valueRequired":true,"valueName":"search_term_string"}}],"inLanguage":"ca"},{"@type":"Organization","@id":"https:\/\/www.uecornella.cat\/ca\/#organization","name":"Uni\u00f3 Esportiva Cornell\u00e0","url":"https:\/\/www.uecornella.cat\/ca\/","logo":{"@type":"ImageObject","inLanguage":"ca","@id":"https:\/\/www.uecornella.cat\/ca\/#\/schema\/logo\/image\/","url":"https:\/\/www.uecornella.cat\/wp-content\/uploads\/2022\/01\/apple-icon-144x144-1.png","contentUrl":"https:\/\/www.uecornella.cat\/wp-content\/uploads\/2022\/01\/apple-icon-144x144-1.png","width":144,"height":144,"caption":"Uni\u00f3 Esportiva Cornell\u00e0"},"image":{"@id":"https:\/\/www.uecornella.cat\/ca\/#\/schema\/logo\/image\/"},"sameAs":["https:\/\/www.facebook.com\/UECornella?fref=ts","https:\/\/x.com\/ue_cornella","http:\/\/instagram.com\/uecornella","https:\/\/www.youtube.com\/channel\/UCcwgya5MdVvxRn_MeD6A0vg"]}]}},"_links":{"self":[{"href":"https:\/\/www.uecornella.cat\/ca\/wp-json\/wp\/v2\/pages\/41489","targetHints":{"allow":["GET"]}}],"collection":[{"href":"https:\/\/www.uecornella.cat\/ca\/wp-json\/wp\/v2\/pages"}],"about":[{"href":"https:\/\/www.uecornella.cat\/ca\/wp-json\/wp\/v2\/types\/page"}],"author":[{"embeddable":true,"href":"https:\/\/www.uecornella.cat\/ca\/wp-json\/wp\/v2\/users\/1"}],"replies":[{"embeddable":true,"href":"https:\/\/www.uecornella.cat\/ca\/wp-json\/wp\/v2\/comments?post=41489"}],"version-history":[{"count":4,"href":"https:\/\/www.uecornella.cat\/ca\/wp-json\/wp\/v2\/pages\/41489\/revisions"}],"predecessor-version":[{"id":41497,"href":"https:\/\/www.uecornella.cat\/ca\/wp-json\/wp\/v2\/pages\/41489\/revisions\/41497"}],"wp:attachment":[{"href":"https:\/\/www.uecornella.cat\/ca\/wp-json\/wp\/v2\/media?parent=41489"}],"curies":[{"name":"wp","href":"https:\/\/api.w.org\/{rel}","templated":true}]}}