{"id":29887,"date":"2021-07-08T11:01:12","date_gmt":"2021-07-08T11:01:12","guid":{"rendered":"https:\/\/www.uecornella.cat\/dashboard\/"},"modified":"2022-08-29T14:21:13","modified_gmt":"2022-08-29T14:21:13","slug":"dashboard","status":"publish","type":"page","link":"https:\/\/www.uecornella.cat\/ca\/dashboard\/","title":{"rendered":"Dashboard"},"content":{"rendered":"<div class=\"wpb-content-wrapper\"><p>[vc_row][vc_column width=&#8221;1\/2&#8243;][vc_btn title=&#8221;PREINSCRIPCI\u00d3&#8221; style=&#8221;custom&#8221; custom_background=&#8221;#228848&#8243; custom_text=&#8221;#ffffff&#8221; shape=&#8221;square&#8221; size=&#8221;lg&#8221; align=&#8221;center&#8221; link=&#8221;url:https%3A%2F%2Fwww.uecornella.cat%2Fca%2Farea-privada%2F|title:%C3%80rea%20Privada|&#8221; css=&#8221;.vc_custom_1625742640358{padding-top: 15px !important;padding-right: 25px !important;padding-bottom: 15px !important;padding-left: 25px !important;}&#8221; el_class=&#8221;lletrablanca&#8221;][\/vc_column][vc_column width=&#8221;1\/2&#8243;][vc_btn title=&#8221;MATRICULACI\u00d3&#8221; style=&#8221;custom&#8221; custom_background=&#8221;#228848&#8243; custom_text=&#8221;#ffffff&#8221; shape=&#8221;square&#8221; size=&#8221;lg&#8221; align=&#8221;center&#8221; link=&#8221;url:https%3A%2F%2Fwww.uecornella.cat%2Fca%2Fmatriculacion%2F|title:Matriculaci%C3%B3|&#8221; css=&#8221;.vc_custom_1625742871993{padding-top: 15px !important;padding-right: 25px !important;padding-bottom: 15px !important;padding-left: 25px !important;}&#8221; el_class=&#8221;lletrablanca&#8221;][\/vc_column][\/vc_row][vc_row][vc_column width=&#8221;1\/3&#8243;][\/vc_column][vc_column width=&#8221;1\/3&#8243;][vc_btn title=&#8221;TANCAR SESSI\u00d3&#8221; style=&#8221;custom&#8221; custom_background=&#8221;#228848&#8243; custom_text=&#8221;#ffffff&#8221; shape=&#8221;square&#8221; size=&#8221;lg&#8221; align=&#8221;center&#8221; link=&#8221;url:https%3A%2F%2Fwww.uecornella.cat%2Fca%2Ftancar-sessio%2F|title:Matriculaci%C3%B3|&#8221; css=&#8221;.vc_custom_1625743263766{padding-top: 15px !important;padding-right: 25px !important;padding-bottom: 15px !important;padding-left: 25px !important;}&#8221; el_class=&#8221;lletrablanca&#8221;][\/vc_column][vc_column width=&#8221;1\/3&#8243;][\/vc_column][\/vc_row]<\/p>\n<\/div>","protected":false},"excerpt":{"rendered":"<p>[vc_row][vc_column width=&#8221;1\/2&#8243;][vc_btn title=&#8221;PREINSCRIPCI\u00d3&#8221; style=&#8221;custom&#8221; custom_background=&#8221;#228848&#8243; custom_text=&#8221;#ffffff&#8221; shape=&#8221;square&#8221; size=&#8221;lg&#8221; align=&#8221;center&#8221; link=&#8221;url:https%3A%2F%2Fwww.uecornella.cat%2Fca%2Farea-privada%2F|title:%C3%80rea%20Privada|&#8221; css=&#8221;.vc_custom_1625742640358{padding-top: 15px !important;padding-right: 25px !important;padding-bottom: 15px !important;padding-left: 25px !important;}&#8221; el_class=&#8221;lletrablanca&#8221;][\/vc_column][vc_column width=&#8221;1\/2&#8243;][vc_btn title=&#8221;MATRICULACI\u00d3&#8221; style=&#8221;custom&#8221; custom_background=&#8221;#228848&#8243; custom_text=&#8221;#ffffff&#8221; shape=&#8221;square&#8221; size=&#8221;lg&#8221; align=&#8221;center&#8221; link=&#8221;url:https%3A%2F%2Fwww.uecornella.cat%2Fca%2Fmatriculacion%2F|title:Matriculaci%C3%B3|&#8221; css=&#8221;.vc_custom_1625742871993{padding-top: 15px !important;padding-right: 25px !important;padding-bottom: 15px !important;padding-left: 25px !important;}&#8221; el_class=&#8221;lletrablanca&#8221;][\/vc_column][\/vc_row][vc_row][vc_column width=&#8221;1\/3&#8243;][\/vc_column][vc_column width=&#8221;1\/3&#8243;][vc_btn title=&#8221;TANCAR SESSI\u00d3&#8221; style=&#8221;custom&#8221; custom_background=&#8221;#228848&#8243; custom_text=&#8221;#ffffff&#8221; shape=&#8221;square&#8221; size=&#8221;lg&#8221; align=&#8221;center&#8221; link=&#8221;url:https%3A%2F%2Fwww.uecornella.cat%2Fca%2Ftancar-sessio%2F|title:Matriculaci%C3%B3|&#8221; css=&#8221;.vc_custom_1625743263766{padding-top: 15px !important;padding-right: 25px !important;padding-bottom: [&hellip;]<\/p>\n","protected":false},"author":1,"featured_media":0,"parent":0,"menu_order":0,"comment_status":"closed","ping_status":"closed","template":"","meta":{"_acf_changed":false,"footnotes":""},"class_list":["post-29887","page","type-page","status-publish","hentry"],"acf":[],"yoast_head":"<!-- This site is optimized with the Yoast SEO plugin v25.8 - https:\/\/yoast.com\/wordpress\/plugins\/seo\/ -->\n<title>Dashboard - Uni\u00f3 Esportiva Cornell\u00e0<\/title>\n<meta name=\"robots\" content=\"index, follow, max-snippet:-1, max-image-preview:large, max-video-preview:-1\" \/>\n<link rel=\"canonical\" href=\"https:\/\/www.uecornella.cat\/ca\/dashboard\/\" \/>\n<meta property=\"og:locale\" content=\"ca_ES\" \/>\n<meta property=\"og:type\" content=\"article\" \/>\n<meta property=\"og:title\" content=\"Dashboard - Uni\u00f3 Esportiva Cornell\u00e0\" \/>\n<meta property=\"og:description\" content=\"[vc_row][vc_column width=&#8221;1\/2&#8243;][vc_btn title=&#8221;PREINSCRIPCI\u00d3&#8221; style=&#8221;custom&#8221; custom_background=&#8221;#228848&#8243; custom_text=&#8221;#ffffff&#8221; shape=&#8221;square&#8221; size=&#8221;lg&#8221; align=&#8221;center&#8221; link=&#8221;url:https%3A%2F%2Fwww.uecornella.cat%2Fca%2Farea-privada%2F|title:%C3%80rea%20Privada|&#8221; css=&#8221;.vc_custom_1625742640358{padding-top: 15px !important;padding-right: 25px !important;padding-bottom: 15px !important;padding-left: 25px !important;}&#8221; el_class=&#8221;lletrablanca&#8221;][\/vc_column][vc_column width=&#8221;1\/2&#8243;][vc_btn title=&#8221;MATRICULACI\u00d3&#8221; style=&#8221;custom&#8221; custom_background=&#8221;#228848&#8243; custom_text=&#8221;#ffffff&#8221; shape=&#8221;square&#8221; size=&#8221;lg&#8221; align=&#8221;center&#8221; link=&#8221;url:https%3A%2F%2Fwww.uecornella.cat%2Fca%2Fmatriculacion%2F|title:Matriculaci%C3%B3|&#8221; css=&#8221;.vc_custom_1625742871993{padding-top: 15px !important;padding-right: 25px !important;padding-bottom: 15px !important;padding-left: 25px !important;}&#8221; el_class=&#8221;lletrablanca&#8221;][\/vc_column][\/vc_row][vc_row][vc_column width=&#8221;1\/3&#8243;][\/vc_column][vc_column width=&#8221;1\/3&#8243;][vc_btn title=&#8221;TANCAR SESSI\u00d3&#8221; style=&#8221;custom&#8221; custom_background=&#8221;#228848&#8243; custom_text=&#8221;#ffffff&#8221; shape=&#8221;square&#8221; size=&#8221;lg&#8221; align=&#8221;center&#8221; link=&#8221;url:https%3A%2F%2Fwww.uecornella.cat%2Fca%2Ftancar-sessio%2F|title:Matriculaci%C3%B3|&#8221; css=&#8221;.vc_custom_1625743263766{padding-top: 15px !important;padding-right: 25px !important;padding-bottom: [&hellip;]\" \/>\n<meta property=\"og:url\" content=\"https:\/\/www.uecornella.cat\/ca\/dashboard\/\" \/>\n<meta property=\"og:site_name\" content=\"Uni\u00f3 Esportiva Cornell\u00e0\" \/>\n<meta property=\"article:publisher\" content=\"https:\/\/www.facebook.com\/UECornella?fref=ts\" \/>\n<meta property=\"article:modified_time\" content=\"2022-08-29T14:21:13+00:00\" \/>\n<meta name=\"twitter:card\" content=\"summary_large_image\" \/>\n<meta name=\"twitter:site\" content=\"@ue_cornella\" \/>\n<meta name=\"twitter:label1\" content=\"Temps estimat de lectura\" \/>\n\t<meta name=\"twitter:data1\" content=\"1 minut\" \/>\n<script type=\"application\/ld+json\" class=\"yoast-schema-graph\">{\"@context\":\"https:\/\/schema.org\",\"@graph\":[{\"@type\":\"WebPage\",\"@id\":\"https:\/\/www.uecornella.cat\/ca\/dashboard\/\",\"url\":\"https:\/\/www.uecornella.cat\/ca\/dashboard\/\",\"name\":\"Dashboard - Uni\u00f3 Esportiva Cornell\u00e0\",\"isPartOf\":{\"@id\":\"https:\/\/www.uecornella.cat\/ca\/#website\"},\"datePublished\":\"2021-07-08T11:01:12+00:00\",\"dateModified\":\"2022-08-29T14:21:13+00:00\",\"breadcrumb\":{\"@id\":\"https:\/\/www.uecornella.cat\/ca\/dashboard\/#breadcrumb\"},\"inLanguage\":\"ca\",\"potentialAction\":[{\"@type\":\"ReadAction\",\"target\":[\"https:\/\/www.uecornella.cat\/ca\/dashboard\/\"]}]},{\"@type\":\"BreadcrumbList\",\"@id\":\"https:\/\/www.uecornella.cat\/ca\/dashboard\/#breadcrumb\",\"itemListElement\":[{\"@type\":\"ListItem\",\"position\":1,\"name\":\"Portada\",\"item\":\"https:\/\/www.uecornella.cat\/ca\/\"},{\"@type\":\"ListItem\",\"position\":2,\"name\":\"Dashboard\"}]},{\"@type\":\"WebSite\",\"@id\":\"https:\/\/www.uecornella.cat\/ca\/#website\",\"url\":\"https:\/\/www.uecornella.cat\/ca\/\",\"name\":\"Uni\u00f3 Esportiva Cornell\u00e0\",\"description\":\"Escuela de f\u00fatbol y club de f\u00fatbol de Cornell\u00e0\",\"publisher\":{\"@id\":\"https:\/\/www.uecornella.cat\/ca\/#organization\"},\"potentialAction\":[{\"@type\":\"SearchAction\",\"target\":{\"@type\":\"EntryPoint\",\"urlTemplate\":\"https:\/\/www.uecornella.cat\/ca\/?s={search_term_string}\"},\"query-input\":{\"@type\":\"PropertyValueSpecification\",\"valueRequired\":true,\"valueName\":\"search_term_string\"}}],\"inLanguage\":\"ca\"},{\"@type\":\"Organization\",\"@id\":\"https:\/\/www.uecornella.cat\/ca\/#organization\",\"name\":\"Uni\u00f3 Esportiva Cornell\u00e0\",\"url\":\"https:\/\/www.uecornella.cat\/ca\/\",\"logo\":{\"@type\":\"ImageObject\",\"inLanguage\":\"ca\",\"@id\":\"https:\/\/www.uecornella.cat\/ca\/#\/schema\/logo\/image\/\",\"url\":\"https:\/\/www.uecornella.cat\/wp-content\/uploads\/2022\/01\/apple-icon-144x144-1.png\",\"contentUrl\":\"https:\/\/www.uecornella.cat\/wp-content\/uploads\/2022\/01\/apple-icon-144x144-1.png\",\"width\":144,\"height\":144,\"caption\":\"Uni\u00f3 Esportiva Cornell\u00e0\"},\"image\":{\"@id\":\"https:\/\/www.uecornella.cat\/ca\/#\/schema\/logo\/image\/\"},\"sameAs\":[\"https:\/\/www.facebook.com\/UECornella?fref=ts\",\"https:\/\/x.com\/ue_cornella\",\"http:\/\/instagram.com\/uecornella\",\"https:\/\/www.youtube.com\/channel\/UCcwgya5MdVvxRn_MeD6A0vg\"]}]}<\/script>\n<!-- \/ Yoast SEO plugin. -->","yoast_head_json":{"title":"Dashboard - Uni\u00f3 Esportiva Cornell\u00e0","robots":{"index":"index","follow":"follow","max-snippet":"max-snippet:-1","max-image-preview":"max-image-preview:large","max-video-preview":"max-video-preview:-1"},"canonical":"https:\/\/www.uecornella.cat\/ca\/dashboard\/","og_locale":"ca_ES","og_type":"article","og_title":"Dashboard - Uni\u00f3 Esportiva Cornell\u00e0","og_description":"[vc_row][vc_column width=&#8221;1\/2&#8243;][vc_btn title=&#8221;PREINSCRIPCI\u00d3&#8221; style=&#8221;custom&#8221; custom_background=&#8221;#228848&#8243; custom_text=&#8221;#ffffff&#8221; shape=&#8221;square&#8221; size=&#8221;lg&#8221; align=&#8221;center&#8221; link=&#8221;url:https%3A%2F%2Fwww.uecornella.cat%2Fca%2Farea-privada%2F|title:%C3%80rea%20Privada|&#8221; css=&#8221;.vc_custom_1625742640358{padding-top: 15px !important;padding-right: 25px !important;padding-bottom: 15px !important;padding-left: 25px !important;}&#8221; el_class=&#8221;lletrablanca&#8221;][\/vc_column][vc_column width=&#8221;1\/2&#8243;][vc_btn title=&#8221;MATRICULACI\u00d3&#8221; style=&#8221;custom&#8221; custom_background=&#8221;#228848&#8243; custom_text=&#8221;#ffffff&#8221; shape=&#8221;square&#8221; size=&#8221;lg&#8221; align=&#8221;center&#8221; link=&#8221;url:https%3A%2F%2Fwww.uecornella.cat%2Fca%2Fmatriculacion%2F|title:Matriculaci%C3%B3|&#8221; css=&#8221;.vc_custom_1625742871993{padding-top: 15px !important;padding-right: 25px !important;padding-bottom: 15px !important;padding-left: 25px !important;}&#8221; el_class=&#8221;lletrablanca&#8221;][\/vc_column][\/vc_row][vc_row][vc_column width=&#8221;1\/3&#8243;][\/vc_column][vc_column width=&#8221;1\/3&#8243;][vc_btn title=&#8221;TANCAR SESSI\u00d3&#8221; style=&#8221;custom&#8221; custom_background=&#8221;#228848&#8243; custom_text=&#8221;#ffffff&#8221; shape=&#8221;square&#8221; size=&#8221;lg&#8221; align=&#8221;center&#8221; link=&#8221;url:https%3A%2F%2Fwww.uecornella.cat%2Fca%2Ftancar-sessio%2F|title:Matriculaci%C3%B3|&#8221; css=&#8221;.vc_custom_1625743263766{padding-top: 15px !important;padding-right: 25px !important;padding-bottom: [&hellip;]","og_url":"https:\/\/www.uecornella.cat\/ca\/dashboard\/","og_site_name":"Uni\u00f3 Esportiva Cornell\u00e0","article_publisher":"https:\/\/www.facebook.com\/UECornella?fref=ts","article_modified_time":"2022-08-29T14:21:13+00:00","twitter_card":"summary_large_image","twitter_site":"@ue_cornella","twitter_misc":{"Temps estimat de lectura":"1 minut"},"schema":{"@context":"https:\/\/schema.org","@graph":[{"@type":"WebPage","@id":"https:\/\/www.uecornella.cat\/ca\/dashboard\/","url":"https:\/\/www.uecornella.cat\/ca\/dashboard\/","name":"Dashboard - Uni\u00f3 Esportiva Cornell\u00e0","isPartOf":{"@id":"https:\/\/www.uecornella.cat\/ca\/#website"},"datePublished":"2021-07-08T11:01:12+00:00","dateModified":"2022-08-29T14:21:13+00:00","breadcrumb":{"@id":"https:\/\/www.uecornella.cat\/ca\/dashboard\/#breadcrumb"},"inLanguage":"ca","potentialAction":[{"@type":"ReadAction","target":["https:\/\/www.uecornella.cat\/ca\/dashboard\/"]}]},{"@type":"BreadcrumbList","@id":"https:\/\/www.uecornella.cat\/ca\/dashboard\/#breadcrumb","itemListElement":[{"@type":"ListItem","position":1,"name":"Portada","item":"https:\/\/www.uecornella.cat\/ca\/"},{"@type":"ListItem","position":2,"name":"Dashboard"}]},{"@type":"WebSite","@id":"https:\/\/www.uecornella.cat\/ca\/#website","url":"https:\/\/www.uecornella.cat\/ca\/","name":"Uni\u00f3 Esportiva Cornell\u00e0","description":"Escuela de f\u00fatbol y club de f\u00fatbol de Cornell\u00e0","publisher":{"@id":"https:\/\/www.uecornella.cat\/ca\/#organization"},"potentialAction":[{"@type":"SearchAction","target":{"@type":"EntryPoint","urlTemplate":"https:\/\/www.uecornella.cat\/ca\/?s={search_term_string}"},"query-input":{"@type":"PropertyValueSpecification","valueRequired":true,"valueName":"search_term_string"}}],"inLanguage":"ca"},{"@type":"Organization","@id":"https:\/\/www.uecornella.cat\/ca\/#organization","name":"Uni\u00f3 Esportiva Cornell\u00e0","url":"https:\/\/www.uecornella.cat\/ca\/","logo":{"@type":"ImageObject","inLanguage":"ca","@id":"https:\/\/www.uecornella.cat\/ca\/#\/schema\/logo\/image\/","url":"https:\/\/www.uecornella.cat\/wp-content\/uploads\/2022\/01\/apple-icon-144x144-1.png","contentUrl":"https:\/\/www.uecornella.cat\/wp-content\/uploads\/2022\/01\/apple-icon-144x144-1.png","width":144,"height":144,"caption":"Uni\u00f3 Esportiva Cornell\u00e0"},"image":{"@id":"https:\/\/www.uecornella.cat\/ca\/#\/schema\/logo\/image\/"},"sameAs":["https:\/\/www.facebook.com\/UECornella?fref=ts","https:\/\/x.com\/ue_cornella","http:\/\/instagram.com\/uecornella","https:\/\/www.youtube.com\/channel\/UCcwgya5MdVvxRn_MeD6A0vg"]}]}},"_links":{"self":[{"href":"https:\/\/www.uecornella.cat\/ca\/wp-json\/wp\/v2\/pages\/29887","targetHints":{"allow":["GET"]}}],"collection":[{"href":"https:\/\/www.uecornella.cat\/ca\/wp-json\/wp\/v2\/pages"}],"about":[{"href":"https:\/\/www.uecornella.cat\/ca\/wp-json\/wp\/v2\/types\/page"}],"author":[{"embeddable":true,"href":"https:\/\/www.uecornella.cat\/ca\/wp-json\/wp\/v2\/users\/1"}],"replies":[{"embeddable":true,"href":"https:\/\/www.uecornella.cat\/ca\/wp-json\/wp\/v2\/comments?post=29887"}],"version-history":[{"count":3,"href":"https:\/\/www.uecornella.cat\/ca\/wp-json\/wp\/v2\/pages\/29887\/revisions"}],"predecessor-version":[{"id":32654,"href":"https:\/\/www.uecornella.cat\/ca\/wp-json\/wp\/v2\/pages\/29887\/revisions\/32654"}],"wp:attachment":[{"href":"https:\/\/www.uecornella.cat\/ca\/wp-json\/wp\/v2\/media?parent=29887"}],"curies":[{"name":"wp","href":"https:\/\/api.w.org\/{rel}","templated":true}]}}