{"id":15557,"date":"2020-03-03T18:56:06","date_gmt":"2020-03-03T18:56:06","guid":{"rendered":"https:\/\/www.uecornella.cat\/politica-de-cookies\/"},"modified":"2020-03-03T18:56:06","modified_gmt":"2020-03-03T18:56:06","slug":"politica-de-cookies","status":"publish","type":"page","link":"https:\/\/www.uecornella.cat\/ca\/politica-de-cookies\/","title":{"rendered":"Pol\u00edtica de cookies"},"content":{"rendered":"<ol>\n<li><strong><u>\u00bfQUE SON LAS COOKIES?<\/u><\/strong><\/li>\n<\/ol>\n<p>Las cookies son peque\u00f1os archivos de datos que se reciben en el terminal desde el sitio web visitado y se usan para registrar ciertas interacciones de la navegaci\u00f3n en un sitio web almacenando datos que podr\u00e1n ser actualizados y recuperados. Estos archivos se almacenan en el ordenador del usuario y contiene datos an\u00f3nimos que no son perjudiciales para su equipo. Se utilizan para recordar las preferencias del usuario, como el idioma seleccionado, datos de acceso o personalizaci\u00f3n de la p\u00e1gina.<\/p>\n<p>Las cookies tambi\u00e9n pueden ser utilizadas para registrar informaci\u00f3n an\u00f3nima sobre c\u00f3mo un visitante utiliza un sitio. Por ejemplo, desde qu\u00e9 p\u00e1gina web ha accedido, o si ha utilizado un &#8220;banner&#8221; publicitario para llegar.<\/p>\n<p>&nbsp;<\/p>\n<ol start=\"2\">\n<li><strong><u>\u00bfPOR QUE UTILIZAMOS COOKIES?<\/u><\/strong><\/li>\n<\/ol>\n<p><strong><em>UE CORNELLA,<\/em><\/strong> utiliza cookies estrictamente necesarias y esenciales para que utilice nuestros sitios web y le permitan moverse libremente, utilizar \u00e1reas seguras, opciones personalizadas, etc. Adem\u00e1s,<strong><em> UE CORNELLA, \u00a0<\/em><\/strong>utiliza cookies que recogen datos relativos al an\u00e1lisis de uso de la web. Estas se utilizan para ayudar a mejorar el servicio al cliente, midiendo el uso y el rendimiento de la p\u00e1gina, para optimizarla y personalizarla.<\/p>\n<p>Nuestros sitios tambi\u00e9n pueden tener enlaces de redes sociales (como Facebook o Twitter).<strong><em> UE CORNELLA, <\/em><\/strong><strong><em>\u00a0<\/em><\/strong>no controla las cookies utilizadas por estas webs externas. Para m\u00e1s informaci\u00f3n sobre las cookies de las redes sociales u otras Webs ajenas, aconsejamos revisar sus propias pol\u00edticas de cookies.<\/p>\n<p>Este sitio web utiliza &#8220;cookies&#8221; de la siguiente manera:<\/p>\n<ul>\n<li>Cookie de Google ANALYTICS: Google ANALYTICS es un servicio gratuito que ofrece Google Inc. y que recoge informaci\u00f3n sobre las p\u00e1ginas de la web consultada, a qu\u00e9 hora, qu\u00e9 navegador Web, etc. Posteriormente, esta informaci\u00f3n se env\u00eda a los servidores de Google Inc. en Estados Unidos.<\/li>\n<li>Cookies de aplicaci\u00f3n &#8220;Add-this&#8221;: Add-this es un servicio gratuito que le permite compartir p\u00e1ginas de este sitio web por diferentes medios (correo electr\u00f3nico, redes sociales, etc.). Add-his recoge informaci\u00f3n estad\u00edstica de su navegaci\u00f3n para proporcionar publicidad adaptada a sus h\u00e1bitos de navegaci\u00f3n en este sitio web o en cualquier otro lugar.<\/li>\n<\/ul>\n<p>&nbsp;<\/p>\n<ol start=\"3\">\n<li><strong><u>\u00bfQUE USO LE DAMOS A LOS DIFERENTES TIPOS DE COOKIES?<\/u><\/strong><\/li>\n<\/ol>\n<p><strong>Seg\u00fan su finalidad:<\/strong><\/p>\n<ul>\n<li>Cookies t\u00e9cnicas: Las cookies t\u00e9cnicas son aquellas imprescindibles y estrictamente necesarias para el correcto funcionamiento de un portal web y la utilizaci\u00f3n de las diferentes opciones y servicios que ofrece. Por ejemplo, las que sirven para el mantenimiento de la sesi\u00f3n, la gesti\u00f3n del tiempo de respuesta, rendimiento o validaci\u00f3n de opciones, utilizar elementos de seguridad, compartir contenido con redes sociales, etc.<\/li>\n<li>Cookies de personalizaci\u00f3n: Estas cookies permiten al usuario especificar o personalizar algunas caracter\u00edsticas de las opciones generales de la p\u00e1gina web, por ejemplo, definir el idioma, configuraci\u00f3n regional o tipo de navegador.<\/li>\n<li>Cookies anal\u00edticas: Las cookies anal\u00edticas son las utilizadas por nuestro portal web, para elaborar perfiles navegaci\u00f3n y poder conocer las preferencias de los usuarios del mismo con el fin de mejorar la oferta de productos y servicios. Por ejemplo, mediante una cookie anal\u00edtica se controlar\u00edan las \u00e1reas geogr\u00e1ficas de mayor inter\u00e9s de un usuario, cu\u00e1l es el producto de m\u00e1s aceptaci\u00f3n, etc.<\/li>\n<li>Cookies publicitarias\/de publicidad: Las cookies publicitarias permiten la gesti\u00f3n de los espacios publicitarios en base a criterios concretos. Por ejemplo, la frecuencia de acceso, el contenido editado, etc. Las cookies de publicidad permiten a trav\u00e9s de la gesti\u00f3n de la publicidad almacenar informaci\u00f3n del comportamiento a trav\u00e9s de la observaci\u00f3n de h\u00e1bitos, estudiando los accesos y formando un perfil de preferencias del usuario, para ofrecer publicidad relacionada con los intereses de su perfil.<\/li>\n<\/ul>\n<p><strong>Seg\u00fan plazo:<\/strong><\/p>\n<ul>\n<li>Cookies de sesi\u00f3n: Las cookies de sesi\u00f3n son aquellas que duran el tiempo que el usuario est\u00e1 navegando por la p\u00e1gina web y se borran al t\u00e9rmino.<\/li>\n<li>Cookies persistentes: Estas cookies quedan almacenadas en el terminal del usuario, por un tiempo m\u00e1s largo, facilitando as\u00ed el control de las preferencias elegidas sin tener que repetir ciertos par\u00e1metros cada vez que se visite el sitio web.<\/li>\n<\/ul>\n<p><strong><u>COOKIES PROPIAS EN USO:<\/u><\/strong><\/p>\n<p><strong>Se han permitido las siguientes cookies al visitar esta p\u00e1gina<\/strong>:<\/p>\n<table>\n<tbody>\n<tr>\n<td width=\"114\"><strong>\u00a0<\/strong><\/p>\n<p><strong>DOMINIO<\/strong><\/td>\n<td width=\"157\">&nbsp;<\/p>\n<p><strong>COOKIE<\/strong><\/td>\n<td width=\"102\">&nbsp;<\/p>\n<p><strong>EMPRESA<\/strong><\/td>\n<td width=\"100\">&nbsp;<\/p>\n<p><strong>FUNCI\u00d3N<\/strong><\/td>\n<td width=\"108\">&nbsp;<\/p>\n<p><strong>CADUCIDAD<\/strong><\/td>\n<\/tr>\n<tr>\n<td rowspan=\"3\" width=\"114\"><strong>uecornella.cat<\/strong><\/td>\n<td width=\"157\">_ga<\/p>\n<p>&nbsp;<\/td>\n<td width=\"102\">Google<\/td>\n<td width=\"100\">Distiguir usuarios<\/td>\n<td width=\"108\">2 a\u00f1os<\/td>\n<\/tr>\n<tr>\n<td width=\"157\">_gat<\/td>\n<td width=\"102\">Google<\/td>\n<td width=\"100\">Limitar solicitudes<\/td>\n<td width=\"108\">1 minuto<\/td>\n<\/tr>\n<tr>\n<td width=\"157\">_git<\/td>\n<td width=\"102\">Google<\/td>\n<td width=\"100\">Distinguir usuarios<\/td>\n<td width=\"108\">24 horas<\/td>\n<\/tr>\n<tr>\n<td width=\"114\"><strong>\u00a0<\/strong><\/td>\n<td width=\"157\">PHPSESSID<\/td>\n<td width=\"102\">Google<\/td>\n<td width=\"100\">T\u00e9cnica<\/td>\n<td width=\"108\">Al finalizar sesi\u00f3n<\/td>\n<\/tr>\n<\/tbody>\n<\/table>\n<ol start=\"4\">\n<li><strong><u>\u00bfPOR QU\u00c9 NECESITAMOS SU CONSENTIMIENTO EXPL\u00cdCITO PARA UTILIZARLAS?<\/u><\/strong><\/li>\n<\/ol>\n<ul>\n<li><strong><u>Sentencia de la Gran Sala del Tribunal de Justicia de la Uni\u00f3n Europea, de 1 de octubre de 2019<\/u><\/strong><\/li>\n<\/ul>\n<p>La sentencia de la Gran Sala del Tribunal de Justicia de la Uni\u00f3n Europea, del d\u00eda 1 de octubre de 2019, debe interpretarse en el sentido de que el consentimiento no se presta de manera v\u00e1lida cuando el almacenamiento de informaci\u00f3n, o el acceso a la informaci\u00f3n ya almacenada en el equipo terminal del usuario de un sitio web de internet, a trav\u00e9s de cookies se autoriza mediante una casilla marcada por defecto de la que el usuario tiene que retirar la marca en caso que quiera rechazar su uso. En este sentido, la autorizaci\u00f3n debe basarse en una <strong>aceptaci\u00f3n<\/strong> expl\u00edcita o bien un <strong>rechazo<\/strong> igual por parte del usuario.<\/p>\n<p>Esta interpretaci\u00f3n no puede variar en funci\u00f3n de si la informaci\u00f3n almacenada o consultada en el terminal del usuario de un sitio de internet conste o no de datos de car\u00e1cter personal.<\/p>\n<p>La Gran Sala del Tribunal de Justicia de la Uni\u00f3n Europea tambi\u00e9n dispone en esta sentencia que la informaci\u00f3n que el proveedor de servicios debe facilitar al usuario de un sitio web de internet tiene que incluir el tiempo en que les cookies permanecer\u00e1n activas y la posibilidad de que terceros puedan acceder a la informaci\u00f3n que \u00e9stas almacenan. Este requisito lo establece la versi\u00f3n modificada por la Directiva 2009\/136, que modifica el art\u00edculo 5, apartado 3, de la Directiva 2002\/58\/UE.<\/p>\n<p>En relaci\u00f3n a la posibilidad de que el usuario pueda rechazar el uso de las cookies, hay que tener en cuenta que si rechaza o borra las cookies de navegaci\u00f3n por la Web, no podremos mantener sus preferencias, algunas caracter\u00edsticas de les p\u00e1ginas no estar\u00e1n operativas, no podremos ofrecerle servicios personalizados y cada vez que vaya a navegar por nuestra web tendremos que solicitarle de nuevo su autorizaci\u00f3n para el uso de cookies.<\/p>\n<p>Si aun as\u00ed, decide modificar la configuraci\u00f3n de su acceso a la p\u00e1gina web, debe saber que es posible eliminar las cookies o impedir que se registre esta informaci\u00f3n en su equipo en cualquier momento mediante la modificaci\u00f3n de los par\u00e1metros de configuraci\u00f3n de su navegador:<\/p>\n<ul>\n<li><a href=\"https:\/\/support.microsoft.com\/es-es\/help\/17442\/windows-internet-explorer-delete-manage-cookies\">Configuraci\u00f3n de cookies de Internet Explorer.<\/a><\/li>\n<li><a href=\"https:\/\/support.mozilla.org\/es\/kb\/habilitar-y-deshabilitar-cookies-sitios-web-rastrear-preferencias\">Configuraci\u00f3n de cookies de Firefox.<\/a><\/li>\n<li><a href=\"https:\/\/support.google.com\/chrome\/answer\/95647?co=GENIE.Platform%3DDesktop&amp;hl=es-419\">Configuraci\u00f3n de cookies de Google Chrome.<\/a><\/li>\n<li><a href=\"https:\/\/support.apple.com\/es-es\/guide\/safari\/sfri11471\/mac\">Configuraci\u00f3n de cookies de Safari.<\/a><\/li>\n<\/ul>\n<p>Estos navegadores est\u00e1n sometidos a cambios o modificaciones, por lo que no podemos garantizar que se ajusten completamente a la versi\u00f3n de su navegador. Tambi\u00e9n puede ser que utilice otro navegador no contemplado en estos enlaces como Konqueror, Arora, Flock, etc. Para evitar estos desajustes, puede acceder directamente desde las opciones de su navegador que se encuentra generalmente en el men\u00fa de Opciones, en la secci\u00f3n de &#8220;Privacidad&#8221;. (Por favor, consulte la ayuda de su navegador para m\u00e1s informaci\u00f3n.)<\/p>\n<ol start=\"5\">\n<li><strong><u>\u00bfDONDE PUEDO OBTENER M\u00c1S INFORMACION?<\/u><\/strong><\/li>\n<\/ol>\n<p>Puedes encontrar m\u00e1s informaci\u00f3n sobre cookies en:<\/p>\n<p>www.allaboutcookies.org o www.youronlinechoices.eu.<\/p>\n","protected":false},"excerpt":{"rendered":"<p>\u00bfQUE SON LAS COOKIES? Las cookies son peque\u00f1os archivos de datos que se reciben en el terminal desde el sitio web visitado y se usan para registrar ciertas interacciones de la navegaci\u00f3n en un sitio web almacenando datos que podr\u00e1n ser actualizados y recuperados. Estos archivos se almacenan en el ordenador del usuario y contiene [&hellip;]<\/p>\n","protected":false},"author":1,"featured_media":0,"parent":0,"menu_order":0,"comment_status":"closed","ping_status":"closed","template":"","meta":{"_acf_changed":false,"footnotes":""},"class_list":["post-15557","page","type-page","status-publish","hentry"],"acf":[],"yoast_head":"<!-- This site is optimized with the Yoast SEO plugin v25.8 - https:\/\/yoast.com\/wordpress\/plugins\/seo\/ -->\n<title>Pol\u00edtica de cookies - Uni\u00f3 Esportiva Cornell\u00e0<\/title>\n<meta name=\"robots\" content=\"index, follow, max-snippet:-1, max-image-preview:large, max-video-preview:-1\" \/>\n<link rel=\"canonical\" href=\"https:\/\/www.uecornella.cat\/ca\/politica-de-cookies\/\" \/>\n<meta property=\"og:locale\" content=\"ca_ES\" \/>\n<meta property=\"og:type\" content=\"article\" \/>\n<meta property=\"og:title\" content=\"Pol\u00edtica de cookies - Uni\u00f3 Esportiva Cornell\u00e0\" \/>\n<meta property=\"og:description\" content=\"\u00bfQUE SON LAS COOKIES? Las cookies son peque\u00f1os archivos de datos que se reciben en el terminal desde el sitio web visitado y se usan para registrar ciertas interacciones de la navegaci\u00f3n en un sitio web almacenando datos que podr\u00e1n ser actualizados y recuperados. Estos archivos se almacenan en el ordenador del usuario y contiene [&hellip;]\" \/>\n<meta property=\"og:url\" content=\"https:\/\/www.uecornella.cat\/ca\/politica-de-cookies\/\" \/>\n<meta property=\"og:site_name\" content=\"Uni\u00f3 Esportiva Cornell\u00e0\" \/>\n<meta property=\"article:publisher\" content=\"https:\/\/www.facebook.com\/UECornella?fref=ts\" \/>\n<meta name=\"twitter:card\" content=\"summary_large_image\" \/>\n<meta name=\"twitter:site\" content=\"@ue_cornella\" \/>\n<meta name=\"twitter:label1\" content=\"Temps estimat de lectura\" \/>\n\t<meta name=\"twitter:data1\" content=\"6 minuts\" \/>\n<script type=\"application\/ld+json\" class=\"yoast-schema-graph\">{\"@context\":\"https:\/\/schema.org\",\"@graph\":[{\"@type\":\"WebPage\",\"@id\":\"https:\/\/www.uecornella.cat\/ca\/politica-de-cookies\/\",\"url\":\"https:\/\/www.uecornella.cat\/ca\/politica-de-cookies\/\",\"name\":\"Pol\u00edtica de cookies - Uni\u00f3 Esportiva Cornell\u00e0\",\"isPartOf\":{\"@id\":\"https:\/\/www.uecornella.cat\/ca\/#website\"},\"datePublished\":\"2020-03-03T18:56:06+00:00\",\"breadcrumb\":{\"@id\":\"https:\/\/www.uecornella.cat\/ca\/politica-de-cookies\/#breadcrumb\"},\"inLanguage\":\"ca\",\"potentialAction\":[{\"@type\":\"ReadAction\",\"target\":[\"https:\/\/www.uecornella.cat\/ca\/politica-de-cookies\/\"]}]},{\"@type\":\"BreadcrumbList\",\"@id\":\"https:\/\/www.uecornella.cat\/ca\/politica-de-cookies\/#breadcrumb\",\"itemListElement\":[{\"@type\":\"ListItem\",\"position\":1,\"name\":\"Portada\",\"item\":\"https:\/\/www.uecornella.cat\/ca\/\"},{\"@type\":\"ListItem\",\"position\":2,\"name\":\"Pol\u00edtica de cookies\"}]},{\"@type\":\"WebSite\",\"@id\":\"https:\/\/www.uecornella.cat\/ca\/#website\",\"url\":\"https:\/\/www.uecornella.cat\/ca\/\",\"name\":\"Uni\u00f3 Esportiva Cornell\u00e0\",\"description\":\"Escuela de f\u00fatbol y club de f\u00fatbol de Cornell\u00e0\",\"publisher\":{\"@id\":\"https:\/\/www.uecornella.cat\/ca\/#organization\"},\"potentialAction\":[{\"@type\":\"SearchAction\",\"target\":{\"@type\":\"EntryPoint\",\"urlTemplate\":\"https:\/\/www.uecornella.cat\/ca\/?s={search_term_string}\"},\"query-input\":{\"@type\":\"PropertyValueSpecification\",\"valueRequired\":true,\"valueName\":\"search_term_string\"}}],\"inLanguage\":\"ca\"},{\"@type\":\"Organization\",\"@id\":\"https:\/\/www.uecornella.cat\/ca\/#organization\",\"name\":\"Uni\u00f3 Esportiva Cornell\u00e0\",\"url\":\"https:\/\/www.uecornella.cat\/ca\/\",\"logo\":{\"@type\":\"ImageObject\",\"inLanguage\":\"ca\",\"@id\":\"https:\/\/www.uecornella.cat\/ca\/#\/schema\/logo\/image\/\",\"url\":\"https:\/\/www.uecornella.cat\/wp-content\/uploads\/2022\/01\/apple-icon-144x144-1.png\",\"contentUrl\":\"https:\/\/www.uecornella.cat\/wp-content\/uploads\/2022\/01\/apple-icon-144x144-1.png\",\"width\":144,\"height\":144,\"caption\":\"Uni\u00f3 Esportiva Cornell\u00e0\"},\"image\":{\"@id\":\"https:\/\/www.uecornella.cat\/ca\/#\/schema\/logo\/image\/\"},\"sameAs\":[\"https:\/\/www.facebook.com\/UECornella?fref=ts\",\"https:\/\/x.com\/ue_cornella\",\"http:\/\/instagram.com\/uecornella\",\"https:\/\/www.youtube.com\/channel\/UCcwgya5MdVvxRn_MeD6A0vg\"]}]}<\/script>\n<!-- \/ Yoast SEO plugin. -->","yoast_head_json":{"title":"Pol\u00edtica de cookies - Uni\u00f3 Esportiva Cornell\u00e0","robots":{"index":"index","follow":"follow","max-snippet":"max-snippet:-1","max-image-preview":"max-image-preview:large","max-video-preview":"max-video-preview:-1"},"canonical":"https:\/\/www.uecornella.cat\/ca\/politica-de-cookies\/","og_locale":"ca_ES","og_type":"article","og_title":"Pol\u00edtica de cookies - Uni\u00f3 Esportiva Cornell\u00e0","og_description":"\u00bfQUE SON LAS COOKIES? Las cookies son peque\u00f1os archivos de datos que se reciben en el terminal desde el sitio web visitado y se usan para registrar ciertas interacciones de la navegaci\u00f3n en un sitio web almacenando datos que podr\u00e1n ser actualizados y recuperados. Estos archivos se almacenan en el ordenador del usuario y contiene [&hellip;]","og_url":"https:\/\/www.uecornella.cat\/ca\/politica-de-cookies\/","og_site_name":"Uni\u00f3 Esportiva Cornell\u00e0","article_publisher":"https:\/\/www.facebook.com\/UECornella?fref=ts","twitter_card":"summary_large_image","twitter_site":"@ue_cornella","twitter_misc":{"Temps estimat de lectura":"6 minuts"},"schema":{"@context":"https:\/\/schema.org","@graph":[{"@type":"WebPage","@id":"https:\/\/www.uecornella.cat\/ca\/politica-de-cookies\/","url":"https:\/\/www.uecornella.cat\/ca\/politica-de-cookies\/","name":"Pol\u00edtica de cookies - Uni\u00f3 Esportiva Cornell\u00e0","isPartOf":{"@id":"https:\/\/www.uecornella.cat\/ca\/#website"},"datePublished":"2020-03-03T18:56:06+00:00","breadcrumb":{"@id":"https:\/\/www.uecornella.cat\/ca\/politica-de-cookies\/#breadcrumb"},"inLanguage":"ca","potentialAction":[{"@type":"ReadAction","target":["https:\/\/www.uecornella.cat\/ca\/politica-de-cookies\/"]}]},{"@type":"BreadcrumbList","@id":"https:\/\/www.uecornella.cat\/ca\/politica-de-cookies\/#breadcrumb","itemListElement":[{"@type":"ListItem","position":1,"name":"Portada","item":"https:\/\/www.uecornella.cat\/ca\/"},{"@type":"ListItem","position":2,"name":"Pol\u00edtica de cookies"}]},{"@type":"WebSite","@id":"https:\/\/www.uecornella.cat\/ca\/#website","url":"https:\/\/www.uecornella.cat\/ca\/","name":"Uni\u00f3 Esportiva Cornell\u00e0","description":"Escuela de f\u00fatbol y club de f\u00fatbol de Cornell\u00e0","publisher":{"@id":"https:\/\/www.uecornella.cat\/ca\/#organization"},"potentialAction":[{"@type":"SearchAction","target":{"@type":"EntryPoint","urlTemplate":"https:\/\/www.uecornella.cat\/ca\/?s={search_term_string}"},"query-input":{"@type":"PropertyValueSpecification","valueRequired":true,"valueName":"search_term_string"}}],"inLanguage":"ca"},{"@type":"Organization","@id":"https:\/\/www.uecornella.cat\/ca\/#organization","name":"Uni\u00f3 Esportiva Cornell\u00e0","url":"https:\/\/www.uecornella.cat\/ca\/","logo":{"@type":"ImageObject","inLanguage":"ca","@id":"https:\/\/www.uecornella.cat\/ca\/#\/schema\/logo\/image\/","url":"https:\/\/www.uecornella.cat\/wp-content\/uploads\/2022\/01\/apple-icon-144x144-1.png","contentUrl":"https:\/\/www.uecornella.cat\/wp-content\/uploads\/2022\/01\/apple-icon-144x144-1.png","width":144,"height":144,"caption":"Uni\u00f3 Esportiva Cornell\u00e0"},"image":{"@id":"https:\/\/www.uecornella.cat\/ca\/#\/schema\/logo\/image\/"},"sameAs":["https:\/\/www.facebook.com\/UECornella?fref=ts","https:\/\/x.com\/ue_cornella","http:\/\/instagram.com\/uecornella","https:\/\/www.youtube.com\/channel\/UCcwgya5MdVvxRn_MeD6A0vg"]}]}},"_links":{"self":[{"href":"https:\/\/www.uecornella.cat\/ca\/wp-json\/wp\/v2\/pages\/15557","targetHints":{"allow":["GET"]}}],"collection":[{"href":"https:\/\/www.uecornella.cat\/ca\/wp-json\/wp\/v2\/pages"}],"about":[{"href":"https:\/\/www.uecornella.cat\/ca\/wp-json\/wp\/v2\/types\/page"}],"author":[{"embeddable":true,"href":"https:\/\/www.uecornella.cat\/ca\/wp-json\/wp\/v2\/users\/1"}],"replies":[{"embeddable":true,"href":"https:\/\/www.uecornella.cat\/ca\/wp-json\/wp\/v2\/comments?post=15557"}],"version-history":[{"count":0,"href":"https:\/\/www.uecornella.cat\/ca\/wp-json\/wp\/v2\/pages\/15557\/revisions"}],"wp:attachment":[{"href":"https:\/\/www.uecornella.cat\/ca\/wp-json\/wp\/v2\/media?parent=15557"}],"curies":[{"name":"wp","href":"https:\/\/api.w.org\/{rel}","templated":true}]}}